{"id":108,"date":"2015-07-31T09:39:42","date_gmt":"2015-07-31T07:39:42","guid":{"rendered":"http:\/\/osmirna.splet.arnes.si\/?page_id=108"},"modified":"2025-05-27T07:23:49","modified_gmt":"2025-05-27T05:23:49","slug":"svet-starsev","status":"publish","type":"page","link":"https:\/\/osmirna.splet.arnes.si\/?page_id=108","title":{"rendered":"Svet star\u0161ev"},"content":{"rendered":"<p><span style=\"color: #000000\">Zapisniki sej sveta star\u0161ev:<\/span><\/p>\n<p><span style=\"color: #0000ff\"><a style=\"color: #0000ff\" href=\"https:\/\/osmirna.splet.arnes.si\/files\/2025\/05\/Zapisnik-1.-seje-SZ-MIRNA_28.9.2023_word.docx\">Zapisnik-1.-seje-\u0160Z MIRNA_28.9.2023_word<\/a><\/span><\/p>\n<p><span style=\"color: #0000ff\"><a style=\"color: #0000ff\" href=\"https:\/\/osmirna.splet.arnes.si\/files\/2025\/05\/Zapisnik-2.-seje-SZ-MIRNA_12.6.2024_word.docx\">Zapisnik-2.-seje-\u0160Z MIRNA_12.6.2024_word<\/a><\/span><\/p>\n<p><span style=\"color: #0000ff\"><a style=\"color: #0000ff\" href=\"https:\/\/osmirna.splet.arnes.si\/files\/2025\/05\/Zapisnik-1.-seje-SZ-MIRNA_26.9.2024_word.docx\">Zapisnik-1.-seje-\u0160Z MIRNA_26.9.2024_word<\/a><\/span><\/p>\n<p><span style=\"color: #0000ff\"><a style=\"color: #0000ff\" href=\"https:\/\/osmirna.splet.arnes.si\/files\/2022\/10\/Zapisnik-1.-seje-SS-z-dne28.9.2022.pdf\">Zapisnik 1. seje sveta star\u0161ev z dne 28.9.2022<\/a><\/span><\/p>\n<p><span style=\"color: #0000ff\"><a style=\"color: #0000ff\" href=\"http:\/\/osmirna.splet.arnes.si\/files\/2015\/07\/Zapisnik-1.-seje-S\u0160-30.9.2019.pdf\">Zapisnik 1. seje sveta star\u0161ev (30.9.2019)<\/a><\/span><\/p>\n<p><span style=\"color: #0000ff\"><a style=\"color: #0000ff\" href=\"http:\/\/osmirna.splet.arnes.si\/files\/2015\/07\/SKM_364e19070113370.pdf\">Zapisnik (10.6.19)<\/a><\/span><\/p>\n<p><span style=\"color: #0000ff\"><a style=\"color: #0000ff\" href=\"http:\/\/osmirna.splet.arnes.si\/files\/2015\/07\/Zapisnik_SS_3_12_18.pdf\">Zapisnik_seje sveta star\u0161ev (3.12.18)<\/a><\/span><\/p>\n<p><span style=\"color: #0000ff\"><a style=\"color: #0000ff\" href=\"http:\/\/osmirna.splet.arnes.si\/files\/2015\/07\/ZAPISNIK-DRUGE-KORESPONDEN\u010cNE-SEJE-SVETA-STAR\u0160EV.pdf\">ZAPISNIK DRUGE KORESPONDEN\u010cNE SEJE SVETA STAR\u0160EV (20.6.2018)<\/a><\/span><\/p>\n<p><span style=\"color: #0000ff\"><a style=\"color: #0000ff\" href=\"http:\/\/osmirna.splet.arnes.si\/files\/2015\/07\/Zapisnik-izredne-seje-sveta-star\u0161ev-26.-3.-2018.pdf\">Zapisnik izredne seje sveta star\u0161ev (26. 3. 2018)<\/a><\/span><\/p>\n<p><span style=\"color: #0000ff\"><a style=\"color: #0000ff\" href=\"http:\/\/osmirna.splet.arnes.si\/files\/2015\/07\/Zapisnik-1.-seje-sveta-star\u0161ev-16.-10.-2017.pdf\">Zapisnik seje sveta star\u0161ev (16. 10. 2017)<\/a><\/span><\/p>\n<p><span style=\"color: #0000ff\"><a style=\"color: #0000ff\" href=\"http:\/\/osmirna.splet.arnes.si\/files\/2015\/07\/SvetSt6_6_17.pdf\">Zapisnik 2. seje sveta star\u0161ev (6.6.2017)<\/a><\/span><\/p>\n<p><span style=\"color: #0000ff\"><a style=\"color: #0000ff\" href=\"http:\/\/osmirna.splet.arnes.si\/?attachment_id=3787\" rel=\"attachment wp-att-3787\">Zapisnik 1. seje sveta star\u0161ev (25.10.2016)<\/a><\/span><\/p>\n<p><span style=\"color: #0000ff\"><a style=\"color: #0000ff\" href=\"http:\/\/osmirna.splet.arnes.si\/files\/2015\/07\/Zapisnik-07.06.2016svetstarsi.pdf\">Zapisnik seje sveta star\u0161ev (07.06.2016)<\/a><\/span><\/p>\n<p><span style=\"color: #0000ff\"><a style=\"color: #0000ff\" href=\"http:\/\/osmirna.splet.arnes.si\/files\/2015\/07\/Zapisnik-seje-sveta-star\u0161ev-29.2.2016.pdf\">Zapisnik seje sveta star\u0161ev (29.2.2016)<\/a><\/span><\/p>\n<p><span style=\"color: #0000ff\"><a style=\"color: #0000ff\" href=\"http:\/\/osmirna.splet.arnes.si\/files\/2015\/07\/Zapisnik-seje-sveta-star\u0161ev-2.11.2015.pdf\">Zapisnik seje sveta star\u0161ev 2.11.2015<\/a><\/span><\/p>\n<p><span style=\"color: #0000ff\"><a style=\"color: #0000ff\" href=\"http:\/\/osmirna.splet.arnes.si\/files\/2015\/07\/zapisnik3sejestarsev17.6.pdf\">Zapisnik 3. seje sveta star\u0161ev 17.6.2015<\/a><\/span><\/p>\n<p><span style=\"color: #0000ff\"><a style=\"color: #0000ff\" href=\"http:\/\/osmirna.splet.arnes.si\/files\/2015\/07\/SKMBT_36315041709450.pdf\">Zapisnik seje sveta star\u0161ev z dne 24.3.2015<\/a><\/span><\/p>\n<p><span style=\"color: #0000ff\"><a style=\"color: #0000ff\" href=\"http:\/\/osmirna.splet.arnes.si\/files\/2015\/07\/ZAPISNIK1SEJEsvetstarsev.pdf\">Zapisnik seje sveta star\u0161ev O\u0160 z dne 27.9.2011<\/a><\/span><\/p>\n<p><span style=\"color: #0000ff\"><a style=\"color: #0000ff\" href=\"http:\/\/osmirna.splet.arnes.si\/files\/2015\/07\/ZapisnikSvetStarsevVVE.pdf\">Zapisnik seje sveta star\u0161ev vrtca z dne 20.9.2011<\/a><\/span><\/p>\n<p><span style=\"color: #0000ff\"><a style=\"color: #0000ff\" href=\"http:\/\/osmirna.splet.arnes.si\/files\/2015\/07\/Zapisnik_2.seje_sveta_starsev.pdf\">Zapisnik seje sveta star\u0161ev O\u0160 z dne 5.3.2012<\/a><\/span><\/p>\n<p><span style=\"color: #0000ff\"><a style=\"color: #0000ff\" href=\"http:\/\/osmirna.splet.arnes.si\/files\/2015\/07\/Svet_starsev_vrtec_oktober_2012.pdf\">Zapisnik seje sveta star\u0161ev vrtca z dne 15.10.2012<\/a><\/span><\/p>\n<p><span style=\"color: #0000ff\"><a style=\"color: #0000ff\" href=\"http:\/\/osmirna.splet.arnes.si\/files\/2015\/07\/Zapisnik_Sveta_starsev_z_dne_15_10.pdf\">Zapisnik seje sveta star\u0161ev O\u0160 z dne 15.10.2012<\/a><\/span><\/p>\n<p><span style=\"color: #0000ff\"><a style=\"color: #0000ff\" href=\"http:\/\/osmirna.splet.arnes.si\/files\/2015\/07\/Zapisnik_Sveta_starsev_z_dne_21_1_2012.pdf\">Zapisnik seje sveta star\u0161ev O\u0160 z dne 21.01.2013<\/a><\/span><\/p>\n\n\n<p><\/p>\n","protected":false},"excerpt":{"rendered":"<p>Zapisniki sej sveta star\u0161ev: Zapisnik-1.-seje-\u0160Z MIRNA_28.9.2023_word Zapisnik-2.-seje-\u0160Z MIRNA_12.6.2024_word Zapisnik-1.-seje-\u0160Z MIRNA_26.9.2024_word Zapisnik 1. seje sveta star\u0161ev z dne 28.9.2022 Zapisnik 1. seje sveta star\u0161ev (30.9.2019) Zapisnik (10.6.19) Zapisnik_seje sveta star\u0161ev (3.12.18) ZAPISNIK DRUGE KORESPONDEN\u010cNE SEJE&#46;&#46;&#46;<\/p>\n","protected":false},"author":5692,"featured_media":0,"parent":0,"menu_order":0,"comment_status":"open","ping_status":"open","template":"","meta":{"ngg_post_thumbnail":0,"footnotes":""},"class_list":["post-108","page","type-page","status-publish","hentry"],"_links":{"self":[{"href":"https:\/\/osmirna.splet.arnes.si\/index.php?rest_route=\/wp\/v2\/pages\/108","targetHints":{"allow":["GET"]}}],"collection":[{"href":"https:\/\/osmirna.splet.arnes.si\/index.php?rest_route=\/wp\/v2\/pages"}],"about":[{"href":"https:\/\/osmirna.splet.arnes.si\/index.php?rest_route=\/wp\/v2\/types\/page"}],"author":[{"embeddable":true,"href":"https:\/\/osmirna.splet.arnes.si\/index.php?rest_route=\/wp\/v2\/users\/5692"}],"replies":[{"embeddable":true,"href":"https:\/\/osmirna.splet.arnes.si\/index.php?rest_route=%2Fwp%2Fv2%2Fcomments&post=108"}],"version-history":[{"count":14,"href":"https:\/\/osmirna.splet.arnes.si\/index.php?rest_route=\/wp\/v2\/pages\/108\/revisions"}],"predecessor-version":[{"id":32798,"href":"https:\/\/osmirna.splet.arnes.si\/index.php?rest_route=\/wp\/v2\/pages\/108\/revisions\/32798"}],"wp:attachment":[{"href":"https:\/\/osmirna.splet.arnes.si\/index.php?rest_route=%2Fwp%2Fv2%2Fmedia&parent=108"}],"curies":[{"name":"wp","href":"https:\/\/api.w.org\/{rel}","templated":true}]}}