{"id":11203,"date":"2019-06-16T08:21:49","date_gmt":"2019-06-16T06:21:49","guid":{"rendered":"http:\/\/osmirna.splet.arnes.si\/?page_id=11203"},"modified":"2019-06-21T12:47:28","modified_gmt":"2019-06-21T10:47:28","slug":"ugo","status":"publish","type":"page","link":"https:\/\/osmirna.splet.arnes.si\/?page_id=11203","title":{"rendered":"UGO"},"content":{"rendered":"<h1 id=\"main_title\" style=\"text-align: center\">U\u010cENJE IN GIBANJE ZA OKOLJE &#8211; UGO<a href=\"http:\/\/osmirna.splet.arnes.si\/files\/2015\/08\/CLLD_LAS_logo.png\"><br \/>\n<\/a><\/h1>\n<p>&nbsp;<\/p>\n<p><a title=\"Spletna stran Evropske komisije, namenjene EKSRP\" href=\"https:\/\/ec.europa.eu\/agriculture\/rural-development-2014-2020_sl\">Spletna stran Evropske komisije, namenjene EKSRP<\/a><\/p>\n<p><a href=\"https:\/\/www.program-podezelja.si\/sl\/\">Program razvoja pode\u017eelja &#8211; PRP<\/a><\/p>\n<p>V leto\u0161njem letu se bo obogatila ponudba dejavnosti v \u0161portnem parku Mirna, ki bo \u0161e pove\u010dala zadr\u017eevanje ljudi na prostem in njihova okoljska ozave\u0161\u010denost, saj je bila Ob\u010dina Mirna uspe\u0161na pri pridobivanju sredstev s strani Evropskega kmetijskega sklada za razvoj pode\u017eelja (EKSRP), in sicer bo omenjen projekt sofinanciran\u00a0 v vi\u0161ini \u00a092.110,17 EUR.<b><\/b><\/p>\n<p>Naslov projekta:\u00a0U\u010denje in gibanje za okolje<\/p>\n<p><b>Akronim operacije:\u00a0<\/b>UGO<\/p>\n<p><b>Nosilec operacije<\/b>: Ob\u010dina Mirna<\/p>\n<p><b>Ostali partnerji v operaciji:<\/b>\u00a0Osnovna \u0161ola Mirna, Dru\u0161tvo upokojencev Mirna, Komunala Trebnje d.o.o., Dru\u0161tvo za \u0161port, kulturo in turizem Partizan Mirna, Dru\u0161tvo tabornikov Rod mirne reke mirna in Dana, d.o.o. Mirna.<\/p>\n<p><b>OPIS in aktivnosti v projektu<\/b>:\u00a0Projekt bo izveden v dveh fazah:<\/p>\n<table cellspacing=\"0\">\n<tbody>\n<tr>\n<td><b>Zap. \u0161t. aktivnosti<\/b><\/td>\n<td><b>Opis aktivnosti<\/b><\/td>\n<td><b>Izvaja partner<\/b><\/td>\n<td><b>Termin<\/b><\/td>\n<\/tr>\n<tr>\n<td>\n<ol>\n<li>FAZA<\/li>\n<\/ol>\n<\/td>\n<td><\/td>\n<td><\/td>\n<td><\/td>\n<\/tr>\n<tr>\n<td>Aktivnost 1<\/td>\n<td>\n<p>IZGRADNJA:<\/p>\n<p>&#8211;\u00a0\u00a0\u00a0\u00a0\u00a0\u00a0\u00a0\u00a0\u00a0 kolosteza<\/p>\n<p>&#8211;\u00a0\u00a0\u00a0\u00a0\u00a0\u00a0\u00a0\u00a0\u00a0 u\u010dilnica na prostem<\/p>\n<p>&#8211;\u00a0\u00a0\u00a0\u00a0\u00a0\u00a0\u00a0\u00a0\u00a0 motori\u010dni poligon<\/p>\n<p>&#8211;\u00a0\u00a0\u00a0\u00a0\u00a0\u00a0\u00a0\u00a0\u00a0 rusko keglji\u0161\u010de<\/td>\n<td>OB\u010cINA MIRNA<\/td>\n<td>4 in 5\/ 2018<\/td>\n<\/tr>\n<tr>\n<td>\u00a0 \u00a0 2. FAZA<\/td>\n<td><\/td>\n<td><\/td>\n<td><\/td>\n<\/tr>\n<tr>\n<td>Aktivnost 2<\/td>\n<td>Globalno segrevanje in dol\u017enost ohranjanja narave (predavanje in delavnice)<\/td>\n<td>\n<p>O\u0160 Mirna<\/p>\n<p>Ob\u010dina Mirna<\/td>\n<td>4\/2019<\/td>\n<\/tr>\n<tr>\n<td>Aktivnost 3<\/td>\n<td>Izobra\u017eevalne delavnice o skrbi za \u010disto okolje in razstava s predstavitvenimi panoji<\/td>\n<td>\n<p>Komunala Trebnje d.o.o.<\/p>\n<p>Ob\u010dina Mirna<\/td>\n<td>4\/2019<\/td>\n<\/tr>\n<tr>\n<td>Aktivnost 4<\/td>\n<td>Voda kot vir \u017eivljenja (predavanje in delavnice)<\/td>\n<td>\n<p>Dana d.o.o.<\/p>\n<p>Ob\u010dina Mirna<\/td>\n<td>5\/2019<\/td>\n<\/tr>\n<tr>\n<td>Aktivnost 5<\/td>\n<td>Sobivanje z naravo \u2013 pomen taborni\u0161tva<\/td>\n<td>\n<p>Dru\u0161tvo tabornikov<\/p>\n<p>Ob\u010dina Mirna<\/td>\n<td>08.09.2018<\/td>\n<\/tr>\n<tr>\n<td>Aktivnost 6<\/td>\n<td>Promocijsko tekmovanje na pumptrack stezi<\/td>\n<td>\n<p>D\u0160KT Partizan Mirna<\/p>\n<p>Ob\u010dina Mirna<\/td>\n<td>6\/2018<\/td>\n<\/tr>\n<tr>\n<td>Aktivnost 7<\/td>\n<td>Mirna v gibanju &#8211; \u0160ola vo\u017enje in pumptrack tekmovanje<\/td>\n<td>\n<p>D\u0160KT Partizan Mirna<\/p>\n<p>Ob\u010dina Mirna<\/td>\n<td>07.07.2018<\/td>\n<\/tr>\n<tr>\n<td>Aktivnost 8<\/td>\n<td>Kino na prostem<\/td>\n<td>\n<p>D\u0160KT Partizan Mirna<\/p>\n<p>Ob\u010dina Mirna<\/td>\n<td>8\/2018<\/td>\n<\/tr>\n<tr>\n<td>Aktivnost 9<\/td>\n<td>Pomen gibanja in sobivanja z naravo v vseh \u017eivljenjskih obdobjih &#8211; tekmovanje na ruskem keglji\u0161\u010du<\/td>\n<td>\n<p>Dru\u0161tvo upokojencev<\/p>\n<p>Ob\u010dina Mirna<\/td>\n<td>5\/2019<\/td>\n<\/tr>\n<tr>\n<td>Aktivnost 10<\/td>\n<td>Dan z vnuki \u2013 dru\u017eenje na ruskem keglji\u0161\u010du, pumptracku in izobra\u017eevanje o ro\u010dnih spretnostih v u\u010dilnici na prostem<\/td>\n<td>\n<p>Dru\u0161tvo upokojencev<\/p>\n<p>Ob\u010dina Mirna<\/td>\n<td>9\/2018<\/td>\n<\/tr>\n<tr>\n<td>Aktivnost 11<\/td>\n<td>\n<p>Delavnica za ugotavljanje motori\u010dnih sposobnosti otrok in oseb s te\u017eavami v du\u0161evnem razvoju<\/p>\n<p>&nbsp;<\/td>\n<td>\n<p>O\u0160 Mirna<\/p>\n<p>Ob\u010dina Mirna<\/td>\n<td>9\/2018<\/td>\n<\/tr>\n<tr>\n<td>Aktivnost 12<\/td>\n<td>Promocijske aktivnosti<\/td>\n<td>Ob\u010dina Mirna<\/td>\n<td>01.04.2018 \u2013 31.05.2019<\/td>\n<\/tr>\n<\/tbody>\n<\/table>\n<p>&nbsp;<\/p>\n<p><b>Cilj(i) projekta:\u00a0<\/b><\/p>\n<ul>\n<li>bogatenje raznolikosti pode\u017eelja, ohranjanje in izbolj\u0161anje kvalitete \u017eivljenja za dolgoro\u010dno korist vseh prebivalcev na pode\u017eelju, nove povr\u0161ine za dvig kakovosti \u017eivljenja prebivalcev,<\/li>\n<li>nove inovativne vsebine za izvajanje programov za potrebe pode\u017eelskih naselij, s posebnim poudarkom na ranljivih skupinah (osebe s posebnimi potrebami in motnjami v du\u0161evnem razvoju, otroci, starostniki),<\/li>\n<li>ve\u010d gibanja in aktivnosti na prostem, odvrnitev ljudi od posedanja in uporabe elektronskih naprav, ve\u010d medgeneracijskega dru\u017eenja,<\/li>\n<li>izbolj\u0161anje okolja in bla\u017eenje podnebnih sprememb s tem, ko se ljudi izobra\u017euje in osve\u0161\u010da o pomenu ohranjanja narave in skrbi za okolje,<\/li>\n<li>nove urejene skupne povr\u0161ine za dvig kakovosti \u017eivljenja prebivalcev, s posebnim poudarkom na naslednjih ciljnih skupinah: otroci in mladoletniki s posebnimi potrebami in motnjami v razvoju, otroci in mladina, starostniki.<\/li>\n<\/ul>\n<p><b>Pri\u010dakovani rezultati operacije:\u00a0<\/b><\/p>\n<p>Novi programi in nove povr\u0161ine bodo dolgoro\u010dno okrepili in bogatili raznolikost in kvaliteto \u017eivljenja v kraju, ob\u010dini in \u0161ir\u0161i okolici, saj gre za nove vsebine, ki na \u0161ir\u0161em obmo\u010dju \u0161e niso dostopne. V sklopu projekta bodo najprej izvedene manj\u0161e nalo\u017ebe v \u0161tiri razli\u010dne povr\u0161ine na isti lokaciji (U\u010dilnica na prostem, Kolosteza \u2013 Pumptrack, Poligon za gibalne sposobnosti za ranljive skupine in Rusko keglji\u0161\u010de). Na teh novih povr\u0161inah bo ob\u010dina skupaj s partnerji izvajala programe za doseganja namena operacije (predavanja in delavnice), ki je spodbujanje ve\u010dje skrbi za okolje, sobivanja z naravo in ve\u010d aktivnosti na prostem.<\/p>\n<p><b>Trajanje projekta:\u00a0<\/b><\/p>\n<p><b>Celotna vrednost projekta:\u00a0<\/b>137795,30 EUR<\/p>\n<p><b>Kontakt:\u00a0<\/b>07 30 47 153<\/p>\n<p><b>Na\u010din financiranja: Projekt je sofinanciran s strani Evropskega kmetijskega sklada za razvoj pode\u017eelja.<\/b><\/p>\n<p>Namen projekta:<\/p>\n<p>je zagotoviti povr\u0161ine in izvajanje novih aktivnosti za ranljive skupine (osebe s posebnimi potrebami, otroci, starostniki), spodbuditi prebivalce za gibanje in aktivnosti na prostem, k medgeneracijskem dru\u017eenju in ve\u010dji socialni vklju\u010denosti ranljivih skupin ter izobra\u017eevanju ljudi o pomenu varstva okolja, zmanj\u0161evanja vplivov na podnebne spremembe in sobivanja z naravo. Posredni namen operacije je tudi zmanj\u0161anje odseljevanja in spodbujanje novih priselitev.<\/p>\n<p>V sklopu projekta bodo najprej izvedene manj\u0161e nalo\u017ebe v \u0161tiri razli\u010dne povr\u0161ine na isti parceli (U\u010dilnica na prostem, Kolosteza \u2013 Pumptrack, Poligon za gibalne sposobnosti za ranljive skupine, Rusko keglji\u0161\u010de), na katerih bo ob\u010dina skupaj s partnerji izvajala programe za doseganja namena operacije.<\/p>\n<p>Posredni namen projekta je tudi zmanj\u0161anje odseljevanja in spodbujanje k novim priselitvam. Za izvajanje novih programov, ki bodo vsebinsko dopolnili in pove\u010dali raznolikost vsebin, je potrebno zagotoviti ustrezne povr\u0161ine. Novi programi in nove povr\u0161ine bodo dolgoro\u010dno okrepili in bogatili raznolikost\u00a0 in kvaliteto \u017eivljenja v kraju, ob\u010dini in \u0161ir\u0161i okolici, saj gre za nove vsebine, ki na \u0161ir\u0161em obmo\u010dju \u0161e niso dostopne.<\/p>\n","protected":false},"excerpt":{"rendered":"<p>U\u010cENJE IN GIBANJE ZA OKOLJE &#8211; UGO &nbsp; Spletna stran Evropske komisije, namenjene EKSRP Program razvoja pode\u017eelja &#8211; PRP V leto\u0161njem letu se bo obogatila ponudba dejavnosti v \u0161portnem parku Mirna, ki bo \u0161e&#46;&#46;&#46;<\/p>\n","protected":false},"author":5692,"featured_media":0,"parent":0,"menu_order":0,"comment_status":"closed","ping_status":"closed","template":"","meta":{"ngg_post_thumbnail":0,"footnotes":""},"class_list":["post-11203","page","type-page","status-publish","hentry"],"_links":{"self":[{"href":"https:\/\/osmirna.splet.arnes.si\/index.php?rest_route=\/wp\/v2\/pages\/11203","targetHints":{"allow":["GET"]}}],"collection":[{"href":"https:\/\/osmirna.splet.arnes.si\/index.php?rest_route=\/wp\/v2\/pages"}],"about":[{"href":"https:\/\/osmirna.splet.arnes.si\/index.php?rest_route=\/wp\/v2\/types\/page"}],"author":[{"embeddable":true,"href":"https:\/\/osmirna.splet.arnes.si\/index.php?rest_route=\/wp\/v2\/users\/5692"}],"replies":[{"embeddable":true,"href":"https:\/\/osmirna.splet.arnes.si\/index.php?rest_route=%2Fwp%2Fv2%2Fcomments&post=11203"}],"version-history":[{"count":8,"href":"https:\/\/osmirna.splet.arnes.si\/index.php?rest_route=\/wp\/v2\/pages\/11203\/revisions"}],"predecessor-version":[{"id":11313,"href":"https:\/\/osmirna.splet.arnes.si\/index.php?rest_route=\/wp\/v2\/pages\/11203\/revisions\/11313"}],"wp:attachment":[{"href":"https:\/\/osmirna.splet.arnes.si\/index.php?rest_route=%2Fwp%2Fv2%2Fmedia&parent=11203"}],"curies":[{"name":"wp","href":"https:\/\/api.w.org\/{rel}","templated":true}]}}