{"id":11815,"date":"2019-10-07T12:49:06","date_gmt":"2019-10-07T10:49:06","guid":{"rendered":"http:\/\/osmirna.splet.arnes.si\/?page_id=11815"},"modified":"2026-01-20T06:53:43","modified_gmt":"2026-01-20T05:53:43","slug":"vrtec-svetovalna-sluzba","status":"publish","type":"page","link":"https:\/\/osmirna.splet.arnes.si\/?page_id=11815","title":{"rendered":"Vrtec &#8211; svetovalna slu\u017eba"},"content":{"rendered":"<p>Svetovalna delavka \u017eeli v sodelovanju z vzgojitelji, pomo\u010dniki vzgojiteljev, vodstvom vrtca in star\u0161i soustvarjati \u010dim bolj\u0161e pogoje za dobro po\u010dutje, razvoj in u\u010denje otrok. Prizadeva si, da bi odrasli, tako star\u0161i kot strokovni delavci, otroke bolje razumeli in se na njihove potrebe primerno odzivali. Delo svetovalne delavke je namenjeno vsem otrokom in je usmerjeno predvsem v razvojno svetovanje in preventivo. Pri tem je sodelovanje s star\u0161i klju\u010dnega pomena. Prizadevamo si, da bi star\u0161em nudili oporo, dodatno spodbudo in strokovno pomo\u010d pri te\u017eavah, s katerimi se sre\u010dujejo.<\/p>\n<p>Najpogostej\u0161e teme, o katerih se star\u0161i lahko posvetujete s svetovalno delavko:<\/p>\n<ul>\n<li>vklju\u010ditev in uvajanje otroka v vrtec,<\/li>\n<li>posvetovanje o vzgoji in otrokovem razvoju,<\/li>\n<li>razumevanje in pomo\u010d pri otrokovih razvojnih, \u010dustvenih in vedenjskih te\u017eavah ter stiskah;<\/li>\n<li>posvetovanje ob stiskah in kriti\u010dnih situacijah v dru\u017eini;<\/li>\n<li>te\u017eave otroka pri vklju\u010devanju in sodelovanju v skupini,<\/li>\n<li>svetovanje o pomo\u010di otroku s te\u017eavami in motnjami v razvoju;<\/li>\n<li>spodbujanje potencialno nadarjenega otroka,<\/li>\n<li>prehod otroka iz vrtca v \u0161olo.<\/li>\n<\/ul>\n<p>&nbsp;<\/p>\n<p>Svetovalno delo v vrtcu temelji na prostovoljnosti, skupnem dogovoru, zaupnosti podatkov in je usmerjeno v dobrobit otroka. V kolikor je potrebno, svetovalna delavka v soglasju s star\u0161i pri svojem delu sodeluje tudi s strokovnjaki zunanjih institucij.<\/p>\n<p>Pri tem delujemo v skladu s programskimi smernicami za pred\u0161olsko vzgojo ter z eti\u010dnim kodeksom za delo v vrtcih, dopolnjujo\u010d se s pravili varstva osebnih podatkov in z upo\u0161tevanjem zakonskih in podzakonskih aktov ter kurikularnih dokumentov, ki dolo\u010dajo delo svetovalne slu\u017ebe v vrtcu.<\/p>\n<p>Na \u0161olsko svetovalno delavko se lahko obrnete vsak dan, med 7. in 15. uro.<\/p>\n<p>&nbsp;<\/p>\n<p>Svetovalno delo v vrtcu opravlja svetovalna delavka Lea Pov\u0161e<\/p>\n<p style=\"padding-left: 400px\"><span style=\"color: #000000\">telefon: 07 34 35 167<\/span><br \/>\n<span style=\"color: #000000\">e-naslov: <span style=\"color: #0000ff\"><a style=\"color: #0000ff\" href=\"&#109;&#x61;&#105;&#x6c;&#116;&#x6f;:&#x73;v&#101;&#x74;&#111;&#x76;&#97;&#x6c;n&#x61;&#64;&#111;&#x73;&#45;&#x6d;&#105;&#x72;&#110;&#x61;&#46;&#x73;i\">&#x73;&#x76;&#101;t&#x6f;&#x76;&#x61;&#108;n&#x61;&#x40;&#x6f;&#115;-&#x6d;&#x69;&#x72;&#110;a&#x2e;&#x73;&#x69;<\/a><\/span><\/span><\/p>\n","protected":false},"excerpt":{"rendered":"<p>Svetovalna delavka \u017eeli v sodelovanju z vzgojitelji, pomo\u010dniki vzgojiteljev, vodstvom vrtca in star\u0161i soustvarjati \u010dim bolj\u0161e pogoje za dobro po\u010dutje, razvoj in u\u010denje otrok. Prizadeva si, da bi odrasli, tako star\u0161i kot strokovni delavci,&#46;&#46;&#46;<\/p>\n","protected":false},"author":5692,"featured_media":0,"parent":0,"menu_order":0,"comment_status":"closed","ping_status":"closed","template":"","meta":{"ngg_post_thumbnail":0,"footnotes":""},"class_list":["post-11815","page","type-page","status-publish","hentry"],"_links":{"self":[{"href":"https:\/\/osmirna.splet.arnes.si\/index.php?rest_route=\/wp\/v2\/pages\/11815","targetHints":{"allow":["GET"]}}],"collection":[{"href":"https:\/\/osmirna.splet.arnes.si\/index.php?rest_route=\/wp\/v2\/pages"}],"about":[{"href":"https:\/\/osmirna.splet.arnes.si\/index.php?rest_route=\/wp\/v2\/types\/page"}],"author":[{"embeddable":true,"href":"https:\/\/osmirna.splet.arnes.si\/index.php?rest_route=\/wp\/v2\/users\/5692"}],"replies":[{"embeddable":true,"href":"https:\/\/osmirna.splet.arnes.si\/index.php?rest_route=%2Fwp%2Fv2%2Fcomments&post=11815"}],"version-history":[{"count":5,"href":"https:\/\/osmirna.splet.arnes.si\/index.php?rest_route=\/wp\/v2\/pages\/11815\/revisions"}],"predecessor-version":[{"id":35120,"href":"https:\/\/osmirna.splet.arnes.si\/index.php?rest_route=\/wp\/v2\/pages\/11815\/revisions\/35120"}],"wp:attachment":[{"href":"https:\/\/osmirna.splet.arnes.si\/index.php?rest_route=%2Fwp%2Fv2%2Fmedia&parent=11815"}],"curies":[{"name":"wp","href":"https:\/\/api.w.org\/{rel}","templated":true}]}}