{"id":11835,"date":"2019-10-09T12:53:43","date_gmt":"2019-10-09T10:53:43","guid":{"rendered":"http:\/\/osmirna.splet.arnes.si\/?page_id=11835"},"modified":"2025-02-22T08:56:14","modified_gmt":"2025-02-22T07:56:14","slug":"vrtec-predsolska-bralna-znacka","status":"publish","type":"page","link":"https:\/\/osmirna.splet.arnes.si\/?page_id=11835","title":{"rendered":"Vrtec &#8211; na\u0161a mala knji\u017enica"},"content":{"rendered":"\n<p><\/p>\n\n\n<p><span style=\"color: #000000\">NA\u0160A MALA KNJI\u017dNICA<\/span><\/p>\n<p><span style=\"color: #000000\">Pred\u0161olska bralna zna\u010dka ima razli\u010dna poimenovanja. V na\u0161em vrtcu v njej pod razli\u010dnimi slogani, sodelujemo vse skupine. Ne glede na razli\u010dnosti posameznih oblik osnovni namen programa ostaja spodbujanje dru\u017einskega branja v otrokovem pred\u0161olskem obdobju in podpora pri sistemati\u010dnem spodbujanju razvoja bralne kulture in bralne pismenosti.<\/span><\/p>\n<p><span style=\"color: #000000\">Pred\u0161olsko obdobje je najpomembnej\u0161e za razvoj govora po mnenju mnogih strokovnjakov. Zato sku\u0161amo v tem starostnem obdobju nameniti posebno pozornost &nbsp;spodbujanju otrokove govorne komunikacije in \u0161irjenju besednega zaklada.<\/span><\/p>\n<p><span style=\"color: #000000\">Eden izmed glavnih ciljev pred\u0161olske bralne zna\u010dke je spodbuditi branje v dru\u017einskem krogu in s tem otroke navajati na kasnej\u0161e samostojno branje.<\/span><\/p>\n<p><span style=\"color: #000000\">Cilj:<\/span><\/p>\n<ul>\n<li><span style=\"color: #000000\">skupno branje ugodno vpliva na otrokovo porajajo\u010do se pismenost, je osnova za kasnej\u0161e uspe\u0161no u\u010denje branja in dobro razvito bralno pismenost ter bralno kulturo,<\/span><\/li>\n<li><span style=\"color: #000000\">skupno branje v dru\u017eini in v vrtcu poglablja medsebojne \u010dustvene vezi in je dober za\u010detek poti v svet knjige, literature,<\/span><\/li>\n<li><span style=\"color: #000000\">u\u010denje branja knjige (od leve proti desni, lo\u010deno od slik, od zgoraj navzdol, kje je za\u010detek in kje konec knjige),<\/span><\/li>\n<li><span style=\"color: #000000\">s spoznavanjem odnosov in interakcij med liki, otrok razvija komunikacijske spretnosti,<\/span><\/li>\n<li><span style=\"color: #000000\">izbolj\u0161anje koncentracije, otroci nimajo potrpljenja za dolgo branje, vendar se z napredkom bralnega razumevanja dalj\u0161a \u010das pozornosti in izbolj\u0161uje spomin,<\/span><\/li>\n<li><span style=\"color: #000000\">otroci zgodbe iz pravljic prena\u0161ajo v simbolno igro, pripovedovanje in ustvarjanje.<\/span><\/li>\n<\/ul>\n<p>&nbsp;<\/p>\n<p><span style=\"color: #000000\">Skupno branje knjig, je nekaj lepega tako za odrasle kot za otroke. Otroci, ki jim odrasle osebe kakovostno in zelo pogosto berejo, bodo pridobili veliko na podro\u010dju govora, zlasti besednjaka in pripovedovanja zgodbe. Pridobili bodo na ravni pozornosti in poslu\u0161anja, znali bodo prepoznati socialna stanja drugih otrok, bodo bolj empati\u010dni, prej se bodo nau\u010dili prebranih in predpisanih zmo\u017enosti. Skupno branje so tudi zelo primerne situacije za odrasle osebe. Odrasli se sprostijo, utopijo se v misli in \u010dustva junakov, v domi\u0161ljijo in hkrati zagotavljajo otroku \u010dustveno varnost.<\/span><\/p>\n<p><span style=\"color: #000000\">Kakovostna literatura naj nam bo temeljno na\u010delo. Berimo otroku raznovrstno literaturo, umetnostna in neumetnostna besedila, klasi\u010dne pravljice in moderno literaturo,&nbsp; ljudsko izro\u010dilo, ljudske \u0161aljivke in nagajivke.<\/span><\/p>\n<p><span style=\"color: #000000\"><strong>&nbsp;<\/strong><\/span><\/p>\n<p><span style=\"color: #000000\"><strong>&nbsp;\u00bb\u010ce \u017eelite otroka, ki bo znal misliti, mu berite, ko bo \u0161e otrok.\u00ab <\/strong>(Miha Kova\u010d)<\/span><\/p>\n<p>&nbsp;<\/p>\n<p style=\"text-align: left\">&nbsp;<\/p>","protected":false},"excerpt":{"rendered":"<p>NA\u0160A MALA KNJI\u017dNICA Pred\u0161olska bralna zna\u010dka ima razli\u010dna poimenovanja. V na\u0161em vrtcu v njej pod razli\u010dnimi slogani, sodelujemo vse skupine. Ne glede na razli\u010dnosti posameznih oblik osnovni namen programa ostaja spodbujanje dru\u017einskega branja v&#46;&#46;&#46;<\/p>\n","protected":false},"author":5692,"featured_media":0,"parent":0,"menu_order":0,"comment_status":"closed","ping_status":"closed","template":"","meta":{"ngg_post_thumbnail":0,"footnotes":""},"class_list":["post-11835","page","type-page","status-publish","hentry"],"_links":{"self":[{"href":"https:\/\/osmirna.splet.arnes.si\/index.php?rest_route=\/wp\/v2\/pages\/11835","targetHints":{"allow":["GET"]}}],"collection":[{"href":"https:\/\/osmirna.splet.arnes.si\/index.php?rest_route=\/wp\/v2\/pages"}],"about":[{"href":"https:\/\/osmirna.splet.arnes.si\/index.php?rest_route=\/wp\/v2\/types\/page"}],"author":[{"embeddable":true,"href":"https:\/\/osmirna.splet.arnes.si\/index.php?rest_route=\/wp\/v2\/users\/5692"}],"replies":[{"embeddable":true,"href":"https:\/\/osmirna.splet.arnes.si\/index.php?rest_route=%2Fwp%2Fv2%2Fcomments&post=11835"}],"version-history":[{"count":7,"href":"https:\/\/osmirna.splet.arnes.si\/index.php?rest_route=\/wp\/v2\/pages\/11835\/revisions"}],"predecessor-version":[{"id":31898,"href":"https:\/\/osmirna.splet.arnes.si\/index.php?rest_route=\/wp\/v2\/pages\/11835\/revisions\/31898"}],"wp:attachment":[{"href":"https:\/\/osmirna.splet.arnes.si\/index.php?rest_route=%2Fwp%2Fv2%2Fmedia&parent=11835"}],"curies":[{"name":"wp","href":"https:\/\/api.w.org\/{rel}","templated":true}]}}