{"id":11843,"date":"2019-10-09T13:14:20","date_gmt":"2019-10-09T11:14:20","guid":{"rendered":"http:\/\/osmirna.splet.arnes.si\/?page_id=11843"},"modified":"2025-03-02T19:25:07","modified_gmt":"2025-03-02T18:25:07","slug":"vrtec-zdravje-v-vrtcu","status":"publish","type":"page","link":"https:\/\/osmirna.splet.arnes.si\/?page_id=11843","title":{"rendered":"Vrtec &#8211; zdravje v vrtcu"},"content":{"rendered":"<div id=\"attachment_11845\" style=\"width: 543px\" class=\"wp-caption aligncenter\"><a href=\"http:\/\/osmirna.splet.arnes.si\/files\/2019\/10\/zdravjeVrtec.png\"><img loading=\"lazy\" decoding=\"async\" aria-describedby=\"caption-attachment-11845\" class=\"wp-image-11845 size-full\" src=\"https:\/\/osmirna.splet.arnes.si\/files\/2019\/10\/zdravjeVrtec.png\" alt=\"Zdravje v vrtcu in NIJZ\" width=\"533\" height=\"155\" srcset=\"https:\/\/osmirna.splet.arnes.si\/files\/2019\/10\/zdravjeVrtec.png 533w, https:\/\/osmirna.splet.arnes.si\/files\/2019\/10\/zdravjeVrtec-300x87.png 300w\" sizes=\"auto, (max-width: 533px) 100vw, 533px\" \/><\/a><p id=\"caption-attachment-11845\" class=\"wp-caption-text\"><span style=\"color: #000000\">Logotip &#8211; NIJZ in Zdravje v vrtcu<\/span><\/p><\/div>\n<p style=\"text-align: center\"><span style=\"color: #000000\">ZDRAVJE V VRTCU<\/span><\/p>\n<p><span style=\"color: #000000\">Projekt <strong>&#8220;Zdravje v vrtcu&#8221;<\/strong> stremi k ohranjanju in krepitvi zdravja. S programom \u017eeli Nacionalni in\u0161titut za javno zdravje okrepiti zmo\u017enosti vrtcev za oblikovanje prijetnega in varnega okolja, kjer je zdravje prepoznano kot pomembna vrednota skozi celotno \u017eivljenje.<\/span><\/p>\n<p><span style=\"color: #000000\">V dru\u017ebi \u017eelijo pove\u010dati zavedanje o vplivu razli\u010dnih dejavnikov v najzgodnej\u0161em obdobju \u017eivljenja na zdravje in dobro po\u010dutje v kasnej\u0161ih letih. Z \u017eeljo, da bi bili otroci zdravi, vzgojitelji ustrezno usposobljeni, star\u0161i dobro informirani, ustanovitelji vrtcev pa motivirani, v program vklju\u010dujejo razli\u010dne strokovnjake. Program je usmerjen v promocijo zdravega na\u010dina \u017eivljenja in spodbuja k izvajanju dejavnosti, ki ohranjajo in krepijo zdravje v vrt\u010devskem okolju in lokalni skupnosti.<\/span><\/p>\n<p><span style=\"color: #000000\">V vrtcu Deteljica program izvajamo kontinuirano skozi vse leto v okviru vzgojno-izobra\u017eevalnega dela. \u017de vrsto let se aktivno vklju\u010dujemo v projekt in obravnavamo aktualne teme, ki so otrokom zanimive.<\/span><\/p>\n<p><span style=\"color: #000000\"><strong>Cilja projekta sta:<\/strong><\/span><\/p>\n<ul>\n<li><span style=\"color: #000000\">oblikovanje vrt\u010devskega okolja kot skupnosti, ki je zavezana skrbi za dobro po\u010dutje, zdravje in utrjevanje pozitivnega odnosa do zdravja,<\/span><\/li>\n<li><span style=\"color: #000000\">delovanje v smeri zmanj\u0161evanja pojava bolezni in po\u0161kodb.<\/span><\/li>\n<\/ul>\n<div id=\"attachment_31995\" style=\"width: 810px\" class=\"wp-caption aligncenter\"><a href=\"https:\/\/osmirna.splet.arnes.si\/files\/2025\/03\/zdravje-vrtcu-2.jpg\"><img loading=\"lazy\" decoding=\"async\" aria-describedby=\"caption-attachment-31995\" class=\"wp-image-31995 size-full\" src=\"https:\/\/osmirna.splet.arnes.si\/files\/2025\/03\/zdravje-vrtcu-2.jpg\" alt=\"Peka kruha\" width=\"800\" height=\"600\" srcset=\"https:\/\/osmirna.splet.arnes.si\/files\/2025\/03\/zdravje-vrtcu-2.jpg 800w, https:\/\/osmirna.splet.arnes.si\/files\/2025\/03\/zdravje-vrtcu-2-300x225.jpg 300w, https:\/\/osmirna.splet.arnes.si\/files\/2025\/03\/zdravje-vrtcu-2-768x576.jpg 768w\" sizes=\"auto, (max-width: 800px) 100vw, 800px\" \/><\/a><p id=\"caption-attachment-31995\" class=\"wp-caption-text\"><span style=\"color: #000000\">Zdravje v vrtcu<\/span><\/p><\/div>\n<p>&nbsp;<\/p>\n<p>&nbsp;<\/p>\n","protected":false},"excerpt":{"rendered":"<p>ZDRAVJE V VRTCU Projekt &#8220;Zdravje v vrtcu&#8221; stremi k ohranjanju in krepitvi zdravja. S programom \u017eeli Nacionalni in\u0161titut za javno zdravje okrepiti zmo\u017enosti vrtcev za oblikovanje prijetnega in varnega okolja, kjer je zdravje prepoznano&#46;&#46;&#46;<\/p>\n","protected":false},"author":5692,"featured_media":0,"parent":0,"menu_order":0,"comment_status":"closed","ping_status":"closed","template":"","meta":{"ngg_post_thumbnail":0,"footnotes":""},"class_list":["post-11843","page","type-page","status-publish","hentry"],"_links":{"self":[{"href":"https:\/\/osmirna.splet.arnes.si\/index.php?rest_route=\/wp\/v2\/pages\/11843","targetHints":{"allow":["GET"]}}],"collection":[{"href":"https:\/\/osmirna.splet.arnes.si\/index.php?rest_route=\/wp\/v2\/pages"}],"about":[{"href":"https:\/\/osmirna.splet.arnes.si\/index.php?rest_route=\/wp\/v2\/types\/page"}],"author":[{"embeddable":true,"href":"https:\/\/osmirna.splet.arnes.si\/index.php?rest_route=\/wp\/v2\/users\/5692"}],"replies":[{"embeddable":true,"href":"https:\/\/osmirna.splet.arnes.si\/index.php?rest_route=%2Fwp%2Fv2%2Fcomments&post=11843"}],"version-history":[{"count":13,"href":"https:\/\/osmirna.splet.arnes.si\/index.php?rest_route=\/wp\/v2\/pages\/11843\/revisions"}],"predecessor-version":[{"id":31997,"href":"https:\/\/osmirna.splet.arnes.si\/index.php?rest_route=\/wp\/v2\/pages\/11843\/revisions\/31997"}],"wp:attachment":[{"href":"https:\/\/osmirna.splet.arnes.si\/index.php?rest_route=%2Fwp%2Fv2%2Fmedia&parent=11843"}],"curies":[{"name":"wp","href":"https:\/\/api.w.org\/{rel}","templated":true}]}}