{"id":11851,"date":"2019-10-09T13:19:55","date_gmt":"2019-10-09T11:19:55","guid":{"rendered":"http:\/\/osmirna.splet.arnes.si\/?page_id=11851"},"modified":"2025-03-02T19:29:43","modified_gmt":"2025-03-02T18:29:43","slug":"vrtec-rastemo-z-jezikom","status":"publish","type":"page","link":"https:\/\/osmirna.splet.arnes.si\/?page_id=11851","title":{"rendered":"Vrtec &#8211; UNICEF"},"content":{"rendered":"<p style=\"text-align: center\"><span style=\"color: #000000\">UNICEF<\/span><\/p>\n<p><span style=\"color: #000000\">V okviru mednarodnega projekta UNICEF izvajamo program <strong>&#8220;U\u010denje o otrokovih pravicah&#8221;<\/strong><strong>.<\/strong> Glavni namen projekta je vzgajati otroke v odgovorne dr\u017eavljane sveta.<\/span><\/p>\n<p><span style=\"color: #000000\">Projekt poteka tako, da zunanji izvajalec mese\u010dno razpi\u0161e razli\u010dne dejavnosti. V vrtcu jih izvajamo glede na interese otrok in \u010dasovne mo\u017enosti posameznih oddelkov.<\/span><\/p>\n<p><span style=\"color: #000000\">V projekt so vklju\u010dene skupine otrok iz drugega starostnega obdobja.<\/span><\/p>\n<p><span style=\"color: #000000\"><strong>Cilj projekta:<\/strong> ozave\u0161\u010dati otroke o njihovih pravicah, ki so zapisane v Konvenciji o otrokovih pravicah.<\/span><\/p>\n<div id=\"attachment_31999\" style=\"width: 506px\" class=\"wp-caption aligncenter\"><a href=\"https:\/\/osmirna.splet.arnes.si\/files\/2025\/03\/unicef1.jpg\"><img loading=\"lazy\" decoding=\"async\" aria-describedby=\"caption-attachment-31999\" class=\"wp-image-31999 size-full\" src=\"https:\/\/osmirna.splet.arnes.si\/files\/2025\/03\/unicef1.jpg\" alt=\"Predstavitev igre\" width=\"496\" height=\"800\" srcset=\"https:\/\/osmirna.splet.arnes.si\/files\/2025\/03\/unicef1.jpg 496w, https:\/\/osmirna.splet.arnes.si\/files\/2025\/03\/unicef1-186x300.jpg 186w\" sizes=\"auto, (max-width: 496px) 100vw, 496px\" \/><\/a><p id=\"caption-attachment-31999\" class=\"wp-caption-text\"><span style=\"color: #000000\">Unicef<\/span><\/p><\/div>\n<p>&nbsp;<\/p>\n","protected":false},"excerpt":{"rendered":"<p>UNICEF V okviru mednarodnega projekta UNICEF izvajamo program &#8220;U\u010denje o otrokovih pravicah&#8221;. Glavni namen projekta je vzgajati otroke v odgovorne dr\u017eavljane sveta. Projekt poteka tako, da zunanji izvajalec mese\u010dno razpi\u0161e razli\u010dne dejavnosti. V vrtcu&#46;&#46;&#46;<\/p>\n","protected":false},"author":5692,"featured_media":0,"parent":0,"menu_order":0,"comment_status":"closed","ping_status":"closed","template":"","meta":{"ngg_post_thumbnail":0,"footnotes":""},"class_list":["post-11851","page","type-page","status-publish","hentry"],"_links":{"self":[{"href":"https:\/\/osmirna.splet.arnes.si\/index.php?rest_route=\/wp\/v2\/pages\/11851","targetHints":{"allow":["GET"]}}],"collection":[{"href":"https:\/\/osmirna.splet.arnes.si\/index.php?rest_route=\/wp\/v2\/pages"}],"about":[{"href":"https:\/\/osmirna.splet.arnes.si\/index.php?rest_route=\/wp\/v2\/types\/page"}],"author":[{"embeddable":true,"href":"https:\/\/osmirna.splet.arnes.si\/index.php?rest_route=\/wp\/v2\/users\/5692"}],"replies":[{"embeddable":true,"href":"https:\/\/osmirna.splet.arnes.si\/index.php?rest_route=%2Fwp%2Fv2%2Fcomments&post=11851"}],"version-history":[{"count":8,"href":"https:\/\/osmirna.splet.arnes.si\/index.php?rest_route=\/wp\/v2\/pages\/11851\/revisions"}],"predecessor-version":[{"id":32002,"href":"https:\/\/osmirna.splet.arnes.si\/index.php?rest_route=\/wp\/v2\/pages\/11851\/revisions\/32002"}],"wp:attachment":[{"href":"https:\/\/osmirna.splet.arnes.si\/index.php?rest_route=%2Fwp%2Fv2%2Fmedia&parent=11851"}],"curies":[{"name":"wp","href":"https:\/\/api.w.org\/{rel}","templated":true}]}}