{"id":11925,"date":"2019-10-15T06:51:57","date_gmt":"2019-10-15T04:51:57","guid":{"rendered":"http:\/\/osmirna.splet.arnes.si\/?page_id=11925"},"modified":"2025-02-22T07:58:52","modified_gmt":"2025-02-22T06:58:52","slug":"vrtec-prehrana","status":"publish","type":"page","link":"https:\/\/osmirna.splet.arnes.si\/?page_id=11925","title":{"rendered":"Vrtec &#8211; prehrana"},"content":{"rendered":"<p style=\"text-align: left\"><span style=\"color: #000000\">V zavodu se trudimo in si prizadevamo, da zagotavljamo varno, zdravo, uravnote\u017eeno in pestro prehrano v sladu s prehrambno piramido. Temelj prehrane so zelenjava, sadje, polnovredna \u017eita, mleko in mle\u010dni izdelki, meso, ribe in jajca. Otroci imajo redne obroke. Ves dan pa imajo na voljo sve\u017ee sadje, nesladkan \u010daj in vodo.<\/span><\/p>\n<p><span style=\"color: #000000\">Pri na\u010drtovanju prehrane upo\u0161tevamo veljavne fiziolo\u0161ke standarde in normative za prehrano pred\u0161olskih otrok in strokovne smernice pristojnih institucij. Skladno z veljavno zakonodajo izvajamo interni nadzor po sistemu HACCP. Prehrana v vrtcu temelji na dveh dokumentih: Smernice zdravega prehranjevanja in Praktikumu.<\/span><\/p>\n<p><span style=\"color: #000000\">Na osnovi Uredbe (EU) \u0161t. 1169\/2011 in Uredbe (EU) Ur. l. \u0161t 6\/14 je potrebno od 13.12.2014 dalje obvezno ozna\u010devati sestavine ali proizvode, ki povzro\u010dajo alergije ali preob\u010dutljivosti (t.i. alergeni, navedeni v Prilogi II Uredbe 1169\/2011). Ti so navedeni poleg jedilnika. Sledove alergenov, ki so posledica navzkri\u017ene kontaminacije, ni potrebno navajati, zato ti niso navedeni na jedilniku.<a style=\"color: #000000\" href=\"http:\/\/osmirna.splet.arnes.si\/files\/2019\/10\/piramida.jpg\"><br \/>\n<\/a><\/span><\/p>\n<p style=\"text-align: right\"><span style=\"color: #000000\">0rganizator prehrane<\/span><br \/>\n<span style=\"color: #000000\">ANJA KRI\u0160TOF<\/span><em><br \/>\n<\/em><\/p>\n<p>&nbsp;<\/p>\n<p>&nbsp;<\/p>\n<p>&nbsp;<\/p>\n","protected":false},"excerpt":{"rendered":"<p>V zavodu se trudimo in si prizadevamo, da zagotavljamo varno, zdravo, uravnote\u017eeno in pestro prehrano v sladu s prehrambno piramido. Temelj prehrane so zelenjava, sadje, polnovredna \u017eita, mleko in mle\u010dni izdelki, meso, ribe in&#46;&#46;&#46;<\/p>\n","protected":false},"author":5692,"featured_media":0,"parent":0,"menu_order":0,"comment_status":"closed","ping_status":"closed","template":"","meta":{"ngg_post_thumbnail":0,"footnotes":""},"class_list":["post-11925","page","type-page","status-publish","hentry"],"_links":{"self":[{"href":"https:\/\/osmirna.splet.arnes.si\/index.php?rest_route=\/wp\/v2\/pages\/11925","targetHints":{"allow":["GET"]}}],"collection":[{"href":"https:\/\/osmirna.splet.arnes.si\/index.php?rest_route=\/wp\/v2\/pages"}],"about":[{"href":"https:\/\/osmirna.splet.arnes.si\/index.php?rest_route=\/wp\/v2\/types\/page"}],"author":[{"embeddable":true,"href":"https:\/\/osmirna.splet.arnes.si\/index.php?rest_route=\/wp\/v2\/users\/5692"}],"replies":[{"embeddable":true,"href":"https:\/\/osmirna.splet.arnes.si\/index.php?rest_route=%2Fwp%2Fv2%2Fcomments&post=11925"}],"version-history":[{"count":8,"href":"https:\/\/osmirna.splet.arnes.si\/index.php?rest_route=\/wp\/v2\/pages\/11925\/revisions"}],"predecessor-version":[{"id":31884,"href":"https:\/\/osmirna.splet.arnes.si\/index.php?rest_route=\/wp\/v2\/pages\/11925\/revisions\/31884"}],"wp:attachment":[{"href":"https:\/\/osmirna.splet.arnes.si\/index.php?rest_route=%2Fwp%2Fv2%2Fmedia&parent=11925"}],"curies":[{"name":"wp","href":"https:\/\/api.w.org\/{rel}","templated":true}]}}