{"id":11955,"date":"2019-10-15T13:26:13","date_gmt":"2019-10-15T11:26:13","guid":{"rendered":"http:\/\/osmirna.splet.arnes.si\/?page_id=11955"},"modified":"2025-02-22T07:46:47","modified_gmt":"2025-02-22T06:46:47","slug":"o-vrtcu","status":"publish","type":"page","link":"https:\/\/osmirna.splet.arnes.si\/?page_id=11955","title":{"rendered":"Podatki za stik"},"content":{"rendered":"<table style=\"height: 809px\" width=\"933\">\n<tbody>\n<tr>\n<td style=\"width: 352px\"><span style=\"color: #000000\">Telefon vrtca DETELJICA<\/span><\/td>\n<td style=\"width: 573px\"><span style=\"color: #000000\">nadstropje 07 34 35 164 (<strong>Pike, Barvice, Klobuki, Baloni, Gumbi<\/strong>)<\/span><span style=\"color: #000000\">pritli\u010dje 07 34 35 177 (<strong>Son\u010dki, \u017dogice, Ro\u017eice<\/strong>)<\/span><\/td>\n<\/tr>\n<tr>\n<td style=\"width: 352px\"><span style=\"color: #000000\">Spletna stran<\/span><\/td>\n<td style=\"width: 573px\"><span style=\"color: #000000\">www.os-mirna.si<\/span><\/td>\n<\/tr>\n<tr>\n<td style=\"width: 352px\"><span style=\"color: #000000\">Elektronski naslov<\/span><\/td>\n<td style=\"width: 573px\"><a href=\"&#x6d;&#x61;&#x69;&#x6c;&#x74;&#x6f;&#58;&#118;&#114;&#116;ecmi&#x72;&#x6e;&#x61;&#x40;&#x67;&#x6d;&#97;&#105;&#108;&#46;&#99;om\"><span style=\"color: #0000ff\">&#x76;&#x72;&#x74;&#x65;&#x63;&#x6d;&#x69;&#x72;&#x6e;&#x61;&#x40;&#x67;&#x6d;&#x61;&#x69;&#x6c;&#x2e;&#x63;&#x6f;&#x6d;<\/span><\/a> <span style=\"color: #000000\">ali<\/span><span style=\"color: #0000ff\"> <a style=\"color: #0000ff\" href=\"m&#97;&#x69;&#x6c;t&#111;&#x3a;&#x76;r&#116;&#x65;&#x63;&#64;&#111;&#x73;&#x2d;m&#105;&#x72;&#x6e;a&#46;&#115;&#x69;\">vrtec&#64;&#111;&#115;&#45;&#109;&#105;&#114;&#110;&#x61;&#x2e;&#x73;&#x69;<\/a><\/span><\/td>\n<\/tr>\n<tr>\n<td style=\"width: 352px\"><span style=\"color: #000000\">Ravnateljica<\/span><\/td>\n<td style=\"width: 573px\"><span style=\"color: #000000\">07 34 35 161&nbsp; (ga. Anica Marin\u010di\u010d)<\/span><\/td>\n<\/tr>\n<tr>\n<td style=\"width: 352px\"><span style=\"color: #000000\">Pom. ravnateljice<\/span><\/td>\n<td style=\"width: 573px\"><span style=\"color: #000000\">073435164 (ga. Mateja Lu\u017ear)<\/span><\/td>\n<\/tr>\n<tr>\n<td style=\"width: 352px\"><span style=\"color: #000000\">Tajnik VIZ<\/span><\/td>\n<td style=\"width: 573px\"><span style=\"color: #000000\">07 34 35 160 (ga. Vesna Sev\u0161ek)<\/span><\/td>\n<\/tr>\n<tr>\n<td style=\"width: 352px\"><span style=\"color: #000000\">Ra\u010dunovodkinja<\/span><\/td>\n<td style=\"width: 573px\"><span style=\"color: #000000\">07 34 35 162 (ga. Alenka Kozolc)<\/span><\/td>\n<\/tr>\n<tr>\n<td style=\"width: 352px\"><span style=\"color: #000000\">Vodja prehrane<\/span><\/td>\n<td style=\"width: 573px\">\n<p style=\"text-align: center\"><span style=\"color: #000000\">07 34 35 182 (ga. Anja Kri\u0161tof)<\/span><\/p>\n<\/td>\n<\/tr>\n<\/tbody>\n<\/table>\n<p>&nbsp;<\/p>\n","protected":false},"excerpt":{"rendered":"<p>Telefon vrtca DETELJICA nadstropje 07 34 35 164 (Pike, Barvice, Klobuki, Baloni, Gumbi)pritli\u010dje 07 34 35 177 (Son\u010dki, \u017dogice, Ro\u017eice) Spletna stran www.os-mirna.si Elektronski naslov vr&#116;&#101;&#99;&#x6d;&#x69;&#x72;&#x6e;&#x61;&#64;g&#109;&#97;&#105;&#x6c;&#x2e;&#x63;&#x6f;&#x6d; ali &#x76;&#114;&#x74;&#x65;&#99;&#x40;&#111;s&#x2d;&#109;i&#x72;&#110;a&#x2e;&#115;i Ravnateljica 07 34 35 161&nbsp; (ga.&#46;&#46;&#46;<\/p>\n","protected":false},"author":5692,"featured_media":0,"parent":0,"menu_order":0,"comment_status":"closed","ping_status":"closed","template":"","meta":{"ngg_post_thumbnail":0,"footnotes":""},"class_list":["post-11955","page","type-page","status-publish","hentry"],"_links":{"self":[{"href":"https:\/\/osmirna.splet.arnes.si\/index.php?rest_route=\/wp\/v2\/pages\/11955","targetHints":{"allow":["GET"]}}],"collection":[{"href":"https:\/\/osmirna.splet.arnes.si\/index.php?rest_route=\/wp\/v2\/pages"}],"about":[{"href":"https:\/\/osmirna.splet.arnes.si\/index.php?rest_route=\/wp\/v2\/types\/page"}],"author":[{"embeddable":true,"href":"https:\/\/osmirna.splet.arnes.si\/index.php?rest_route=\/wp\/v2\/users\/5692"}],"replies":[{"embeddable":true,"href":"https:\/\/osmirna.splet.arnes.si\/index.php?rest_route=%2Fwp%2Fv2%2Fcomments&post=11955"}],"version-history":[{"count":10,"href":"https:\/\/osmirna.splet.arnes.si\/index.php?rest_route=\/wp\/v2\/pages\/11955\/revisions"}],"predecessor-version":[{"id":31876,"href":"https:\/\/osmirna.splet.arnes.si\/index.php?rest_route=\/wp\/v2\/pages\/11955\/revisions\/31876"}],"wp:attachment":[{"href":"https:\/\/osmirna.splet.arnes.si\/index.php?rest_route=%2Fwp%2Fv2%2Fmedia&parent=11955"}],"curies":[{"name":"wp","href":"https:\/\/api.w.org\/{rel}","templated":true}]}}