{"id":135,"date":"2015-07-31T10:02:52","date_gmt":"2015-07-31T08:02:52","guid":{"rendered":"http:\/\/osmirna.splet.arnes.si\/?page_id=135"},"modified":"2025-12-09T11:25:50","modified_gmt":"2025-12-09T10:25:50","slug":"solska-prehrana-zakonodaja","status":"publish","type":"page","link":"https:\/\/osmirna.splet.arnes.si\/?page_id=135","title":{"rendered":"O \u0161olski prehrani"},"content":{"rendered":"<p align=\"center\"><span style=\"color: #000000\"><strong>\u0160OLSKA PREHRANA<\/strong><\/span><\/p>\n<p><span style=\"color: #000000\">Zdrava prehrana pripomore k bolj\u0161emu u\u010denju in v veliki meri vpliva na razpolo\u017eenje. V \u0161oli si bomo prizadevali u\u010dencem nuditi zdravo in kakovostno hrano. Prehrano urejajo Zakon o \u0161olski prehrani (UL RS, \u0161t. 43\/2010 z dne 31. 5. 2010) z vsemi spremembami in vsi podzakonski akti.<\/span><\/p>\n<p><span style=\"color: #000000\">\u0160ola do za\u010detka \u0161olskega leta seznani u\u010dence in star\u0161e o organizaciji in pravilih \u0161olske prehrane, njihovih obveznostih ter o subvencioniranju malice in kosila.<\/span><\/p>\n<p><span style=\"color: #000000\">U\u010denci prvega razreda imajo zajtrk od 7.35 do 7.50, ostali u\u010denci pa malico od 9.20 do 9.40. Vsi u\u010denci imajo mo\u017enost kositi v \u0161oli: od 11.30 do 12.05 u\u010denci prvega triletja, v \u010dasu odmora za kosilo (od 12.05 do 12.35 oz. do 12.50) pa ostali u\u010denci.<\/span><\/p>\n<p><span style=\"color: #000000\">Organizatorica \u0161olske prehrane je Anja Kri\u0161tof, ki pripravlja jedilnike in skrbi, da so na vpogled uporabnikom. Za vsa vpra\u0161anja, povezana s \u0161olsko prehrano, smo vam na voljo na elektronskem naslovu:<\/span> <span style=\"color: #0000ff\"><a style=\"color: #0000ff\" href=\"m&#97;&#x69;&#x6c;t&#111;&#x3a;&#x6f;r&#103;&#x61;&#x6e;i&#122;&#x61;&#x74;o&#114;&#x2e;&#x70;r&#101;&#104;&#x72;&#x61;n&#101;&#x40;&#x6f;s&#45;&#x6d;&#x69;r&#110;&#x61;&#x2e;s&#105;\">&#111;&#x72;g&#97;&#x6e;i&#x7a;&#x61;&#116;&#x6f;r&#46;&#x70;r&#101;&#x68;&#114;&#x61;n&#101;&#x40;o&#115;&#x2d;&#109;&#x69;&#x72;&#110;&#x61;&#46;&#115;&#x69;<\/a><\/span><\/p>\n<p style=\"text-align: center\"><span style=\"color: #000000\"><strong><em>Prijava in odjava \u0161olske prehrane ter odjava posameznih obrokov<\/em><\/strong><\/span><\/p>\n<ul>\n<li><span style=\"color: #000000\">Prijavo na \u0161olsko prehrano (malico in kosilo)&nbsp; v mesecu juniju oddajo star\u0161i, skrbniki in druge osebe, pri katerih je u\u010denec v oskrbi,&nbsp; na obrazcu, ki ga u\u010denci dobijo v \u0161oli.<\/span><\/li>\n<li><span style=\"color: #000000\">S prijavo na \u0161olsko prehrano nastopi obveznost u\u010denca oziroma njegovih star\u0161ev, da spo\u0161tujejo pravila, pla\u010dajo prevzete in nepravo\u010dasno odjavljene obroke.<\/span><\/li>\n<li><span style=\"color: #000000\">Star\u0161i obroke pravo\u010dasno odjavljajo in&nbsp; pla\u010dajo polno ceno obroka, \u010de le-ta ni pravo\u010dasno odjavljen.<\/span><\/li>\n<li><span style=\"color: #000000\">Prijava na \u0161olsko prehrano lahko kadarkoli prekli\u010dejo.<\/span><\/li>\n<li><span style=\"color: #000000\">Star\u0161i, skrbniki ali druge osebe, pri katerih je otrok v oskrbi, lahko odjavijo posamezni obrok, npr. \u010de otrok zboli itd.<\/span><\/li>\n<li><span style=\"color: #000000\">Obrok je pravo\u010dasno odjavljen, \u010de se ga na tisti dan odjavi do 8.00 ure.<\/span><\/li>\n<li><span style=\"color: #000000\">Od 1. 4. 2021 bo odjava mogo\u010da le prek portala LoPolis.<\/span><\/li>\n<li><span style=\"color: #000000\">Za u\u010denca, ki v imenu \u0161ole sodeluje pri \u0161portnih, kulturnih in drugih tekmovanjih ter sre\u010danjih in je zato odsoten od pouka, posamezni obrok odjavi \u0161ola.<\/span><\/li>\n<\/ul>\n<p>&nbsp;<\/p>\n<p><span style=\"color: #0000ff\"><a style=\"color: #0000ff\" href=\"http:\/\/pisrs.si\/Pis.web\/pregledPredpisa?id=ZAKO6564\">Zakon o \u0161olski prehrani<\/a><\/span><\/p>\n<p><span style=\"color: #0000ff\"><a style=\"color: #0000ff\" href=\"https:\/\/osmirna.splet.arnes.si\/files\/2025\/12\/Pravila-solske-prehrane.docx\">Pravila \u0161olske prehrane (docx)<\/a><\/span><\/p>\n<p><span style=\"color: #0000ff\"><strong><em>&nbsp;<\/em><\/strong><\/span><\/p>\n\n\n<p><\/p>\n","protected":false},"excerpt":{"rendered":"<p>\u0160OLSKA PREHRANA Zdrava prehrana pripomore k bolj\u0161emu u\u010denju in v veliki meri vpliva na razpolo\u017eenje. V \u0161oli si bomo prizadevali u\u010dencem nuditi zdravo in kakovostno hrano. Prehrano urejajo Zakon o \u0161olski prehrani (UL RS,&#46;&#46;&#46;<\/p>\n","protected":false},"author":5692,"featured_media":0,"parent":0,"menu_order":0,"comment_status":"open","ping_status":"open","template":"","meta":{"ngg_post_thumbnail":0,"footnotes":""},"class_list":["post-135","page","type-page","status-publish","hentry"],"_links":{"self":[{"href":"https:\/\/osmirna.splet.arnes.si\/index.php?rest_route=\/wp\/v2\/pages\/135","targetHints":{"allow":["GET"]}}],"collection":[{"href":"https:\/\/osmirna.splet.arnes.si\/index.php?rest_route=\/wp\/v2\/pages"}],"about":[{"href":"https:\/\/osmirna.splet.arnes.si\/index.php?rest_route=\/wp\/v2\/types\/page"}],"author":[{"embeddable":true,"href":"https:\/\/osmirna.splet.arnes.si\/index.php?rest_route=\/wp\/v2\/users\/5692"}],"replies":[{"embeddable":true,"href":"https:\/\/osmirna.splet.arnes.si\/index.php?rest_route=%2Fwp%2Fv2%2Fcomments&post=135"}],"version-history":[{"count":15,"href":"https:\/\/osmirna.splet.arnes.si\/index.php?rest_route=\/wp\/v2\/pages\/135\/revisions"}],"predecessor-version":[{"id":34598,"href":"https:\/\/osmirna.splet.arnes.si\/index.php?rest_route=\/wp\/v2\/pages\/135\/revisions\/34598"}],"wp:attachment":[{"href":"https:\/\/osmirna.splet.arnes.si\/index.php?rest_route=%2Fwp%2Fv2%2Fmedia&parent=135"}],"curies":[{"name":"wp","href":"https:\/\/api.w.org\/{rel}","templated":true}]}}