{"id":144,"date":"2015-07-31T10:13:43","date_gmt":"2015-07-31T08:13:43","guid":{"rendered":"http:\/\/osmirna.splet.arnes.si\/?page_id=144"},"modified":"2025-06-18T23:10:39","modified_gmt":"2025-06-18T21:10:39","slug":"pravilnik-o-poslovanju-knjiznice-in-knjiznicni-red","status":"publish","type":"page","link":"https:\/\/osmirna.splet.arnes.si\/?page_id=144","title":{"rendered":"POSLOVANJE KNJI\u017dNICE in knji\u017eni\u010dni red"},"content":{"rendered":"<p><strong>KNJI\u017dNICA IN POSTAVITEV GRADIVA<\/strong><\/p>\n<p>V knji\u017enici je&nbsp;zaposlena ena oseba&nbsp;z ustrezno strokovno &#8211; knji\u017eni\u010darsko izobrazbo. Procent zaposlenosti je dolo\u010den glede na \u0161tevilo oddelkov v dolo\u010denem \u0161olskem letu.<\/p>\n<p>Knji\u017enica hrani gradivo na treh lokacijah: O\u0160, O\u0160PP in VRTEC Deteljica. O\u0160 ima razli\u010dne postavitve za gradivo: knji\u017enica, kabineti in razredi.<\/p>\n<p>V prostoru knji\u017enice je gradivo razporejeno v koti\u010dkih:<\/p>\n<ul>\n<li>C- koti\u010dek,<\/li>\n<li>niz polic s P, M, L in poezijo,<\/li>\n<li>\u010ditalnica s pou\u010dnim\/strokovnim ter poljudnoznanstvenim gradivom, razporejenim po UDK sistemu<\/li>\n<li>koti\u010dek s serijskim gradivom,<\/li>\n<li>koti\u010dek z u\u010dbeniki,<\/li>\n<li>medijski koti\u010dek.<\/li>\n<\/ul>\n<p><strong>&nbsp;<\/strong><strong>COBISS<\/strong><\/p>\n<p><strong>Od leta 2016 se gradivo popisuje in izposoja v COBISSu<\/strong> (Kooperativni online bibliografski sistem in servisi) &#8211; slovenski knji\u017eni\u010dni informacijski sistem, ki ga je razvil IZUM (Institut informacijskih znanosti) v Mariboru.<\/p>\n<p>Prevzeto gradivo je opremljeno z nalepko na naslovni platnici, ki nosi naslednje podatke: ime knji\u017enice, signaturo, avtorstvo, naslov, \u010drtno kodo in inventarno \u0161tevilko. Na hrbtni strani naslovnice pa je \u017eig knji\u017enice in ro\u010dno zapisana inventarna \u0161tevilka.<\/p>\n<p><strong>\u010cLANSTVO <\/strong><\/p>\n<p>Ob vpisu &nbsp;na na\u0161o \u0161olo postanejo u\u010denci hkrati tudi&nbsp;\u010dlani&nbsp;\u0161olske knji\u017enice.<strong>&nbsp;<\/strong>\u010clani \u0161olske knji\u017enice so tudi vsi zaposleni delavci na \u0161oli. <strong>\u010clanarine ni<\/strong>.<\/p>\n<p><strong>PROSTI PRISTOP <\/strong><\/p>\n<p>Do gradiva v prostoru knji\u017enice se prosto pristopa. Gradivo v kabinetih pa je dostopno le strokovnim delavcem. Z dovoljenjem knji\u017eni\u010darke ali drugega strokovnega delavca so mo\u017ene tudi izjeme.<\/p>\n<p><strong>IZPOSOJA <\/strong><\/p>\n<p><strong>Izposoja za u\u010dence je dolo\u010dena z urnikom<\/strong>. Urnik je objavljen na spletni strani \u0161ole, na vhodu knji\u017enice in na oglasnih deskah. Velja na\u010delo prostega pristopa, knji\u017eni\u010darka pa pomaga in svetuje. Uporabnikom je na ra\u010dunalnikih v knji\u017enici na voljo spletna aplikacija <strong>COBISS+<\/strong> za iskanje gradiva po bazi doma\u010de \u0161olske knji\u017enice in vseh drugih knji\u017enic, ki so vklju\u010dene v sistem COBISS.<br \/>\n<strong><br \/>\nIzposojevalni rok za knji\u017eno gradivo&nbsp;<\/strong>je 21 dni, mo\u017eno ga je podalj\u0161ati \u0161e za teden dni ali ve\u010d, \u010de po njem ni povpra\u0161evanja.<\/p>\n<p><strong>Serijsko<\/strong>&nbsp;(revije, \u010dasniki),&nbsp;<strong>referen\u010dno<\/strong>&nbsp;(enciklopedije, slovarji, atlasi, nekateri leksikoni) in&nbsp;&nbsp;<strong>mediote\u010dno&nbsp;<\/strong>(DVD, CD-ROM, CD in druge zgo\u0161\u010denke) gradivo je namenjeno predvsem za uporabo&nbsp;<strong>v knji\u017enici in \u0161olskih prostorih<\/strong>. Po dogovoru si ga lahko na dom izposodijo tudi u\u010denci, <strong>izposojevalni rok v takem primeru je 14 dni,&nbsp;<\/strong>mo\u017eno pa ga je podalj\u0161ati \u0161e za teden dni ali ve\u010d, \u010de po njem ni povpra\u0161evanja.<\/p>\n<p><strong>Gradivo, ki <\/strong><strong>se nahaja v kabinetih in u\u010dilnicah, <\/strong>locirano kot strokovna knji\u017enica<strong>,<\/strong>&nbsp;in je dolo\u010denemu strokovnemu delavcu stalni u\u010dni pripomo\u010dek,&nbsp; u\u010dencem ni dostopno. Lahko si ga izposodijo le po dogovoru s strokovnim delavcem ali knji\u017eni\u010darko.<\/p>\n<p><strong>Zamudnine<\/strong><strong>&nbsp;ni,<\/strong> vendar se u\u010dencem, ki jim je izposojevalni rok potekel, ne izposoja, dokler ne poravnajo obveznosti.<\/p>\n<p><strong>Mo\u017ene so tudi&nbsp;rezervacije<\/strong>&nbsp;gradiva, vendar po presoji knji\u017eni\u010darke, kadar je rezervacija smiselna.<\/p>\n<p><strong>Pred poletnimi po\u010ditnicami&nbsp;<\/strong><strong>morajo u\u010denci vse izposojeno gradivo vrniti.<\/strong> Aktivni in odgovorni uporabniki si lahko izposodijo gradivo tudi za obdobje po\u010ditnic.<br \/>\n<strong>Strokovni delavci morajo pred poletnimi po\u010ditnicami&nbsp;preveriti&nbsp;svoje&nbsp; sezname izposoje<\/strong> in vrniti tisto, kar ne potrebujejo.<\/p>\n<p><strong>OD\u0160KODNINE ZA PO\u0160KODOVANO ALI IZGUBLJENO GRADIVO<\/strong><\/p>\n<p>Po\u0161kodovano ali izgubljeno knji\u017eni\u010dno gradivo je potrebno&nbsp;<strong>nadomestiti z novo enako enoto<\/strong>, \u010de je to mo\u017eno.<br \/>\nZa gradivo, ki ga ni mo\u017eno nadomestiti z novo enako enoto, mora uporabnik&nbsp;<strong>nadomestiti enoto z vsebinsko enakovrednim gradivom ali pa pla\u010dati ustrezno\/sorazmerno vsoto po dogovoru s knji\u017eni\u010darko.<\/strong><\/p>\n<p><strong>DEJAVNOSTI V KNJI\u017dNICI<\/strong><\/p>\n<p>V delavni obveznosti zaposlenega v knji\u017enici&nbsp;je interno bibliotekarsko strokovno delo, pedago\u0161ko delo in drugo.<br \/>\n<strong>Pedago\u0161ke ure z oddelki in skupinami, interesne dejavnosti ter izposoja<\/strong>&nbsp;<strong>oddelkom in skupinam so prioritetne dejavnosti v knji\u017enici. <\/strong>Takrat je knji\u017enica za ostale uporabnike zaprta.<strong>&nbsp;<\/strong>Uporabniki so dol\u017eni upo\u0161tevati urnik in omejitve, ki so razvidne na urniku ali na obvestilu pred vhodom v knji\u017enico.<br \/>\n<strong>Uporaba ra\u010dunalnikov in drugih medijev&nbsp;v knji\u017enici <\/strong>je mo\u017ena takrat, kadar ne ovira drugo delo v istem prostoru.&nbsp;Ra\u010dunalniki<strong>&nbsp;<\/strong>so u\u010dencem namenjeni predvsem za iskanje gradiva v COBISS+, pisanje in oblikovanje besedil,&nbsp; iskanje informacij in vsebin, predvsem tistih, ki so povezane s poukom. Prednost imajo u\u010denci, ki \u017eelijo brskati po vsebinah, povezanih s \u0161olskimi vsebinami. \u010ce teh potreb ni, lahko u\u010denci uporabijo ra\u010dunalnike tudi za zabavne vsebine: poslu\u0161anje glasbe, spretnostne igre, kvizi\u2026 Brskanje po socialnih omre\u017ejih (Instagram, Facebook, TikTok\u2026) ni dovoljeno.<\/p>\n<p><strong>PRAVILA OBNA\u0160ANJA V KNJI\u017dNICI<\/strong><\/p>\n<ol>\n<li>V knji\u017enico vstopam&nbsp;<strong>kulturno<\/strong>, ob prihodu in odhodu&nbsp;<strong>pozdravim<\/strong>!<\/li>\n<\/ol>\n<ol start=\"2\">\n<li>V primeru gne\u010de, <strong>po\u010dakam&nbsp;<\/strong>v vrsti in sem strpen, \u017eeljo izrazim s&nbsp;<strong>prosim<\/strong>!<\/li>\n<\/ol>\n<ol start=\"3\">\n<li>Ob pravem \u010dasu znam re\u010di <strong>hvala<\/strong>!<\/li>\n<\/ol>\n<ol start=\"4\">\n<li>Govorim&nbsp;<strong>polglasno<\/strong>!<\/li>\n<\/ol>\n<ol start=\"5\">\n<li><strong>Torbo <\/strong>odlo\u017eim na mesto, ki je manj prehodno!<\/li>\n<\/ol>\n<ol start=\"6\">\n<li><strong>Hrano, pija\u010do <\/strong>in&nbsp;<strong>mobitela<\/strong> ne nosim v knji\u017enico!<\/li>\n<\/ol>\n<ol start=\"7\">\n<li><strong>Pomagam mlaj\u0161im u\u010dencem<\/strong> pri izbiranju gradiva!<\/li>\n<\/ol>\n<ol start=\"8\">\n<li><strong>Knjige izbiram <\/strong>premi\u0161ljeno; postavim jih nazaj na stalno mesto!<\/li>\n<\/ol>\n<ol start=\"9\">\n<li><strong>Pospravim <\/strong>za seboj!<\/li>\n<\/ol>\n<ol start=\"10\">\n<li>V \u010ditalnici:<\/li>\n<\/ol>\n<ul>\n<li>se pripravljam <strong>na pouk, <\/strong><\/li>\n<li><strong>se u\u010dim,&nbsp;<\/strong><\/li>\n<li>delam&nbsp;<strong>doma\u010do nalogo <\/strong>(delam sam, ne prepisujem od drugih),<\/li>\n<li><strong>berem <\/strong>knjige in revije,<\/li>\n<li><strong>re\u0161ujem<\/strong> kri\u017eanke, rebuse\u2026<\/li>\n<li><strong>tiho se pogovarjam<\/strong> s prijatelji<\/li>\n<\/ul>\n<p>\u010ce se posamezniki ali skupine&nbsp;<strong>ne dr\u017eijo pravil<\/strong>, izgubijo pravico do zadr\u017eevanja v knji\u017enici ali pa se jim izre\u010de ustrezno kazen po dogovoru z razrednikom.<\/p>\n<p><strong>Strokovni delavci \u0161ole so prav tako dol\u017eni poznati<\/strong> <strong>Poslovanje knji\u017enice in knji\u017eni\u010dni red<\/strong>, priporo\u010deno je, da ga razredniki skupaj z u\u010denci v oddel\u010dnih skupnostih ve\u010dkrat obnovijo.<\/p>\n","protected":false},"excerpt":{"rendered":"<p>KNJI\u017dNICA IN POSTAVITEV GRADIVA V knji\u017enici je&nbsp;zaposlena ena oseba&nbsp;z ustrezno strokovno &#8211; knji\u017eni\u010darsko izobrazbo. Procent zaposlenosti je dolo\u010den glede na \u0161tevilo oddelkov v dolo\u010denem \u0161olskem letu. Knji\u017enica hrani gradivo na treh lokacijah: O\u0160, O\u0160PP&#46;&#46;&#46;<\/p>\n","protected":false},"author":5692,"featured_media":0,"parent":0,"menu_order":0,"comment_status":"open","ping_status":"open","template":"","meta":{"ngg_post_thumbnail":0,"footnotes":""},"class_list":["post-144","page","type-page","status-publish","hentry"],"_links":{"self":[{"href":"https:\/\/osmirna.splet.arnes.si\/index.php?rest_route=\/wp\/v2\/pages\/144","targetHints":{"allow":["GET"]}}],"collection":[{"href":"https:\/\/osmirna.splet.arnes.si\/index.php?rest_route=\/wp\/v2\/pages"}],"about":[{"href":"https:\/\/osmirna.splet.arnes.si\/index.php?rest_route=\/wp\/v2\/types\/page"}],"author":[{"embeddable":true,"href":"https:\/\/osmirna.splet.arnes.si\/index.php?rest_route=\/wp\/v2\/users\/5692"}],"replies":[{"embeddable":true,"href":"https:\/\/osmirna.splet.arnes.si\/index.php?rest_route=%2Fwp%2Fv2%2Fcomments&post=144"}],"version-history":[{"count":15,"href":"https:\/\/osmirna.splet.arnes.si\/index.php?rest_route=\/wp\/v2\/pages\/144\/revisions"}],"predecessor-version":[{"id":33393,"href":"https:\/\/osmirna.splet.arnes.si\/index.php?rest_route=\/wp\/v2\/pages\/144\/revisions\/33393"}],"wp:attachment":[{"href":"https:\/\/osmirna.splet.arnes.si\/index.php?rest_route=%2Fwp%2Fv2%2Fmedia&parent=144"}],"curies":[{"name":"wp","href":"https:\/\/api.w.org\/{rel}","templated":true}]}}