{"id":15153,"date":"2020-05-28T07:39:16","date_gmt":"2020-05-28T05:39:16","guid":{"rendered":"http:\/\/osmirna.splet.arnes.si\/?page_id=15153"},"modified":"2025-02-19T21:52:33","modified_gmt":"2025-02-19T20:52:33","slug":"projekt-objem","status":"publish","type":"page","link":"https:\/\/osmirna.splet.arnes.si\/?page_id=15153","title":{"rendered":"Projekt OBJEM"},"content":{"rendered":"<div id=\"attachment_15165\" style=\"width: 710px\" class=\"wp-caption aligncenter\"><a href=\"http:\/\/www.eu-skladi.si\/\" target=\"_blank\" rel=\"noopener\"><img loading=\"lazy\" decoding=\"async\" aria-describedby=\"caption-attachment-15165\" class=\"wp-image-15165 size-full\" src=\"https:\/\/osmirna.splet.arnes.si\/files\/2020\/05\/BannerESS_OBJEM.jpg\" alt=\"Logotip projekta OBJEM\" width=\"700\" height=\"215\" srcset=\"https:\/\/osmirna.splet.arnes.si\/files\/2020\/05\/BannerESS_OBJEM.jpg 700w, https:\/\/osmirna.splet.arnes.si\/files\/2020\/05\/BannerESS_OBJEM-300x92.jpg 300w\" sizes=\"auto, (max-width: 700px) 100vw, 700px\" \/><\/a><p id=\"caption-attachment-15165\" class=\"wp-caption-text\"><span style=\"color: #000000\">Projekt Bralna pismenost in razvoj sloven\u0161\u010dine \u2013 OBJEM (Ozave\u0161\u010danje, Branje, Jezik, Evalvacije, Modeli)<\/span><\/p><\/div>\n<p><span style=\"color: #000000\"><strong>Osnovni podatki o projektu:<\/strong><\/span><\/p>\n<p><span style=\"color: #000000\">Projekt poteka v sklopu razpisa: \u00bb<em>Razvoj in udejanjanje inovativnih u\u010dnih okolij in pro\u017enih oblik u\u010denja za dvig splo\u0161nih kompetenc\u00ab v sklopu 1: Sporazumevalna zmo\u017enost: bralna in kulturna pismenost ter ve\u010djezi\u010dnost, to\u010dneje sklop 1.1. Bralna pismenost in razvoj sloven\u0161\u010dine<\/em>. Oblikovan akronim projekta je&nbsp;<strong>OBJEM&nbsp;<\/strong>(Ozave\u0161\u010danje, Branje, Jezik, Evalvacija, Modeli).<\/span><\/p>\n<p><span style=\"color: #000000\">Sodelujo\u010di v projektu:<\/span><\/p>\n<ul>\n<li><span style=\"color: #000000\">ZRS\u0160 \u2013 vodenje projekta,<\/span><\/li>\n<li><span style=\"color: #000000\">sodelujo\u010di konzorcijski partnerji: vzgojno-izobra\u017eevalni zavodi: 12 vrtcev, 25 osnovnih \u0161ol, 22 srednjih \u0161ol;<\/span><\/li>\n<li><span style=\"color: #000000\">Univerza v Ljubljani: Filozofska fakulteta, Pedago\u0161ka fakulteta, Fakulteta za ra\u010dunalni\u0161tvo,<\/span><\/li>\n<li><span style=\"color: #000000\">Univerza v Mariboru: Pedago\u0161ka fakulteta in<\/span><\/li>\n<li><span style=\"color: #000000\">Pedago\u0161ki in\u0161titut.<\/span><\/li>\n<\/ul>\n<p><span style=\"color: #000000\"><strong>Finan\u010dna podpora:<\/strong><\/span><\/p>\n<p><span style=\"color: #000000\">Skupna vi\u0161ina sredstev, namenjenih za izvedbo projekta, zna\u0161a&nbsp;2.550.000,00 EUR.<\/span><br \/>\n<span style=\"color: #000000\">Nalo\u017ebo sofinancirata Republika Slovenija in Evropska unija iz Evropskega socialnega sklada.<\/span><\/p>\n<p>&nbsp;<\/p>\n<p class=\"yiv3024939050MsoNormal\" style=\"text-align: center\"><span style=\"color: #000000\">Spletna stran projekta OBJEM poslovode\u010dega partnerja Zavoda RS za \u0161olstvo:<\/span>&nbsp;<span style=\"color: #0000ff\"><a style=\"color: #0000ff\" href=\"https:\/\/www.zrss.si\/objava\/projekt-objem\" target=\"_blank\" rel=\"nofollow noopener\">https:\/\/www.zrss.si\/objava\/projekt-objem<\/a><\/span><\/p>\n<p class=\"yiv3024939050MsoNormal\">&nbsp;<\/p>\n<p>&nbsp;<\/p>\n<p>&nbsp;<\/p>\n<p>&nbsp;<\/p>\n<p>&nbsp;<\/p>\n<p style=\"text-align: center\">&nbsp;<\/p>\n","protected":false},"excerpt":{"rendered":"<p>Osnovni podatki o projektu: Projekt poteka v sklopu razpisa: \u00bbRazvoj in udejanjanje inovativnih u\u010dnih okolij in pro\u017enih oblik u\u010denja za dvig splo\u0161nih kompetenc\u00ab v sklopu 1: Sporazumevalna zmo\u017enost: bralna in kulturna pismenost ter ve\u010djezi\u010dnost,&#46;&#46;&#46;<\/p>\n","protected":false},"author":5692,"featured_media":0,"parent":0,"menu_order":0,"comment_status":"closed","ping_status":"closed","template":"","meta":{"ngg_post_thumbnail":0,"footnotes":""},"class_list":["post-15153","page","type-page","status-publish","hentry"],"_links":{"self":[{"href":"https:\/\/osmirna.splet.arnes.si\/index.php?rest_route=\/wp\/v2\/pages\/15153","targetHints":{"allow":["GET"]}}],"collection":[{"href":"https:\/\/osmirna.splet.arnes.si\/index.php?rest_route=\/wp\/v2\/pages"}],"about":[{"href":"https:\/\/osmirna.splet.arnes.si\/index.php?rest_route=\/wp\/v2\/types\/page"}],"author":[{"embeddable":true,"href":"https:\/\/osmirna.splet.arnes.si\/index.php?rest_route=\/wp\/v2\/users\/5692"}],"replies":[{"embeddable":true,"href":"https:\/\/osmirna.splet.arnes.si\/index.php?rest_route=%2Fwp%2Fv2%2Fcomments&post=15153"}],"version-history":[{"count":9,"href":"https:\/\/osmirna.splet.arnes.si\/index.php?rest_route=\/wp\/v2\/pages\/15153\/revisions"}],"predecessor-version":[{"id":31830,"href":"https:\/\/osmirna.splet.arnes.si\/index.php?rest_route=\/wp\/v2\/pages\/15153\/revisions\/31830"}],"wp:attachment":[{"href":"https:\/\/osmirna.splet.arnes.si\/index.php?rest_route=%2Fwp%2Fv2%2Fmedia&parent=15153"}],"curies":[{"name":"wp","href":"https:\/\/api.w.org\/{rel}","templated":true}]}}