{"id":1547,"date":"2015-11-05T09:18:16","date_gmt":"2015-11-05T08:18:16","guid":{"rendered":"http:\/\/osmirna.splet.arnes.si\/?page_id=1547"},"modified":"2025-02-19T22:27:39","modified_gmt":"2025-02-19T21:27:39","slug":"natecaj-povezovanje-med-jeziki","status":"publish","type":"page","link":"https:\/\/osmirna.splet.arnes.si\/?page_id=1547","title":{"rendered":"NATE\u010cAJ: POVEZOVANJE MED JEZIKI"},"content":{"rendered":"<p>PREDSTAVITEV OSNOVNE \u0160OLE MIRNA IN NJENE OKOLICE V OSMIH JEZIKIH<\/p>\n<p>Zavod Republike Slovenije za \u0161olstvo je v septembru 2015 povabil u\u010ditelje, da na \u0161olah malo druga\u010de obele\u017eimo 26. september, evropski dan jezikov. Leto\u0161nji poudarek je na povezovanju med jeziki. U\u010denci in u\u010ditelji naj bi izvedli dejavnosti, ki pri otrocih spodbujajo u\u010denje ve\u010d jezikov, ozave\u0161\u010dajo o bogastvu jezikovne pestrosti in medkulturnem dialogu. V ospredju naj bi bili jeziki, ki jih govorijo u\u010denci doma ali v \u0161oli, oziroma jeziki, ki so prisotni v bli\u017enjem ali \u0161ir\u0161em okolju.<\/p>\n<p>Osmo\u0161olci so v ta namen predlagali predstavitev na\u0161e \u0161ole in okolice v \u010dim ve\u010d jezikih v obliki kratkega filma. Najprej smo napisali besedilo v sloven\u0161\u010dini. Za tem smo razmi\u0161ljali o jezikih, prisotnih v na\u0161em okolju. Med urami angle\u0161\u010dine in nem\u0161\u010dine sta pod mentorstvom Irene Dular in Simone Ko\u0161\u010dak nastajala prevoda v omenjena jezika. U\u010denca, ki govorita albanski in bosanski jezik, Elsa Matoshi in Ismail Velja\u010di\u0107, sta besedilo iz sloven\u0161\u010dine prevedla v svoj materni jezik. U\u010diteljica Marlies Bra\u010dko je prispevala prevod v nizozem\u0161\u010dino. Barbara Lokar je besedilo prevedla v italijan\u0161\u010dino, h\u010di Klara Kramar pa ga je prebrala. Mariusz Hysz, prijatelj osmo\u0161olke, je pomagal s prevodom v polj\u0161\u010dino. Sledilo je snemanje in fotografiranje \u0161ole, utripa na \u0161oli in okolice ter monta\u017ea, pri \u010demer nam je pomagal Igor Vi\u0161\u010dek. Mladinski pevski zbor O\u0160 Mirna z zborovodkinjo Megi Sotlar pa je v ta namen z veseljem zapel himno Mirne. S sodelovanjem u\u010dencev, u\u010diteljev, drugih zaposlenih na \u0161oli, star\u0161ev in prijateljev u\u010dencev smo naredili nekaj, kar je za nas novo, zanimivo in prenosljivo v druga u\u010dna okolja. Ob nastajanju kon\u010dnega izdelka smo pridobili novo znanje in \u0161irili obzorja, obenem pa tudi spoznali, kaj bi lahko v prihodnje naredili bolje. Veseli me predvsem dejstvo, da so vsi sodelujo\u010di pokazali ogromno dobre volje in izvedbi projekta namenili svoj prosti \u010das, za kar se jim \u0161e enkrat zahvaljujem.<\/p>\n<p>Vabljeni k ogledu!<\/p>\n<p>National Education Institute of the Republic of Slovenia (ZRSS) is the main national research, development and consultancy institution in the field of pre-school, primary and general secondary education. In September 2015 they invited teachers across Slovenia to celebrate The European Day of Languages (26<sup>th<\/sup> September) in a new and interesting way and to share the experience on their Internet forum.<\/p>\n<p>Students (aged 13) suggested to present Mirna Primary School with its surroundings in Slovene and other languages, spoken among students at school and at home, by their teachers or friends. We agreed on a video presentation. We wrote the text in Slovenian and translated it in English and German during the English and German classes. Our PE teacher, Marlies Bra\u010dko, born in the Netherlands, did the Dutch translation. Our student&#8217;s mum, Barbara Lokar, translated the text in Italian. It was narrated by her daughter Klara Kramar. Two of our students wrote and narrated the text in their mother tongue: Ismail Velja\u010di\u0107 in Bosnian and Elsa Matoshi in Albanian. Our student&#8217;s friend, Mariusz Hysz, born and raised in Poland, contributed the Polish translation. With the help of other employees and the school choir we managed to realise the project. You are invited to watch the videos about our school and town in eight different languages.<\/p>\n<p style=\"text-align: right\">U\u010diteljica Irena Dular<\/p>\n<p style=\"text-align: left\">Film v sloven\u0161\u010dini<\/p>\n<div class=\"video-container\"><iframe loading=\"lazy\" title=\"OSMIRNA sloven\u0161\u010dina\" width=\"500\" height=\"281\" src=\"https:\/\/www.youtube.com\/embed\/GTG8qkubZQw?feature=oembed&#038;wmode=opaque\" frameborder=\"0\" allow=\"accelerometer; autoplay; clipboard-write; encrypted-media; gyroscope; picture-in-picture; web-share\" referrerpolicy=\"strict-origin-when-cross-origin\" allowfullscreen><\/iframe><\/div>\n<p style=\"text-align: left\">Film v angle\u0161\u010dini<\/p>\n<div class=\"video-container\"><iframe loading=\"lazy\" title=\"OSMIRNA angle\u0161\u010dina\" width=\"500\" height=\"281\" src=\"https:\/\/www.youtube.com\/embed\/s2w8slk8gW8?feature=oembed&#038;wmode=opaque\" frameborder=\"0\" allow=\"accelerometer; autoplay; clipboard-write; encrypted-media; gyroscope; picture-in-picture; web-share\" referrerpolicy=\"strict-origin-when-cross-origin\" allowfullscreen><\/iframe><\/div>\n<p style=\"text-align: left\">Film v nizozem\u0161\u010dini<\/p>\n<div class=\"video-container\"><iframe loading=\"lazy\" title=\"OSMIRNA nizozem\u0161\u010dina\" width=\"500\" height=\"281\" src=\"https:\/\/www.youtube.com\/embed\/QLAE9Tcl6Is?feature=oembed&#038;wmode=opaque\" frameborder=\"0\" allow=\"accelerometer; autoplay; clipboard-write; encrypted-media; gyroscope; picture-in-picture; web-share\" referrerpolicy=\"strict-origin-when-cross-origin\" allowfullscreen><\/iframe><\/div>\n<p style=\"text-align: left\">Film v italijan\u0161\u010dini<\/p>\n<div class=\"video-container\"><iframe loading=\"lazy\" title=\"OSMIRNA italijan\u0161\u010dina\" width=\"500\" height=\"281\" src=\"https:\/\/www.youtube.com\/embed\/ncFMxB_DGMo?feature=oembed&#038;wmode=opaque\" frameborder=\"0\" allow=\"accelerometer; autoplay; clipboard-write; encrypted-media; gyroscope; picture-in-picture; web-share\" referrerpolicy=\"strict-origin-when-cross-origin\" allowfullscreen><\/iframe><\/div>\n<p style=\"text-align: left\">Film v nem\u0161\u010dini<\/p>\n<div class=\"video-container\"><iframe loading=\"lazy\" title=\"OSMIRNA nem\u0161\u010dina\" width=\"500\" height=\"281\" src=\"https:\/\/www.youtube.com\/embed\/wTyhrpBQvZs?feature=oembed&#038;wmode=opaque\" frameborder=\"0\" allow=\"accelerometer; autoplay; clipboard-write; encrypted-media; gyroscope; picture-in-picture; web-share\" referrerpolicy=\"strict-origin-when-cross-origin\" allowfullscreen><\/iframe><\/div>\n<p style=\"text-align: left\">Film v polj\u0161\u010dini<\/p>\n<div class=\"video-container\"><iframe loading=\"lazy\" title=\"OSMIRNA polj\u0161\u010dina\" width=\"500\" height=\"281\" src=\"https:\/\/www.youtube.com\/embed\/eKTK6x-L2aY?feature=oembed&#038;wmode=opaque\" frameborder=\"0\" allow=\"accelerometer; autoplay; clipboard-write; encrypted-media; gyroscope; picture-in-picture; web-share\" referrerpolicy=\"strict-origin-when-cross-origin\" allowfullscreen><\/iframe><\/div>\n<p>Film v bosan\u0161\u010dini<\/p>\n<div class=\"video-container\"><iframe loading=\"lazy\" title=\"OSMIRNA bosan\u0161\u010dina\" width=\"500\" height=\"281\" src=\"https:\/\/www.youtube.com\/embed\/VgCsAVDblzc?feature=oembed&#038;wmode=opaque\" frameborder=\"0\" allow=\"accelerometer; autoplay; clipboard-write; encrypted-media; gyroscope; picture-in-picture; web-share\" referrerpolicy=\"strict-origin-when-cross-origin\" allowfullscreen><\/iframe><\/div>\n<p>Film v alban\u0161\u010dini<\/p>\n<div class=\"video-container\"><iframe loading=\"lazy\" title=\"OSMIRNA alban\u0161\u010dina\" width=\"500\" height=\"281\" src=\"https:\/\/www.youtube.com\/embed\/PXqNoda3aVk?feature=oembed&#038;wmode=opaque\" frameborder=\"0\" allow=\"accelerometer; autoplay; clipboard-write; encrypted-media; gyroscope; picture-in-picture; web-share\" referrerpolicy=\"strict-origin-when-cross-origin\" allowfullscreen><\/iframe><\/div>\n<p>&nbsp;<\/p>\n<p>&nbsp;<\/p>\n<p>&nbsp;<\/p>\n<p>&nbsp;<\/p>\n<p>&nbsp;<\/p>\n","protected":false},"excerpt":{"rendered":"<p>PREDSTAVITEV OSNOVNE \u0160OLE MIRNA IN NJENE OKOLICE V OSMIH JEZIKIH Zavod Republike Slovenije za \u0161olstvo je v septembru 2015 povabil u\u010ditelje, da na \u0161olah malo druga\u010de obele\u017eimo 26. september, evropski dan jezikov. Leto\u0161nji poudarek&#46;&#46;&#46;<\/p>\n","protected":false},"author":5692,"featured_media":0,"parent":0,"menu_order":0,"comment_status":"closed","ping_status":"closed","template":"","meta":{"ngg_post_thumbnail":0,"footnotes":""},"class_list":["post-1547","page","type-page","status-publish","hentry"],"_links":{"self":[{"href":"https:\/\/osmirna.splet.arnes.si\/index.php?rest_route=\/wp\/v2\/pages\/1547","targetHints":{"allow":["GET"]}}],"collection":[{"href":"https:\/\/osmirna.splet.arnes.si\/index.php?rest_route=\/wp\/v2\/pages"}],"about":[{"href":"https:\/\/osmirna.splet.arnes.si\/index.php?rest_route=\/wp\/v2\/types\/page"}],"author":[{"embeddable":true,"href":"https:\/\/osmirna.splet.arnes.si\/index.php?rest_route=\/wp\/v2\/users\/5692"}],"replies":[{"embeddable":true,"href":"https:\/\/osmirna.splet.arnes.si\/index.php?rest_route=%2Fwp%2Fv2%2Fcomments&post=1547"}],"version-history":[{"count":15,"href":"https:\/\/osmirna.splet.arnes.si\/index.php?rest_route=\/wp\/v2\/pages\/1547\/revisions"}],"predecessor-version":[{"id":31846,"href":"https:\/\/osmirna.splet.arnes.si\/index.php?rest_route=\/wp\/v2\/pages\/1547\/revisions\/31846"}],"wp:attachment":[{"href":"https:\/\/osmirna.splet.arnes.si\/index.php?rest_route=%2Fwp%2Fv2%2Fmedia&parent=1547"}],"curies":[{"name":"wp","href":"https:\/\/api.w.org\/{rel}","templated":true}]}}