{"id":16797,"date":"2020-11-17T21:22:30","date_gmt":"2020-11-17T20:22:30","guid":{"rendered":"http:\/\/osmirna.splet.arnes.si\/?page_id=16797"},"modified":"2025-10-08T10:08:50","modified_gmt":"2025-10-08T08:08:50","slug":"porocila","status":"publish","type":"page","link":"https:\/\/osmirna.splet.arnes.si\/?page_id=16797","title":{"rendered":"Poro\u010dila"},"content":{"rendered":"<p><span style=\"color: #0000ff\"><a style=\"color: #0000ff\" href=\"http:\/\/osmirna.splet.arnes.si\/files\/2015\/07\/PORO\u010cILO-ZA-\u0160OLSKO-LETO-2018-2019-.pdf\">Poro\u010dilo za \u0161olsko leto 2018 &#8211; 2019<\/a><\/span><\/p>\n<p><span style=\"color: #0000ff\"><a style=\"color: #0000ff\" href=\"http:\/\/osmirna.splet.arnes.si\/files\/2020\/11\/PORO\u010cILO-ZA-\u0160OLSKO-LETO-2019-2020.docx\">Poro\u010dilo za \u0161olsko leto 2019 &#8211; 2020<\/a><\/span><\/p>\n<p><span style=\"color: #0000ff\"><a style=\"color: #0000ff\" href=\"https:\/\/osmirna.splet.arnes.si\/files\/2021\/10\/Poro\u010dilo-o-delu-za-\u0161olsko-leto-2021-22.pdf\">Poro\u010dilo o delu za \u0161olsko leto 2021-22<\/a><\/span><\/p>\n<p><span style=\"color: #0000ff\"><a style=\"color: #0000ff\" href=\"https:\/\/osmirna.splet.arnes.si\/files\/2024\/10\/Porocilo-za-solsko-leto-2023-2024.pdf\">Poro\u010dilo za \u0161olsko leto 2023-2024<\/a><\/span><\/p>\n<p><span style=\"color: #0000ff\"><a style=\"color: #0000ff\" href=\"https:\/\/osmirna.splet.arnes.si\/files\/2025\/02\/Letno-porocilo-2024.pdf\">Poro\u010dilo za \u0161olsko leto 2024-2025<\/a><\/span><\/p>\n<p><span style=\"color: #0000ff\"><a style=\"color: #0000ff\" href=\"https:\/\/osmirna.splet.arnes.si\/files\/2025\/10\/Porocilo-o-delu-za-solsko-leto-2024-2025.pdf\">Poro\u010dilo o delu za \u0161olsko leto 2024-2025<\/a><\/span><\/p>\n","protected":false},"excerpt":{"rendered":"<p>Poro\u010dilo za \u0161olsko leto 2018 &#8211; 2019 Poro\u010dilo za \u0161olsko leto 2019 &#8211; 2020 Poro\u010dilo o delu za \u0161olsko leto 2021-22 Poro\u010dilo za \u0161olsko leto 2023-2024 Poro\u010dilo za \u0161olsko leto 2024-2025 Poro\u010dilo o delu&#46;&#46;&#46;<\/p>\n","protected":false},"author":5692,"featured_media":0,"parent":0,"menu_order":0,"comment_status":"closed","ping_status":"closed","template":"","meta":{"ngg_post_thumbnail":0,"footnotes":""},"class_list":["post-16797","page","type-page","status-publish","hentry"],"_links":{"self":[{"href":"https:\/\/osmirna.splet.arnes.si\/index.php?rest_route=\/wp\/v2\/pages\/16797","targetHints":{"allow":["GET"]}}],"collection":[{"href":"https:\/\/osmirna.splet.arnes.si\/index.php?rest_route=\/wp\/v2\/pages"}],"about":[{"href":"https:\/\/osmirna.splet.arnes.si\/index.php?rest_route=\/wp\/v2\/types\/page"}],"author":[{"embeddable":true,"href":"https:\/\/osmirna.splet.arnes.si\/index.php?rest_route=\/wp\/v2\/users\/5692"}],"replies":[{"embeddable":true,"href":"https:\/\/osmirna.splet.arnes.si\/index.php?rest_route=%2Fwp%2Fv2%2Fcomments&post=16797"}],"version-history":[{"count":9,"href":"https:\/\/osmirna.splet.arnes.si\/index.php?rest_route=\/wp\/v2\/pages\/16797\/revisions"}],"predecessor-version":[{"id":33947,"href":"https:\/\/osmirna.splet.arnes.si\/index.php?rest_route=\/wp\/v2\/pages\/16797\/revisions\/33947"}],"wp:attachment":[{"href":"https:\/\/osmirna.splet.arnes.si\/index.php?rest_route=%2Fwp%2Fv2%2Fmedia&parent=16797"}],"curies":[{"name":"wp","href":"https:\/\/api.w.org\/{rel}","templated":true}]}}