{"id":17100,"date":"2021-01-25T08:31:03","date_gmt":"2021-01-25T07:31:03","guid":{"rendered":"http:\/\/osmirna.splet.arnes.si\/?page_id=17100"},"modified":"2025-02-22T21:04:20","modified_gmt":"2025-02-22T20:04:20","slug":"domace-branje","status":"publish","type":"page","link":"https:\/\/osmirna.splet.arnes.si\/?page_id=17100","title":{"rendered":"DOMA\u010cE BRANJE"},"content":{"rendered":"<p><span style=\"color: #0000ff\"><a style=\"color: #0000ff\" href=\"http:\/\/osmirna.splet.arnes.si\/files\/2021\/03\/Doma\u010de-branje-v-1.-triletju.pdf\">Doma\u010de branje v 1. triletju<\/a><\/span><\/p>\n<p><span style=\"color: #0000ff\"><a style=\"color: #0000ff\" href=\"http:\/\/osmirna.splet.arnes.si\/files\/2021\/03\/Doma\u010de-branje-v-2.-triletju.pdf\">Doma\u010de branje v 2. triletju<\/a><\/span><\/p>\n<p><span style=\"color: #0000ff\"><a style=\"color: #0000ff\" href=\"http:\/\/osmirna.splet.arnes.si\/files\/2021\/03\/Doma\u010de-branje-v-3.-triletju.pdf\">Doma\u010de branje v 3. triletju<\/a><\/span><\/p>\n","protected":false},"excerpt":{"rendered":"<p>Doma\u010de branje v 1. triletju Doma\u010de branje v 2. triletju Doma\u010de branje v 3. triletju<\/p>\n","protected":false},"author":5692,"featured_media":0,"parent":0,"menu_order":0,"comment_status":"closed","ping_status":"closed","template":"","meta":{"ngg_post_thumbnail":0,"footnotes":""},"class_list":["post-17100","page","type-page","status-publish","hentry"],"_links":{"self":[{"href":"https:\/\/osmirna.splet.arnes.si\/index.php?rest_route=\/wp\/v2\/pages\/17100","targetHints":{"allow":["GET"]}}],"collection":[{"href":"https:\/\/osmirna.splet.arnes.si\/index.php?rest_route=\/wp\/v2\/pages"}],"about":[{"href":"https:\/\/osmirna.splet.arnes.si\/index.php?rest_route=\/wp\/v2\/types\/page"}],"author":[{"embeddable":true,"href":"https:\/\/osmirna.splet.arnes.si\/index.php?rest_route=\/wp\/v2\/users\/5692"}],"replies":[{"embeddable":true,"href":"https:\/\/osmirna.splet.arnes.si\/index.php?rest_route=%2Fwp%2Fv2%2Fcomments&post=17100"}],"version-history":[{"count":3,"href":"https:\/\/osmirna.splet.arnes.si\/index.php?rest_route=\/wp\/v2\/pages\/17100\/revisions"}],"predecessor-version":[{"id":31915,"href":"https:\/\/osmirna.splet.arnes.si\/index.php?rest_route=\/wp\/v2\/pages\/17100\/revisions\/31915"}],"wp:attachment":[{"href":"https:\/\/osmirna.splet.arnes.si\/index.php?rest_route=%2Fwp%2Fv2%2Fmedia&parent=17100"}],"curies":[{"name":"wp","href":"https:\/\/api.w.org\/{rel}","templated":true}]}}