{"id":17263,"date":"2021-02-25T09:48:07","date_gmt":"2021-02-25T08:48:07","guid":{"rendered":"http:\/\/osmirna.splet.arnes.si\/?page_id=17263"},"modified":"2025-12-09T11:27:18","modified_gmt":"2025-12-09T10:27:18","slug":"subvencije-prehrane","status":"publish","type":"page","link":"https:\/\/osmirna.splet.arnes.si\/?page_id=17263","title":{"rendered":"Subvencioniranje \u0161olske prehrane"},"content":{"rendered":"<p><span style=\"color: #000000\"><strong>SUBVENCIONIRANJE \u0160OLSKE PREHRANE ZA U\u010cENCE<\/strong><\/span><\/p>\n<p><span style=\"color: #000000\">U\u010dencem s subvencioniranjem prehrane zagotavljamo cenej\u0161i ali brezpla\u010dni obrok ter tako izbolj\u0161ujemo dostopnost \u0161olske prehrane posameznikom iz socialno manj vzpodbudnih okolij. Subvencija prehrane se lahko dodeli za u\u010dencem za malico in kosilo. U\u010denci morajo biti na \u0161olsko prehrano prijavljeni.<\/span><\/p>\n<p><span style=\"color: #000000\"><strong>Upravi\u010denci<\/strong><\/span><\/p>\n<p><span style=\"color: #000000\">U\u010dencu, ki se je na \u0161olsko prehrano prijavil pred za\u010detkom \u0161olskega leta in ima njegova dru\u017eina veljavno odlo\u010dbo o otro\u0161kem dodatku ali dr\u017eavni \u0161tipendiji, pripada subvencija od prvega \u0161olskega dne dalje, sicer pa od dneva prijave na malico ali kosilo.<\/span><\/p>\n<p><span style=\"color: #000000\">U\u010dencu, katerega dru\u017eina nima veljavne odlo\u010dbe o otro\u0161kem dodatku ali dr\u017eavni \u0161tipendiji, pripada subvencija od dneva priznanja pravice do otro\u0161kega dodatka ali dr\u017eavne \u0161tipendije. U\u010dencu se za \u010das do dneva izdaje odlo\u010dbe ustrezno pora\u010duna pla\u010dane obroke.<\/span><\/p>\n<p><span style=\"color: #000000\">V primeru prve vloge za subvencijo prehrane, ker dru\u017eina ne razpolaga z veljavno odlo\u010dbo o otro\u0161kem dodatku ali dr\u017eavni \u0161tipendiji in tudi z njo ne bo razpolagala, ker do omenjenih pravic ni oziroma ne bo upravi\u010dena, pripada subvencija z dnem, ko center za socialno delo prejme vlogo za subvencijo malice ali kosila za u\u010dence, \u010de je bilo vlogi ugodeno. U\u010dencu se za \u010das do dneva izdaje odlo\u010dbe ustrezno pora\u010duna pla\u010dane obroke.<\/span><\/p>\n<p><span style=\"color: #000000\">Subvencija prehrane se prizna&nbsp;za obdobje enega \u0161olskega leta.<\/span><\/p>\n<p><span style=\"color: #000000\"><strong>Subvencija malice za u\u010dence&nbsp;<\/strong><\/span><\/p>\n<p><span style=\"color: #000000\">Do polne subvencije oziroma brezpla\u010dne malice so upravi\u010deni:<\/span><\/p>\n<ul>\n<li><span style=\"color: #000000\">U\u010denci, pri katerih povpre\u010dni mese\u010dni dohodek na osebo, ugotovljen v odlo\u010dbi o otro\u0161kem dodatku, ne presega 53 % neto povpre\u010dne pla\u010de v Republiki Sloveniji,<\/span><\/li>\n<li><span style=\"color: #000000\">U\u010denci, ki so v rejni\u0161tvu ali so prosilci za mednarodno za\u0161\u010dito.<\/span><\/li>\n<\/ul>\n<p><span style=\"color: #000000\"><strong>Subvencija kosila za u\u010dence<\/strong><\/span><\/p>\n<p class=\"Odstavek\"><span lang=\"X-NONE\" style=\"color: #000000\">Subvencija kosila pripada u\u010dencem, pri katerih povpre\u010dni mese\u010dni dohodek na osebo, ugotovljen v odlo\u010dbi o otro\u0161kem dodatku, ne presega 18\u2005% neto povpre\u010dne pla\u010de v Republiki Sloveniji.<\/span><\/p>\n<p class=\"Odstavek\"><span lang=\"X-NONE\" style=\"color: #000000\">U\u010denci imajo pravico do subvencije za malico oziroma kosilo za vsak dan prisotnosti pri pouku in drugih dejavnostih obveznega programa v skladu s \u0161olskim koledarjem. <\/span><\/p>\n","protected":false},"excerpt":{"rendered":"<p>SUBVENCIONIRANJE \u0160OLSKE PREHRANE ZA U\u010cENCE U\u010dencem s subvencioniranjem prehrane zagotavljamo cenej\u0161i ali brezpla\u010dni obrok ter tako izbolj\u0161ujemo dostopnost \u0161olske prehrane posameznikom iz socialno manj vzpodbudnih okolij. Subvencija prehrane se lahko dodeli za u\u010dencem za&#46;&#46;&#46;<\/p>\n","protected":false},"author":5692,"featured_media":0,"parent":0,"menu_order":0,"comment_status":"closed","ping_status":"closed","template":"","meta":{"ngg_post_thumbnail":0,"footnotes":""},"class_list":["post-17263","page","type-page","status-publish","hentry"],"_links":{"self":[{"href":"https:\/\/osmirna.splet.arnes.si\/index.php?rest_route=\/wp\/v2\/pages\/17263","targetHints":{"allow":["GET"]}}],"collection":[{"href":"https:\/\/osmirna.splet.arnes.si\/index.php?rest_route=\/wp\/v2\/pages"}],"about":[{"href":"https:\/\/osmirna.splet.arnes.si\/index.php?rest_route=\/wp\/v2\/types\/page"}],"author":[{"embeddable":true,"href":"https:\/\/osmirna.splet.arnes.si\/index.php?rest_route=\/wp\/v2\/users\/5692"}],"replies":[{"embeddable":true,"href":"https:\/\/osmirna.splet.arnes.si\/index.php?rest_route=%2Fwp%2Fv2%2Fcomments&post=17263"}],"version-history":[{"count":6,"href":"https:\/\/osmirna.splet.arnes.si\/index.php?rest_route=\/wp\/v2\/pages\/17263\/revisions"}],"predecessor-version":[{"id":34600,"href":"https:\/\/osmirna.splet.arnes.si\/index.php?rest_route=\/wp\/v2\/pages\/17263\/revisions\/34600"}],"wp:attachment":[{"href":"https:\/\/osmirna.splet.arnes.si\/index.php?rest_route=%2Fwp%2Fv2%2Fmedia&parent=17263"}],"curies":[{"name":"wp","href":"https:\/\/api.w.org\/{rel}","templated":true}]}}