{"id":17856,"date":"2021-08-31T20:54:24","date_gmt":"2021-08-31T18:54:24","guid":{"rendered":"https:\/\/osmirna.splet.arnes.si\/?page_id=17856"},"modified":"2025-02-19T21:43:36","modified_gmt":"2025-02-19T20:43:36","slug":"react-eu","status":"publish","type":"page","link":"https:\/\/osmirna.splet.arnes.si\/?page_id=17856","title":{"rendered":"React-EU \u2013 IKT za VIZ"},"content":{"rendered":"<p><span style=\"color: #000000\">React-EU \u2013 IKT za VIZ<\/span><\/p>\n<p><span style=\"color: #000000\">Program React-EU \u2013 IKT za VIZ je namenjen nadaljnji podpori izvajanja izobra\u017eevanja na daljavo in uporabi IKT na lokacijah vzgojno-izobra\u017eevalnih zavodov. Projekt bo podprl hibridno izobra\u017eevanje, ki izmeni\u010dno poteka na daljavo in na lokacijah VIZ.<\/span><\/p>\n<div id=\"attachment_17857\" style=\"width: 1104px\" class=\"wp-caption aligncenter\"><a style=\"color: #000000\" href=\"https:\/\/osmirna.splet.arnes.si\/files\/2021\/08\/Logotip_Arnes_MIZS_ESRR.png\"><img loading=\"lazy\" decoding=\"async\" aria-describedby=\"caption-attachment-17857\" class=\"wp-image-17857 size-full\" src=\"https:\/\/osmirna.splet.arnes.si\/files\/2021\/08\/Logotip_Arnes_MIZS_ESRR.png\" alt=\"React EU - logotipi\" width=\"1094\" height=\"137\" srcset=\"https:\/\/osmirna.splet.arnes.si\/files\/2021\/08\/Logotip_Arnes_MIZS_ESRR.png 1094w, https:\/\/osmirna.splet.arnes.si\/files\/2021\/08\/Logotip_Arnes_MIZS_ESRR-300x38.png 300w, https:\/\/osmirna.splet.arnes.si\/files\/2021\/08\/Logotip_Arnes_MIZS_ESRR-1024x128.png 1024w, https:\/\/osmirna.splet.arnes.si\/files\/2021\/08\/Logotip_Arnes_MIZS_ESRR-768x96.png 768w\" sizes=\"auto, (max-width: 1094px) 100vw, 1094px\" \/><\/a><p id=\"caption-attachment-17857\" class=\"wp-caption-text\"><\/span> <span style=\"color: #000000\">Logotipi: arnes, RS Ministrstvo za izobra\u017eevanje in EU evropski sklad za regionalni razvoj<\/span><\/p><\/div>\n<p><span style=\"color: #000000\">Vse informacije o izvajanju Evropske kohezijske politike 2014-2020 v Republiki Sloveniji najdete na spletni strani&nbsp;<a style=\"color: #000000\" href=\"https:\/\/www.eu-skladi.si\/\" target=\"_blank\" rel=\"noopener noreferrer\">www.eu-skladi.si<\/a>.<\/span><\/p>\n<p><span style=\"color: #000000\">Nalo\u017ebo sofinancirata Evropska unija iz Evropskega sklada za regionalni razvoj in Ministrstvo za izobra\u017eevanje, znanost in \u0161port v okviru odziva Unije na pandemijo COVID-19.<\/span><\/p>\n","protected":false},"excerpt":{"rendered":"<p>React-EU \u2013 IKT za VIZ Program React-EU \u2013 IKT za VIZ je namenjen nadaljnji podpori izvajanja izobra\u017eevanja na daljavo in uporabi IKT na lokacijah vzgojno-izobra\u017eevalnih zavodov. Projekt bo podprl hibridno izobra\u017eevanje, ki izmeni\u010dno poteka&#46;&#46;&#46;<\/p>\n","protected":false},"author":5692,"featured_media":0,"parent":0,"menu_order":0,"comment_status":"closed","ping_status":"closed","template":"","meta":{"ngg_post_thumbnail":0,"footnotes":""},"class_list":["post-17856","page","type-page","status-publish","hentry"],"_links":{"self":[{"href":"https:\/\/osmirna.splet.arnes.si\/index.php?rest_route=\/wp\/v2\/pages\/17856","targetHints":{"allow":["GET"]}}],"collection":[{"href":"https:\/\/osmirna.splet.arnes.si\/index.php?rest_route=\/wp\/v2\/pages"}],"about":[{"href":"https:\/\/osmirna.splet.arnes.si\/index.php?rest_route=\/wp\/v2\/types\/page"}],"author":[{"embeddable":true,"href":"https:\/\/osmirna.splet.arnes.si\/index.php?rest_route=\/wp\/v2\/users\/5692"}],"replies":[{"embeddable":true,"href":"https:\/\/osmirna.splet.arnes.si\/index.php?rest_route=%2Fwp%2Fv2%2Fcomments&post=17856"}],"version-history":[{"count":8,"href":"https:\/\/osmirna.splet.arnes.si\/index.php?rest_route=\/wp\/v2\/pages\/17856\/revisions"}],"predecessor-version":[{"id":31824,"href":"https:\/\/osmirna.splet.arnes.si\/index.php?rest_route=\/wp\/v2\/pages\/17856\/revisions\/31824"}],"wp:attachment":[{"href":"https:\/\/osmirna.splet.arnes.si\/index.php?rest_route=%2Fwp%2Fv2%2Fmedia&parent=17856"}],"curies":[{"name":"wp","href":"https:\/\/api.w.org\/{rel}","templated":true}]}}