{"id":17927,"date":"2021-09-15T09:50:43","date_gmt":"2021-09-15T07:50:43","guid":{"rendered":"https:\/\/osmirna.splet.arnes.si\/?page_id=17927"},"modified":"2025-02-19T22:12:48","modified_gmt":"2025-02-19T21:12:48","slug":"unesco","status":"publish","type":"page","link":"https:\/\/osmirna.splet.arnes.si\/?page_id=17927","title":{"rendered":"UNESCO"},"content":{"rendered":"<div id=\"attachment_29462\" style=\"width: 235px\" class=\"wp-caption aligncenter\"><a href=\"https:\/\/osmirna.splet.arnes.si\/files\/2024\/09\/unesco24.png\"><img loading=\"lazy\" decoding=\"async\" aria-describedby=\"caption-attachment-29462\" class=\"wp-image-29462\" src=\"https:\/\/osmirna.splet.arnes.si\/files\/2024\/09\/unesco24.png\" alt=\"UNESCO\" width=\"225\" height=\"216\" srcset=\"https:\/\/osmirna.splet.arnes.si\/files\/2024\/09\/unesco24.png 748w, https:\/\/osmirna.splet.arnes.si\/files\/2024\/09\/unesco24-300x287.png 300w\" sizes=\"auto, (max-width: 225px) 100vw, 225px\" \/><\/a><p id=\"caption-attachment-29462\" class=\"wp-caption-text\"><span style=\"color: #000000\">Logotip UNESCO<\/span><\/p><\/div>\n<p><span style=\"color: #000000\">O\u0160 Mirna je v \u0161olskem letu 2024\/2025 dobila status \u010dlanice mre\u017ee Unescu pridru\u017eenih \u0161ol (ASPnet).<\/span><br \/><span style=\"color: #000000\">Mre\u017ea je nastala leta 1953 z namenom spodbujanja izobra\u017eevanja v skladu s cilji in dejavnostmi OZN. Danes povezuje ve\u010d kot 11000 izobra\u017eevalnih ustanov iz 181 dr\u017eav.<\/span><\/p>\n<p><span style=\"color: #000000\">Slovenija je del te mre\u017ee postala leta 1993, ko je bila v mre\u017eo sprejeta O\u0160 Cirila Kosma\u010da iz Pirana zaradi svoje vloge pri sprejemu beguncev iz Jugoslavije.<\/span><\/p>\n<p><span style=\"color: #000000\">Sodelujo\u010de \u0161ole si prizadevamo slediti&nbsp;UNESCOVIM CILJEM:<\/span><\/p>\n<ul>\n<li><span style=\"color: #000000\">Uveljaviti kulturo miru in nenasilja.<\/span><\/li>\n<li><span style=\"color: #000000\">Ohraniti naravno in kulturno dedi\u0161\u010dino na\u0161ega skupnega doma- planeta Zemlja.<\/span><\/li>\n<li><span style=\"color: #000000\">Skrb za osebnostni razvoj vsakega posameznika.<\/span><\/li>\n<\/ul>\n<p><span style=\"color: #000000\">Delo \u0161ol, ki smo kandidatke za v\u010dlanitev v mre\u017eo, temelji na \u0161tirih&nbsp;DELORSOVIH NA\u010cELIH&nbsp;za 21. stoletje:<\/span><\/p>\n<ul>\n<li><span style=\"color: #000000\">U\u010diti se, da bi vedeli!<\/span><\/li>\n<li><span style=\"color: #000000\">U\u010diti se delati!<\/span><\/li>\n<li><span style=\"color: #000000\">Nau\u010diti se \u017eiveti skupaj!<\/span><\/li>\n<li><span style=\"color: #000000\">U\u010diti se biti!<\/span><\/li>\n<\/ul>\n<p><span style=\"color: #000000\">Na\u0161a \u0161ola bo sledila smernicam delovanja ASPnet s sodelovanjem v projektih drugih \u0161ol in obele\u017eitvijo razli\u010dnih mednarodnih dni.<\/span><\/p>\n<p><span style=\"color: #000000\">\u0160olski koordinator: Ana Zgonc Mo\u017eina<\/span><\/p>\n\n\n<p><br \/><\/p>\n\n\n\n<p><strong>AKTIVNOSTI V \u0160OLSKEM LETU 2024\/2025<\/strong><\/p>\n\n\n\n<p><em><strong>OBELE\u017dITEV MEDNARODNIH DNI<\/strong><br \/>5. 10. &#8211; Svetovni dan u\u010diteljev<\/em><br \/><em>16. 11. &#8211; Mednarodni dan strpnosti<\/em><\/p>\n\n\n\n<p><strong>V \u0161olskem letu 2024\/2025 smo izvedli naslednje projekte ASPnet:<\/strong><br \/>&#8211; Mednarodni Unescov tabor Premikamo meje: Zgodbe, ki nas premikajo<br \/>&#8211; Stara igra(\u010da) za novo veselje<br \/>&#8211; V sodelovanju z naravo sam predelam hrano<br \/>&#8211; Postani prvai junak\/junakinja z geslom<br \/>&#8211; Kam z odpadnim materialom<\/p>\n\n\n\n<p><strong>AKTIVNOSTI V \u0160OLSKEM LETU 2023\/2024<\/strong><\/p>\n\n\n\n<p><em><strong>OBELE\u017dITEV MEDNARODNIH DNI<\/strong><br \/>24. 1. &#8211; Mednarodni dan izobra\u017eevanja<br \/>22. 3. &#8211; Svetovni dan voda<br \/>5. 10. &#8211; Svetovni dan u\u010diteljev<br \/>16. 11. &#8211; Mednarodni dan strpnosti<\/em> <\/p>\n\n\n\n<p><strong>V \u0161olskem letu 2023\/2024 smo izvedli naslednje projekte ASPnet:<\/strong><br \/>&#8211; Moder stol &#8211; nekdo misli nate<br \/>&#8211; V \u0161oli \u010debel<br \/>&#8211; Gozd in naravno okolje skozi otrokove o\u010di<br \/>&#8211; Izbolj\u0161ajmo odnos do hrane<br \/>&#8211; Kam z odpadnim materialom<\/p>\n\n\n\n<p><strong>AKTIVNOSTI V \u0160OLSKEM LETU 2022\/2023<\/strong><\/p>\n\n\n\n<p><strong><em>OBELE\u017dITEV SVETOVNEGA DNE U\u010cITELJEV (5. oktober)<\/em><\/strong><\/p>\n\n\n\n<p>Svetovni dan u\u010diteljev smo obele\u017eili tudi letos. <br \/>V okviru ur oddel\u010dnih skupnosti so bili u\u010denci povabljeni k pisanju pisem za u\u010ditelje. Spodbudili smo jih k miselnem iskanju pozitivnih lastnosti njihovega zanimivega\/dobrega\/prijaznega\/strokovnega u\u010ditelja. Po lastni presoji so ob dnevu u\u010diteljev doti\u010dnemu u\u010ditelju lahko namenili nekaj besed. Nastala so lepa, izvirna in osebna pisma.<\/p>\n\n\n\n<figure class=\"wp-block-image size-large\"><img loading=\"lazy\" decoding=\"async\" width=\"1024\" height=\"575\" src=\"https:\/\/osmirna.splet.arnes.si\/files\/2023\/06\/image-5-1024x575.png\" alt=\"\" class=\"wp-image-23965\" srcset=\"https:\/\/osmirna.splet.arnes.si\/files\/2023\/06\/image-5-1024x575.png 1024w, https:\/\/osmirna.splet.arnes.si\/files\/2023\/06\/image-5-300x169.png 300w, https:\/\/osmirna.splet.arnes.si\/files\/2023\/06\/image-5-768x431.png 768w, https:\/\/osmirna.splet.arnes.si\/files\/2023\/06\/image-5-1536x863.png 1536w, https:\/\/osmirna.splet.arnes.si\/files\/2023\/06\/image-5.png 1837w\" sizes=\"auto, (max-width: 1024px) 100vw, 1024px\" \/><\/figure>\n\n\n\n<p><\/p>\n\n\n\n<p><strong><em>OBELE\u017dITEV MEDNARODNEGA DNEVA STRPNOSTI (16. november)<\/em><\/strong><\/p>\n\n\n\n<p>Mednarodni dan strpnosti smo letos obele\u017eili s pomo\u010djo razmi\u0161ljanja in vpra\u0161anj: &#8220;Ali smo ljudje enakopravni glede na razlike v spolu, starosti, poklicu, veri, rasi, &#8230;?&#8221;, &#8220;V kolik\u0161ni meri se med ljudmi pojavljajo predsodki in stereotipi?&#8221;, &#8220;Zakaj smo nestrpni do drugega?&#8221;, &#8220;Kaj je diskriminacija, rasizem, ksenofobija, antisemitizem?&#8221;<\/p>\n\n\n\n<div class=\"wp-block-columns is-layout-flex wp-container-core-columns-is-layout-9d6595d7 wp-block-columns-is-layout-flex\">\n<div class=\"wp-block-column is-layout-flow wp-block-column-is-layout-flow\" style=\"flex-basis:100%\">\n<div class=\"wp-block-group\"><div class=\"wp-block-group__inner-container is-layout-flow wp-block-group-is-layout-flow\"><div class=\"wp-block-image\">\n<figure class=\"alignleft size-full is-resized\"><img loading=\"lazy\" decoding=\"async\" width=\"338\" height=\"338\" src=\"https:\/\/osmirna.splet.arnes.si\/files\/2023\/06\/image-2.png\" alt=\"\" class=\"wp-image-23960\" style=\"width:253px;height:253px\" srcset=\"https:\/\/osmirna.splet.arnes.si\/files\/2023\/06\/image-2.png 338w, https:\/\/osmirna.splet.arnes.si\/files\/2023\/06\/image-2-300x300.png 300w, https:\/\/osmirna.splet.arnes.si\/files\/2023\/06\/image-2-150x150.png 150w, https:\/\/osmirna.splet.arnes.si\/files\/2023\/06\/image-2-80x80.png 80w, https:\/\/osmirna.splet.arnes.si\/files\/2023\/06\/image-2-320x320.png 320w\" sizes=\"auto, (max-width: 338px) 100vw, 338px\" \/><\/figure>\n<\/div>\n\n\n<figure class=\"wp-block-image size-full is-resized\"><img loading=\"lazy\" decoding=\"async\" width=\"996\" height=\"996\" src=\"https:\/\/osmirna.splet.arnes.si\/files\/2023\/06\/image-4.png\" alt=\"\" class=\"wp-image-23962\" style=\"width:262px;height:262px\" srcset=\"https:\/\/osmirna.splet.arnes.si\/files\/2023\/06\/image-4.png 996w, https:\/\/osmirna.splet.arnes.si\/files\/2023\/06\/image-4-300x300.png 300w, https:\/\/osmirna.splet.arnes.si\/files\/2023\/06\/image-4-150x150.png 150w, https:\/\/osmirna.splet.arnes.si\/files\/2023\/06\/image-4-768x768.png 768w, https:\/\/osmirna.splet.arnes.si\/files\/2023\/06\/image-4-80x80.png 80w, https:\/\/osmirna.splet.arnes.si\/files\/2023\/06\/image-4-320x320.png 320w\" sizes=\"auto, (max-width: 996px) 100vw, 996px\" \/><\/figure>\n<\/div><\/div>\n\n\n\n<p><strong><em>OBELE\u017dITEV SVETOVNEGA DNEVA OKOLJA (5. junij)<\/em><\/strong><\/p>\n\n\n\n<p class=\"has-text-align-center\"><em>&#8220;Zemlja je le ena&#8221;<\/em><\/p>\n\n\n\n<p>Svetovni dan okolja je letos potekal pod geslom &#8220;Zemlja je le ena&#8221;, ki poudarja, da je potrebno ponovno vzpostaviti ravnovesje z naravo. Potrebno se je zavedati na\u010dinov prehranjevanja, sobivanja, ustvarjanja in nenazadnje gibanja.<\/p>\n\n\n\n<p>V \u0161oli smo si prizadevali za lepo \u0161olsko okolje in zdravo prehrano. Ve\u010dkrat med letom smo o\u010distili okolico \u0161ole, \u0161olsko igri\u0161\u010de, parkiri\u0161\u010de in sprehajalne poti.  V lepem in zdravem okolju smo se po\u010dutili odli\u010dno!<\/p>\n\n\n<div class=\"wp-block-image\">\n<figure class=\"aligncenter size-full is-resized\"><img loading=\"lazy\" decoding=\"async\" width=\"913\" height=\"640\" src=\"https:\/\/osmirna.splet.arnes.si\/files\/2023\/06\/image-6.png\" alt=\"\" class=\"wp-image-23972\" style=\"width:445px;height:311px\" srcset=\"https:\/\/osmirna.splet.arnes.si\/files\/2023\/06\/image-6.png 913w, https:\/\/osmirna.splet.arnes.si\/files\/2023\/06\/image-6-300x210.png 300w, https:\/\/osmirna.splet.arnes.si\/files\/2023\/06\/image-6-768x538.png 768w\" sizes=\"auto, (max-width: 913px) 100vw, 913px\" \/><\/figure>\n<\/div><\/div>\n<\/div>\n\n\n\n<p><em><strong>V \u0161olskem letu 2022\/2023 smo izvedli naslednje projekte ASPnet:<\/strong><br \/>&#8211; Moder stol &#8211; nekdo misli nate<br \/>&#8211; U\u010denec pou\u010duje<br \/>&#8211; Postani prvai junak\/junakinja z geslom: Poberem smet in re\u0161im svet<br \/>&#8211; Gozd in naravno okolje skozi otrokove o\u010di<br \/>&#8211; Od p\u0161eni\u010dke do poti\u010dke<br \/>&#8211; Kam z odpadnim materialom<\/em><br \/><\/p>\n\n\n\n<p><strong>AKTIVNOSTI V \u0160OLSKEM LETU 2021\/2022<\/strong><br \/><br \/><strong><em>OBELE\u017dITEV SVETOVNEGA DNE U\u010cITELJEV (5. oktober)<\/em><\/strong><\/p>\n\n\n\n<p class=\"has-text-align-center\">Biti u\u010ditelj v pravem pomenu besede pomeni biti u\u010denec. Pou\u010devanje se za\u010dne takrat, ko se u\u010ditelji u\u010dite od u\u010dencev, se postavite na njihovo mesto in razumete, kaj razumejo in kako. <br \/><em>(Soeren Kierkegard)<\/em><\/p>\n\n\n\n<p>5. oktober je svetovni dan u\u010diteljev, ki ga obele\u017eujemo v spomin na podpis Priporo\u010dil o polo\u017eaju u\u010diteljev leta 1966.  Leta 1993 ga je razglasil Unesco z namenom, da bi ljudem pribli\u017eal poslanstvo ter dose\u017eke u\u010diteljev.  Letos Svetovni dan u\u010diteljev te\u010de pod geslom: \u00bbU\u010ditelji v sredi\u0161\u010du okrevanja pri izobra\u017eevanju.\u00ab Praznujejo ga v ve\u010d kot 100 dr\u017eavah sveta.<br \/><br \/>Svetovni dan u\u010diteljev smo letos, v okviru ur oddel\u010dnih skupnosti, obele\u017eili s kratkimi aktivnostmi, pri katerih so se u\u010denci posvetili lastnostim dobrega u\u010ditelja. U\u010denci so znotraj oddelka izbrali njim pomembne lastnosti, ki so jih zapisali na jabolka &#8211; sadove u\u010diteljevega dobrega dela.<\/p>\n\n\n\nngg_shortcode_0_placeholder\n\n\n\n<p><strong><em>MEDNARODNI DAN \u017dENA (8. marec)<\/em><\/strong><\/p>\n\n\n\n<p class=\"has-text-align-center\">Ro\u017ee potrebujejo sonce, da zacvetijo. \u017denska potrebuje le ljubezen. <em>(Li Tai Po)<\/em><\/p>\n\n\n\n<p>Vsako leto 8. marca po vsem svetu praznujejo\/-mo mednarodni dan \u017eena. Ta dan nam ponuja prilo\u017enost, da se ustavimo, razmislimo in proslavimo velike korake in dose\u017eke, ki so jih dosegle \u017eenske, hkrati pa obnovimo na\u0161a prizadevanja, da \u0161e naprej delamo za enakost, pravi\u010dnost in mir \u017eensk.<\/p>\n\n\n\n<p>Mednarodni dan \u017eena smo letos obele\u017eili s kratkimi aktivnostmi, pri katerih so se u\u010denci posvetili \u017eenam. S pisanjem pisem u\u010den\u010devim mamam, babicam, sestram, tetam.. in nasploh pogumnim in odlo\u010dnim \u017eenam smo \u017eeleli opomniti in poudariti  enakost in pravi\u010dnost vseh \u017eensk.<\/p>\n\n\n\nngg_shortcode_1_placeholder\n\n\n\n<p><strong><em>SVETOVNI DAN VODA (22. marec)<\/em><\/strong><\/p>\n\n\n\n<p class=\"has-text-align-center\">&#8220;Podzemna voda &#8211; naredimo nevidno, vidno&#8221;<\/p>\n\n\n\n<p>Svetovni dan voda obele\u017eujemo vsako leto 22. marca, od leta 1992, ko je bil izbran na konferenci Zdru\u017eenih narodov o okolju in razvoju v brazilskem mestu Riu de Janeiro. Njegov namen je ozave\u0161\u010danje o pomenu pitne vode ter trajnostne rabe vodonosnikov (vir: nijz.si).<\/p>\n\n\n\n<p>Leto\u0161njo obele\u017eitev svetovnega dneva voda smo z aktivnostmi posvetili podzemnim vodam.<\/p>\n\n\n<div class=\"wp-block-image\">\n<figure class=\"aligncenter size-large is-resized\"><img loading=\"lazy\" decoding=\"async\" width=\"973\" height=\"973\" src=\"https:\/\/osmirna.splet.arnes.si\/files\/2022\/06\/image-2-edited.png\" alt=\"\" class=\"wp-image-20121\" style=\"width:282px;height:282px\" srcset=\"https:\/\/osmirna.splet.arnes.si\/files\/2022\/06\/image-2-edited.png 973w, https:\/\/osmirna.splet.arnes.si\/files\/2022\/06\/image-2-edited-300x300.png 300w, https:\/\/osmirna.splet.arnes.si\/files\/2022\/06\/image-2-edited-150x150.png 150w, https:\/\/osmirna.splet.arnes.si\/files\/2022\/06\/image-2-edited-768x768.png 768w, https:\/\/osmirna.splet.arnes.si\/files\/2022\/06\/image-2-edited-80x80.png 80w, https:\/\/osmirna.splet.arnes.si\/files\/2022\/06\/image-2-edited-320x320.png 320w\" sizes=\"auto, (max-width: 973px) 100vw, 973px\" \/><\/figure>\n<\/div>\n\n<p><strong>V \u0161olskem letu 2021\/2022 smo izvedli naslednje projekte ASPnet:<\/strong><br \/><span style=\"color: #0000ff\">&#8211; <a style=\"color: #0000ff\" href=\"https:\/\/www.os-mirna.si\/?p=19446\">Moder stol &#8211; nekdo misli nate<\/a><\/span><br \/><span style=\"color: #0000ff\">&#8211; <a style=\"color: #0000ff\" href=\"https:\/\/www.os-mirna.si\/?p=19032\">Unescova prilo\u017enost: STARA igra(\u010da) ZA NOVO veselje<\/a><\/span><br \/><span style=\"color: #0000ff\">&#8211; <a style=\"color: #0000ff\" href=\"https:\/\/www.os-mirna.si\/?p=18019\">U\u010denec pou\u010duje: Slovenija moja de\u017eela<\/a><\/span><br \/>&#8211; Moja \u0161ola, moj kraj, spoznajmo se<br \/>&#8211; Kapljice \u017eivljenja &#8211; voda<\/p>\n\n\n<p><\/p>\n","protected":false},"excerpt":{"rendered":"<p>O\u0160 Mirna je v \u0161olskem letu 2024\/2025 dobila status \u010dlanice mre\u017ee Unescu pridru\u017eenih \u0161ol (ASPnet).Mre\u017ea je nastala leta 1953 z namenom spodbujanja izobra\u017eevanja v skladu s cilji in dejavnostmi OZN. Danes povezuje ve\u010d kot&#46;&#46;&#46;<\/p>\n","protected":false},"author":5692,"featured_media":0,"parent":0,"menu_order":0,"comment_status":"closed","ping_status":"closed","template":"","meta":{"ngg_post_thumbnail":0,"footnotes":""},"class_list":["post-17927","page","type-page","status-publish","hentry"],"_links":{"self":[{"href":"https:\/\/osmirna.splet.arnes.si\/index.php?rest_route=\/wp\/v2\/pages\/17927","targetHints":{"allow":["GET"]}}],"collection":[{"href":"https:\/\/osmirna.splet.arnes.si\/index.php?rest_route=\/wp\/v2\/pages"}],"about":[{"href":"https:\/\/osmirna.splet.arnes.si\/index.php?rest_route=\/wp\/v2\/types\/page"}],"author":[{"embeddable":true,"href":"https:\/\/osmirna.splet.arnes.si\/index.php?rest_route=\/wp\/v2\/users\/5692"}],"replies":[{"embeddable":true,"href":"https:\/\/osmirna.splet.arnes.si\/index.php?rest_route=%2Fwp%2Fv2%2Fcomments&post=17927"}],"version-history":[{"count":14,"href":"https:\/\/osmirna.splet.arnes.si\/index.php?rest_route=\/wp\/v2\/pages\/17927\/revisions"}],"predecessor-version":[{"id":31838,"href":"https:\/\/osmirna.splet.arnes.si\/index.php?rest_route=\/wp\/v2\/pages\/17927\/revisions\/31838"}],"wp:attachment":[{"href":"https:\/\/osmirna.splet.arnes.si\/index.php?rest_route=%2Fwp%2Fv2%2Fmedia&parent=17927"}],"curies":[{"name":"wp","href":"https:\/\/api.w.org\/{rel}","templated":true}]}}