{"id":182,"date":"2015-08-03T13:50:24","date_gmt":"2015-08-03T11:50:24","guid":{"rendered":"http:\/\/osmirna.splet.arnes.si\/?page_id=182"},"modified":"2025-06-18T21:46:12","modified_gmt":"2025-06-18T19:46:12","slug":"knjiznica-obvestila-za-starse","status":"publish","type":"page","link":"https:\/\/osmirna.splet.arnes.si\/?page_id=182","title":{"rendered":"U\u010cBENI\u0160KI SKLAD in druge \u0161olske potreb\u0161\u010dine"},"content":{"rendered":"<p><strong>Spo\u0161tovani star\u0161i in u\u010denci!<\/strong><\/p>\n<p>Vse, kar morate vedeti <strong>v zvezi z u\u010dbeni\u0161kim skladom in \u0161olskimi potreb\u0161\u010dinami v \u0161olskem letu 2025\/26<\/strong>, bo do konca meseca junija objavljeno na \u0161olski spletni stani pod <strong>KNJI\u017dNICA\/U\u010dbeni\u0161ki sklad in druge \u0161olske potreb\u0161\u010dine.<\/strong><\/p>\n<p><strong>Naro\u010dilnic za izposojo u\u010dbenikov iz u\u010dbeni\u0161kega sklada<\/strong> (od 1. &#8211;&nbsp; 9. razreda), ki ste jih v preteklosti podpisovali in morali vrniti na \u0161olo, <strong>ni ve\u010d. <\/strong>Pogoj za izposojo u\u010dbenikov iz u\u010dbeni\u0161kega sklada je le, da je va\u0161 otrok vpisan na na\u0161o \u0161olo.<\/p>\n<p><strong>Za 1. triletje so u\u010dbeniki in delovno gradivo brezpla\u010dni<\/strong>; nabavi jih \u0161ola, financira pa se iz u\u010dbeni\u0161kega sklada, ki ga zagotavlja ministrstvo, pristojno za izobra\u017eevanje. U\u010denci prejmejo vse gradivo v 1. tednu novega \u0161olskega leta. Delovno gradivo je trajna last, u\u010dbenike pa morajo na koncu \u0161olskega leta dobro ohranjene vrniti \u0161oli. <strong>\u0160olske potreb\u0161\u010dine <\/strong>(od torbe do svin\u010dnika)<strong> morate star\u0161i priskrbeti in financirati sami.<\/strong><\/p>\n<p><strong>U\u010dbenike za 2. in 3. triletje nabavi \u0161ola v okviru u\u010dbeni\u0161kega sklada<\/strong>; u\u010denci jih prejmejo v 1. tednu novega \u0161olskega leta. Z njimi so u\u010denci dol\u017eni ravnati odgovorno, saj jih morajo na koncu \u0161olskega leta vrniti za uporabo naslednje generacije. <strong>Delovno gradivo in druge potreb\u0161\u010dine v 2. in 3. triletju morate star\u0161i priskrbeti in financirati sami<\/strong>.<\/p>\n<p><strong>Sezname u\u010dbenikov, delovnega gradiva in drugih potreb\u0161\u010din<\/strong> lahko poi\u0161\u010dete na na\u0161i spletni strani pod <strong>KNJI\u017dNICA\/U\u010dbeni\u0161ki sklad in druge \u0161olske potreb\u0161\u010dine. <\/strong>&nbsp;Na isti spletni strani bodo dostopne tudi naro\u010dilnice in katalogi posameznih knjigarn.<strong>. <\/strong>Vsekakor so poti za nakupe odprte in se lahko odlo\u010dite po svoje.<\/p>\n<p>Pripravila upravljavka US<br \/>\nSimona Ko\u0161\u010dak<br \/>\ntel. 07 3435166<\/p>\n","protected":false},"excerpt":{"rendered":"<p>Spo\u0161tovani star\u0161i in u\u010denci! Vse, kar morate vedeti v zvezi z u\u010dbeni\u0161kim skladom in \u0161olskimi potreb\u0161\u010dinami v \u0161olskem letu 2025\/26, bo do konca meseca junija objavljeno na \u0161olski spletni stani pod KNJI\u017dNICA\/U\u010dbeni\u0161ki sklad in&#46;&#46;&#46;<\/p>\n","protected":false},"author":5692,"featured_media":0,"parent":0,"menu_order":0,"comment_status":"closed","ping_status":"closed","template":"","meta":{"ngg_post_thumbnail":0,"footnotes":""},"class_list":["post-182","page","type-page","status-publish","hentry"],"_links":{"self":[{"href":"https:\/\/osmirna.splet.arnes.si\/index.php?rest_route=\/wp\/v2\/pages\/182","targetHints":{"allow":["GET"]}}],"collection":[{"href":"https:\/\/osmirna.splet.arnes.si\/index.php?rest_route=\/wp\/v2\/pages"}],"about":[{"href":"https:\/\/osmirna.splet.arnes.si\/index.php?rest_route=\/wp\/v2\/types\/page"}],"author":[{"embeddable":true,"href":"https:\/\/osmirna.splet.arnes.si\/index.php?rest_route=\/wp\/v2\/users\/5692"}],"replies":[{"embeddable":true,"href":"https:\/\/osmirna.splet.arnes.si\/index.php?rest_route=%2Fwp%2Fv2%2Fcomments&post=182"}],"version-history":[{"count":15,"href":"https:\/\/osmirna.splet.arnes.si\/index.php?rest_route=\/wp\/v2\/pages\/182\/revisions"}],"predecessor-version":[{"id":33374,"href":"https:\/\/osmirna.splet.arnes.si\/index.php?rest_route=\/wp\/v2\/pages\/182\/revisions\/33374"}],"wp:attachment":[{"href":"https:\/\/osmirna.splet.arnes.si\/index.php?rest_route=%2Fwp%2Fv2%2Fmedia&parent=182"}],"curies":[{"name":"wp","href":"https:\/\/api.w.org\/{rel}","templated":true}]}}