{"id":201,"date":"2015-08-04T08:13:11","date_gmt":"2015-08-04T06:13:11","guid":{"rendered":"http:\/\/osmirna.splet.arnes.si\/?page_id=201"},"modified":"2025-06-20T12:45:07","modified_gmt":"2025-06-20T10:45:07","slug":"druge-potrebscine-za-solsko-leto-20152016","status":"publish","type":"page","link":"https:\/\/osmirna.splet.arnes.si\/?page_id=201","title":{"rendered":"Druge potreb\u0161\u010dine"},"content":{"rendered":"<p><span style=\"color: #0000ff\"><a style=\"color: #0000ff\" href=\"https:\/\/osmirna.splet.arnes.si\/files\/2025\/06\/25-26-OS-Potrebscine-1.docx\">25-26-OS-Potrebscine-1<\/a><\/span><\/p>\n<p><span style=\"color: #0000ff\"><a style=\"color: #0000ff\" href=\"https:\/\/osmirna.splet.arnes.si\/files\/2025\/06\/25-26-OS-Potrebscine-2.docx\">25-26-O\u0160-Potreb\u0161\u010dine-2<\/a><\/span><\/p>\n<p><span style=\"color: #0000ff\"><a style=\"color: #0000ff\" href=\"https:\/\/osmirna.splet.arnes.si\/files\/2025\/06\/25-26-OS-Potrebscine-3.docx\">25-26-O\u0160-Potreb\u0161\u010dine-3<\/a><\/span><\/p>\n<p><span style=\"color: #0000ff\"><a style=\"color: #0000ff\" href=\"https:\/\/osmirna.splet.arnes.si\/files\/2025\/06\/25-26-OS-Potrebscine-4.docx\">25-26-O\u0160-Potreb\u0161\u010dine-4<\/a><\/span><\/p>\n<p><span style=\"color: #0000ff\"><a style=\"color: #0000ff\" href=\"https:\/\/osmirna.splet.arnes.si\/files\/2025\/06\/25-26-OS-Potrebscine-5.docx\">25-26-O\u0160-Potreb\u0161\u010dine-5<\/a><\/span><\/p>\n<p><span style=\"color: #0000ff\"><a style=\"color: #0000ff\" href=\"https:\/\/osmirna.splet.arnes.si\/files\/2025\/06\/25-26-OS-Potrebscine-6.docx\">25-26-O\u0160-Potreb\u0161\u010dine-6<\/a><\/span><\/p>\n<p><span style=\"color: #0000ff\"><a style=\"color: #0000ff\" href=\"https:\/\/osmirna.splet.arnes.si\/files\/2025\/06\/25-26-OS-Potrebscine-7.docx\">25-26-O\u0160-Potreb\u0161\u010dine-7<\/a><\/span><\/p>\n<p><span style=\"color: #0000ff\"><a style=\"color: #0000ff\" href=\"https:\/\/osmirna.splet.arnes.si\/files\/2025\/06\/25-26-OS-Potrebscine-8.docx\">25-26-O\u0160-Potreb\u0161\u010dine-8<\/a><\/span><\/p>\n<p><span style=\"color: #0000ff\"><a style=\"color: #0000ff\" href=\"https:\/\/osmirna.splet.arnes.si\/files\/2025\/06\/25-26-OS-Potrebscine-9.docx\">25-26-O\u0160-Potreb\u0161\u010dine-9<\/a><\/span><\/p>\n<p><span style=\"color: #0000ff\"><a style=\"color: #0000ff\" href=\"https:\/\/osmirna.splet.arnes.si\/files\/2025\/06\/25-26-OSPP-Potrebscine-1.docx\">25-26-O\u0160PP-Potreb\u0161\u010dine-1<\/a><\/span><\/p>\n<p><span style=\"color: #0000ff\"><a style=\"color: #0000ff\" href=\"https:\/\/osmirna.splet.arnes.si\/files\/2025\/06\/25-26-OSPP-Potrebscine-2.docx\">25-26-O\u0160PP-Potreb\u0161\u010dine-2<\/a><\/span><\/p>\n<p><span style=\"color: #0000ff\"><a style=\"color: #0000ff\" href=\"https:\/\/osmirna.splet.arnes.si\/files\/2025\/06\/25-26-OSPP-Potrebscine-3.docx\">25-26-O\u0160PP-Potreb\u0161\u010dine-3<\/a><\/span><\/p>\n<p><span style=\"color: #0000ff\"><a style=\"color: #0000ff\" href=\"https:\/\/osmirna.splet.arnes.si\/files\/2025\/06\/25-26-OSPP-Potrebscine-4.docx\">25-26-O\u0160PP-Potreb\u0161\u010dine-4<\/a><\/span><\/p>\n<p><span style=\"color: #0000ff\"><a style=\"color: #0000ff\" href=\"https:\/\/osmirna.splet.arnes.si\/files\/2025\/06\/25-26-OSPP-Potrebscine-5.docx\">25-26-O\u0160PP-Potreb\u0161\u010dine-5<\/a><\/span><\/p>\n<p><span style=\"color: #0000ff\"><a style=\"color: #0000ff\" href=\"https:\/\/osmirna.splet.arnes.si\/files\/2025\/06\/25-26-OSPP-Potrebscine-6.docx\">25-26-O\u0160PP-Potreb\u0161\u010dine-6<\/a><\/span><\/p>\n<p><span style=\"color: #0000ff\"><a style=\"color: #0000ff\" href=\"https:\/\/osmirna.splet.arnes.si\/files\/2025\/06\/25-26-OSPP-Potrebscine-7.docx\">25-26-O\u0160PP-Potreb\u0161\u010dine-7<\/a><\/span><\/p>\n<p><span style=\"color: #0000ff\"><a style=\"color: #0000ff\" href=\"https:\/\/osmirna.splet.arnes.si\/files\/2025\/06\/25-26-OSPP-Potrebscine-8.docx\">25-26-O\u0160PP-Potreb\u0161\u010dine-8<\/a><\/span><\/p>\n<p><span style=\"color: #0000ff\"><a style=\"color: #0000ff\" href=\"https:\/\/osmirna.splet.arnes.si\/files\/2025\/06\/25-26-OSPP-Potrebscine-9.docx\">25-26-O\u0160PP-Potreb\u0161\u010dine-9<\/a><\/span><\/p>\n<p>&nbsp;<\/p>\n","protected":false},"excerpt":{"rendered":"<p>25-26-OS-Potrebscine-1 25-26-O\u0160-Potreb\u0161\u010dine-2 25-26-O\u0160-Potreb\u0161\u010dine-3 25-26-O\u0160-Potreb\u0161\u010dine-4 25-26-O\u0160-Potreb\u0161\u010dine-5 25-26-O\u0160-Potreb\u0161\u010dine-6 25-26-O\u0160-Potreb\u0161\u010dine-7 25-26-O\u0160-Potreb\u0161\u010dine-8 25-26-O\u0160-Potreb\u0161\u010dine-9 25-26-O\u0160PP-Potreb\u0161\u010dine-1 25-26-O\u0160PP-Potreb\u0161\u010dine-2 25-26-O\u0160PP-Potreb\u0161\u010dine-3 25-26-O\u0160PP-Potreb\u0161\u010dine-4 25-26-O\u0160PP-Potreb\u0161\u010dine-5 25-26-O\u0160PP-Potreb\u0161\u010dine-6 25-26-O\u0160PP-Potreb\u0161\u010dine-7 25-26-O\u0160PP-Potreb\u0161\u010dine-8 25-26-O\u0160PP-Potreb\u0161\u010dine-9 &nbsp;<\/p>\n","protected":false},"author":5692,"featured_media":0,"parent":0,"menu_order":0,"comment_status":"closed","ping_status":"closed","template":"","meta":{"ngg_post_thumbnail":0,"footnotes":""},"class_list":["post-201","page","type-page","status-publish","hentry"],"_links":{"self":[{"href":"https:\/\/osmirna.splet.arnes.si\/index.php?rest_route=\/wp\/v2\/pages\/201","targetHints":{"allow":["GET"]}}],"collection":[{"href":"https:\/\/osmirna.splet.arnes.si\/index.php?rest_route=\/wp\/v2\/pages"}],"about":[{"href":"https:\/\/osmirna.splet.arnes.si\/index.php?rest_route=\/wp\/v2\/types\/page"}],"author":[{"embeddable":true,"href":"https:\/\/osmirna.splet.arnes.si\/index.php?rest_route=\/wp\/v2\/users\/5692"}],"replies":[{"embeddable":true,"href":"https:\/\/osmirna.splet.arnes.si\/index.php?rest_route=%2Fwp%2Fv2%2Fcomments&post=201"}],"version-history":[{"count":15,"href":"https:\/\/osmirna.splet.arnes.si\/index.php?rest_route=\/wp\/v2\/pages\/201\/revisions"}],"predecessor-version":[{"id":33464,"href":"https:\/\/osmirna.splet.arnes.si\/index.php?rest_route=\/wp\/v2\/pages\/201\/revisions\/33464"}],"wp:attachment":[{"href":"https:\/\/osmirna.splet.arnes.si\/index.php?rest_route=%2Fwp%2Fv2%2Fmedia&parent=201"}],"curies":[{"name":"wp","href":"https:\/\/api.w.org\/{rel}","templated":true}]}}