{"id":22843,"date":"2023-04-14T06:26:45","date_gmt":"2023-04-14T04:26:45","guid":{"rendered":"https:\/\/osmirna.splet.arnes.si\/?page_id=22843"},"modified":"2025-02-19T21:48:10","modified_gmt":"2025-02-19T20:48:10","slug":"posodobitev-omrezij-lan-na-viz","status":"publish","type":"page","link":"https:\/\/osmirna.splet.arnes.si\/?page_id=22843","title":{"rendered":"Posodobitev omre\u017eij LAN na VIZ"},"content":{"rendered":"<div id=\"attachment_22845\" style=\"width: 887px\" class=\"wp-caption alignnone\"><a style=\"color: #000000\" href=\"https:\/\/osmirna.splet.arnes.si\/files\/2023\/04\/NOO_Arnes_Ministrstvo-za-vzgojo-in-izobrazevanje_EU.png\"><img loading=\"lazy\" decoding=\"async\" aria-describedby=\"caption-attachment-22845\" class=\"wp-image-22845 size-full\" src=\"https:\/\/osmirna.splet.arnes.si\/files\/2023\/04\/NOO_Arnes_Ministrstvo-za-vzgojo-in-izobrazevanje_EU.png\" alt=\"NOO - logotipi projekta\" width=\"877\" height=\"90\" srcset=\"https:\/\/osmirna.splet.arnes.si\/files\/2023\/04\/NOO_Arnes_Ministrstvo-za-vzgojo-in-izobrazevanje_EU.png 877w, https:\/\/osmirna.splet.arnes.si\/files\/2023\/04\/NOO_Arnes_Ministrstvo-za-vzgojo-in-izobrazevanje_EU-300x31.png 300w, https:\/\/osmirna.splet.arnes.si\/files\/2023\/04\/NOO_Arnes_Ministrstvo-za-vzgojo-in-izobrazevanje_EU-768x79.png 768w\" sizes=\"auto, (max-width: 877px) 100vw, 877px\" \/><\/a><p id=\"caption-attachment-22845\" class=\"wp-caption-text\"><span style=\"color: #000000\">Logotipi: arnes, RS Ministrstvo za izobra\u017eevanje, Na\u010drt za okrevanje in odpornost, Financira EU<\/span><\/p><\/div>\n<h2 style=\"text-align: center\"><span style=\"color: #000000\">Posodobitev omre\u017eij LAN na VIZ<\/span><\/h2>\n<p><span style=\"color: #000000\">Naziv operacije: Posodobitev ra\u010dunalni\u0161kih omre\u017eij LAN na VIZ v osnovnem in srednjem \u0161olstvu ter organizacijah za izobra\u017eevanje odraslih<\/span><\/p>\n<p><span style=\"color: #000000\">Cilji projekta: Namen projekta&nbsp;<span style=\"color: #0000ff\"><a style=\"color: #0000ff\" href=\"https:\/\/www.arnes.si\/posodobitev-omrezij-lan-na-viz\/\" target=\"_blank\" rel=\"noopener\">Posodobitev omre\u017eij LAN na VIZ<\/a>&nbsp;<\/span>je posodobiti ra\u010dunalni\u0161ka omre\u017eja; pregled obstoje\u010dega stanja, izdelava na\u010drta posodobitve, izvedba posodobitve \u2013 nadgradnja aktivne in pasivne opreme v osnovnem in srednjem \u0161olstvu ter na organizacijah izobra\u017eevanja za odrasle. Skupna vrednost programa zna\u0161a 5.533.333,81 \u20ac, sredstva mehanizma za okrevanje in odpornost zna\u0161ajo 4.605.647 \u20ac.<\/span><\/p>\n<p><span style=\"color: #000000\">Obrazlo\u017eitev vloge EU: Na\u010drt za okrevanje in odpornost je podlaga za kori\u0161\u010denje sredstev evropskega Mehanizma za okrevanje in odpornost. Pripomogel bo k okrevanju slovenskega gospodarstva in prispeval k bla\u017eitvi socialnih posledic pandemije covida-19. Z izvedbo na\u010drtovanih reform in nalo\u017eb za zeleni in digitalni prehod bo slovenska dru\u017eba bolj trajnostna, odpornej\u0161a in bolje pripravljena na izzive prihodnosti. NOO sofinancirata Evropska unija in Ministrstvo za vzgojo in izobra\u017eevanje v okviru odziva Unije na pandemijo COVID-19.<\/span><\/p>\n<p><span style=\"color: #000000\">Vse informacije o izvajanju Na\u010drta za okrevanje in odpornost (NOO) v Republiki Sloveniji najdete na spletni strani&nbsp;<span style=\"color: #0000ff\"><a style=\"color: #0000ff\" href=\"https:\/\/www.gov.si\/zbirke\/projekti-in-programi\/nacrt-za-okrevanje-in-odpornost\" target=\"_blank\" rel=\"noopener\">noo.gov.si<\/a>.<\/span><\/span><\/p>\n","protected":false},"excerpt":{"rendered":"<p>Posodobitev omre\u017eij LAN na VIZ Naziv operacije: Posodobitev ra\u010dunalni\u0161kih omre\u017eij LAN na VIZ v osnovnem in srednjem \u0161olstvu ter organizacijah za izobra\u017eevanje odraslih Cilji projekta: Namen projekta&nbsp;Posodobitev omre\u017eij LAN na VIZ&nbsp;je posodobiti ra\u010dunalni\u0161ka omre\u017eja;&#46;&#46;&#46;<\/p>\n","protected":false},"author":5692,"featured_media":0,"parent":0,"menu_order":0,"comment_status":"closed","ping_status":"closed","template":"","meta":{"ngg_post_thumbnail":0,"footnotes":""},"class_list":["post-22843","page","type-page","status-publish","hentry"],"_links":{"self":[{"href":"https:\/\/osmirna.splet.arnes.si\/index.php?rest_route=\/wp\/v2\/pages\/22843","targetHints":{"allow":["GET"]}}],"collection":[{"href":"https:\/\/osmirna.splet.arnes.si\/index.php?rest_route=\/wp\/v2\/pages"}],"about":[{"href":"https:\/\/osmirna.splet.arnes.si\/index.php?rest_route=\/wp\/v2\/types\/page"}],"author":[{"embeddable":true,"href":"https:\/\/osmirna.splet.arnes.si\/index.php?rest_route=\/wp\/v2\/users\/5692"}],"replies":[{"embeddable":true,"href":"https:\/\/osmirna.splet.arnes.si\/index.php?rest_route=%2Fwp%2Fv2%2Fcomments&post=22843"}],"version-history":[{"count":14,"href":"https:\/\/osmirna.splet.arnes.si\/index.php?rest_route=\/wp\/v2\/pages\/22843\/revisions"}],"predecessor-version":[{"id":31828,"href":"https:\/\/osmirna.splet.arnes.si\/index.php?rest_route=\/wp\/v2\/pages\/22843\/revisions\/31828"}],"wp:attachment":[{"href":"https:\/\/osmirna.splet.arnes.si\/index.php?rest_route=%2Fwp%2Fv2%2Fmedia&parent=22843"}],"curies":[{"name":"wp","href":"https:\/\/api.w.org\/{rel}","templated":true}]}}