{"id":26685,"date":"2024-02-21T20:53:27","date_gmt":"2024-02-21T19:53:27","guid":{"rendered":"https:\/\/osmirna.splet.arnes.si\/?page_id=26685"},"modified":"2025-02-22T09:15:01","modified_gmt":"2025-02-22T08:15:01","slug":"varno-v-vrtec-in-solo","status":"publish","type":"page","link":"https:\/\/osmirna.splet.arnes.si\/?page_id=26685","title":{"rendered":"Varno v vrtec in \u0161olo"},"content":{"rendered":"<div id=\"attachment_26735\" style=\"width: 215px\" class=\"wp-caption aligncenter\"><a href=\"https:\/\/osmirna.splet.arnes.si\/files\/2024\/02\/varnovvrtec24.png\"><img loading=\"lazy\" decoding=\"async\" aria-describedby=\"caption-attachment-26735\" class=\"wp-image-26735 size-full\" src=\"https:\/\/osmirna.splet.arnes.si\/files\/2024\/02\/varnovvrtec24.png\" alt=\"\u0160OLA SOBIVANJA\" width=\"205\" height=\"205\" srcset=\"https:\/\/osmirna.splet.arnes.si\/files\/2024\/02\/varnovvrtec24.png 205w, https:\/\/osmirna.splet.arnes.si\/files\/2024\/02\/varnovvrtec24-150x150.png 150w, https:\/\/osmirna.splet.arnes.si\/files\/2024\/02\/varnovvrtec24-80x80.png 80w\" sizes=\"auto, (max-width: 205px) 100vw, 205px\" \/><\/a><p id=\"caption-attachment-26735\" class=\"wp-caption-text\"><span style=\"color: #000000\">VARNO V VRTEC IN \u0160OLO<\/span><\/p><\/div>\n<p style=\"text-align: center\"><span style=\"color: #000000\">Projekt VARNO V VRTEC IN \u0160OLO<\/span><\/p>\n<p><span style=\"color: #000000\">Nacionalni projekt \u00bbVarno v vrtec in \u0161olo\u00ab je del \u0161ir\u0161ega programa \u0160ole sobivanja, ki zdru\u017euje projekte z razli\u010dnih podro\u010dij trajnostnega razvoja. Organizator projekta je dru\u0161tvo Sobivanje, projekt&nbsp; pa podpira tudi Agencija za varnost prometa (AVP).<\/span><\/p>\n<p><span style=\"color: #000000\"> CILJ: Sistemati\u010dno, strokovno in kontinuirano pristopiti k vzgoji otrok na podro\u010dju prometne vzgoje, ter jih varno vklju\u010devati v promet.<\/span><\/p>\n<p><span style=\"color: #000000\">VKLJU\u010cENI ODDELKI V PROJEKT:&nbsp;Oddelki 2. starostnega obdobja.<\/span><\/p>\n<p><span style=\"color: #000000\">\u010cAS IZVAJANJA: Kontinuirano skozi celo \u0161olsko leto<\/span><\/p>\n<p><span style=\"color: #000000\">Tekom izvajanja projekta na\u010drtujemo redne dejavnosti, kjer otroke skozi izkustveno u\u010denje seznanjamo z osnovni prometni pravili, kot so pre\u010dkanje ceste na prehodu za pe\u0161ce, no\u0161enje odsevnih trakov ali obla\u010dil, uporaba \u010delade pri kolesarjenju itd. Z uporabo razli\u010dnih didakti\u010dnih pripomo\u010dkov, kot so slike, plakati, risanke ali interaktivne igre, otrokom pomagamo, da bolje razumejo prometna pravila in situacije.<\/span><\/p>\n<p><span style=\"color: #000000\">&nbsp;Z doslednim izvajanjem teh aktivnosti, sodelovanjem s star\u0161i in z lokalno skupnostjo lahko ustvarimo varno in spodbudno okolje za optimalen otrokov razvoj. S tem pa prispevamo tudi k ve\u010dji prometni varnosti v na\u0161em kraju za vse udele\u017eence v prometu.<\/span><\/p>\n","protected":false},"excerpt":{"rendered":"<p>Projekt VARNO V VRTEC IN \u0160OLO Nacionalni projekt \u00bbVarno v vrtec in \u0161olo\u00ab je del \u0161ir\u0161ega programa \u0160ole sobivanja, ki zdru\u017euje projekte z razli\u010dnih podro\u010dij trajnostnega razvoja. Organizator projekta je dru\u0161tvo Sobivanje, projekt&nbsp; pa&#46;&#46;&#46;<\/p>\n","protected":false},"author":5692,"featured_media":0,"parent":0,"menu_order":0,"comment_status":"closed","ping_status":"closed","template":"","meta":{"ngg_post_thumbnail":0,"footnotes":""},"class_list":["post-26685","page","type-page","status-publish","hentry"],"_links":{"self":[{"href":"https:\/\/osmirna.splet.arnes.si\/index.php?rest_route=\/wp\/v2\/pages\/26685","targetHints":{"allow":["GET"]}}],"collection":[{"href":"https:\/\/osmirna.splet.arnes.si\/index.php?rest_route=\/wp\/v2\/pages"}],"about":[{"href":"https:\/\/osmirna.splet.arnes.si\/index.php?rest_route=\/wp\/v2\/types\/page"}],"author":[{"embeddable":true,"href":"https:\/\/osmirna.splet.arnes.si\/index.php?rest_route=\/wp\/v2\/users\/5692"}],"replies":[{"embeddable":true,"href":"https:\/\/osmirna.splet.arnes.si\/index.php?rest_route=%2Fwp%2Fv2%2Fcomments&post=26685"}],"version-history":[{"count":14,"href":"https:\/\/osmirna.splet.arnes.si\/index.php?rest_route=\/wp\/v2\/pages\/26685\/revisions"}],"predecessor-version":[{"id":31907,"href":"https:\/\/osmirna.splet.arnes.si\/index.php?rest_route=\/wp\/v2\/pages\/26685\/revisions\/31907"}],"wp:attachment":[{"href":"https:\/\/osmirna.splet.arnes.si\/index.php?rest_route=%2Fwp%2Fv2%2Fmedia&parent=26685"}],"curies":[{"name":"wp","href":"https:\/\/api.w.org\/{rel}","templated":true}]}}