{"id":26688,"date":"2024-02-21T20:54:56","date_gmt":"2024-02-21T19:54:56","guid":{"rendered":"https:\/\/osmirna.splet.arnes.si\/?page_id=26688"},"modified":"2025-03-02T18:09:10","modified_gmt":"2025-03-02T17:09:10","slug":"mali-soncek","status":"publish","type":"page","link":"https:\/\/osmirna.splet.arnes.si\/?page_id=26688","title":{"rendered":"Mali son\u010dek"},"content":{"rendered":"<p style=\"text-align: center\"><strong>Gibalno\/\u0161portni program MALI SON\u010cEK<\/strong><\/p>\n<div id=\"attachment_26796\" style=\"width: 243px\" class=\"wp-caption aligncenter\"><a href=\"https:\/\/osmirna.splet.arnes.si\/files\/2024\/02\/MaliSoncek24.png\"><img loading=\"lazy\" decoding=\"async\" aria-describedby=\"caption-attachment-26796\" class=\"wp-image-26796 size-full\" src=\"https:\/\/osmirna.splet.arnes.si\/files\/2024\/02\/MaliSoncek24.png\" alt=\"Projekt - Mali son\u010dek\" width=\"233\" height=\"215\" \/><\/a><p id=\"caption-attachment-26796\" class=\"wp-caption-text\"><span style=\"color: #000000\">Logotip &#8211; MALI SON\u010cEK<\/span><\/p><\/div>\n<p><span style=\"color: #000000\"><strong>MALI SON\u010cEK \u2013&nbsp;gibalno\/\u0161portni <\/strong>program Zavoda za \u0161port RS Planica, v katerega so vklju\u010deni vsi otroci od 2. do 6. leta starosti. &nbsp;Program spodbuja naravne oblike gibanja skozi razli\u010dne naloge, primerne starosti otrok. &nbsp;<\/span><\/p>\n<p><span style=\"color: #000000\"><strong>Poteka na \u0161tirih nivojih:<\/strong><\/span><\/p>\n<p><span style=\"color: #000000\">\uf0d8&nbsp;&nbsp;<strong>Mali son\u010dek \u2013 modri: za otroke od 2. do 3. leta starosti.<\/strong><\/span><\/p>\n<p><span style=\"color: #000000\">\uf0d8&nbsp;&nbsp;<strong>Mali son\u010dek \u2013 zeleni: za otroke od 3. do 4. leta starosti.<\/strong><\/span><\/p>\n<p><span style=\"color: #000000\">\uf0d8&nbsp;&nbsp;<strong>Mali son\u010dek \u2013 oran\u017eni: za otroke od 4. do 5. leta starosti.<\/strong><\/span><\/p>\n<p><span style=\"color: #000000\">\uf0d8&nbsp;&nbsp;<strong>Mali son\u010dek \u2013 rumeni: za otroke od 5. do 6. leta starosti.<\/strong><\/span><\/p>\n<p><span style=\"color: #000000\">CILJ: Obogatiti program na podro\u010dju gibanja v vrtcu s sodobnimi gibalnimi vsebinami ter okrepiti prijetne in vesele ob\u010dutke otrok ob gibanju.<\/span><\/p>\n<p><span style=\"color: #000000\">VKLJU\u010cENI ODDELKI V PROJEKT: Ro\u017eice, Son\u010dki, Barvice, Pike, Klobuki, Baloni, Gumbi.<\/span><\/p>\n<p><span style=\"color: #000000\">\u010cAS IZVAJANJA: Kontinuirano skozi celo leto.<\/span><\/p>\n<p><span style=\"color: #000000\">Naloge so zahtevnostno prilagojene razli\u010dni starosti otrok. Vsebujejo izlete, vo\u017enjo s poganjal\u010dkom, triciklom, skirojem ali kolesom, igre na prostem, igre z \u017eogo, ustvarjanje z gibanjem in ritmom, naravne oblike gibanja, mini kros, igre brez meja itd. V okviru projekta se spodbuja sodelovanje s star\u0161i pri izvajanju posameznih nalog. Otroci tako preko razli\u010dnih vsebin preizku\u0161ajo svoje sposobnosti, krepijo motori\u010dne spretnosti, se zabavajo in veselijo, krepijo samozaupanje vase ter komunikacijske ve\u0161\u010dine s prijatelji.<\/span><\/p>\n<p><span style=\"color: #000000\">Gibalni program Mali son\u010dek ne spodbuja tekmovalnost, temve\u010d sistemati\u010dno sodelovanje v gibalnih dejavnostih. Otroci ob zaklju\u010dku \u0161olskega leta prejmejo priznanje za sodelovanje.<\/span><\/p>\n<p><span style=\"color: #000000\">Ve\u010d o tem lahko preberete na naslednji povezavi: <a href=\"https:\/\/www.sportmladih.net\/interesni-programi-som\/mali-soncek\/\">Sport mladih &#8211; Mali son\u010dek<\/a><\/span><\/p>\n<p>&nbsp;<\/p>\n<p>&nbsp;<\/p>\n<p>&nbsp;<\/p>\n","protected":false},"excerpt":{"rendered":"<p>Gibalno\/\u0161portni program MALI SON\u010cEK MALI SON\u010cEK \u2013&nbsp;gibalno\/\u0161portni program Zavoda za \u0161port RS Planica, v katerega so vklju\u010deni vsi otroci od 2. do 6. leta starosti. &nbsp;Program spodbuja naravne oblike gibanja skozi razli\u010dne naloge, primerne&#46;&#46;&#46;<\/p>\n","protected":false},"author":5692,"featured_media":0,"parent":0,"menu_order":0,"comment_status":"closed","ping_status":"closed","template":"","meta":{"ngg_post_thumbnail":0,"footnotes":""},"class_list":["post-26688","page","type-page","status-publish","hentry"],"_links":{"self":[{"href":"https:\/\/osmirna.splet.arnes.si\/index.php?rest_route=\/wp\/v2\/pages\/26688","targetHints":{"allow":["GET"]}}],"collection":[{"href":"https:\/\/osmirna.splet.arnes.si\/index.php?rest_route=\/wp\/v2\/pages"}],"about":[{"href":"https:\/\/osmirna.splet.arnes.si\/index.php?rest_route=\/wp\/v2\/types\/page"}],"author":[{"embeddable":true,"href":"https:\/\/osmirna.splet.arnes.si\/index.php?rest_route=\/wp\/v2\/users\/5692"}],"replies":[{"embeddable":true,"href":"https:\/\/osmirna.splet.arnes.si\/index.php?rest_route=%2Fwp%2Fv2%2Fcomments&post=26688"}],"version-history":[{"count":11,"href":"https:\/\/osmirna.splet.arnes.si\/index.php?rest_route=\/wp\/v2\/pages\/26688\/revisions"}],"predecessor-version":[{"id":31983,"href":"https:\/\/osmirna.splet.arnes.si\/index.php?rest_route=\/wp\/v2\/pages\/26688\/revisions\/31983"}],"wp:attachment":[{"href":"https:\/\/osmirna.splet.arnes.si\/index.php?rest_route=%2Fwp%2Fv2%2Fmedia&parent=26688"}],"curies":[{"name":"wp","href":"https:\/\/api.w.org\/{rel}","templated":true}]}}