{"id":304,"date":"2015-08-04T09:53:39","date_gmt":"2015-08-04T07:53:39","guid":{"rendered":"http:\/\/osmirna.splet.arnes.si\/?page_id=304"},"modified":"2026-04-23T10:45:36","modified_gmt":"2026-04-23T08:45:36","slug":"jedilnik-vrtec","status":"publish","type":"page","link":"https:\/\/osmirna.splet.arnes.si\/?page_id=304","title":{"rendered":"Jedilnik &#8211; vrtec"},"content":{"rendered":"<p style=\"text-align: center\"><em><strong>JEDILNIK-vrtec <\/strong><strong>od 20. 4. do 24. 4. 2026<\/strong><\/em><\/p>\n<table width=\"1036\">\n<tbody>\n<tr>\n<td width=\"113\"><strong>DAN<\/strong><\/td>\n<td width=\"264\"><strong>ZAJTRK<\/strong><\/td>\n<td width=\"161\"><strong>DOPOLDANSKA MALICA<\/strong><\/td>\n<td width=\"321\"><strong>KOSILO<\/strong><\/td>\n<td width=\"176\"><strong>POPOLDANSKA MALICA<\/strong><\/td>\n<\/tr>\n<tr>\n<td width=\"113\"><strong>Ponedeljek<\/strong><\/td>\n<td width=\"264\">Pirin zdrob na doma\u010dem mleku (1AC, 7), ko\u0161\u010dek temne \u010dokolade, sadje<\/td>\n<td width=\"161\">Sadno-zelenjavni kro\u017enik<\/td>\n<td width=\"321\">Milijonska juha (1A, 3), skutni svaljki z drobtinicami in bu\u010dkino omako (1A, 3, 7), pesa v solati, \u010daj<\/td>\n<td width=\"176\">Sadni kro\u017enik, grisini (1A), \u010daj<\/td>\n<\/tr>\n<tr>\n<td width=\"113\"><strong>Torek<\/strong><\/td>\n<td width=\"264\">Doma\u010d jaj\u010dni namaz (3, 7), kisle kumarice, koruzni kruh (1A), bela kava brez sladkorja z doma\u010dim mlekom (1A, 6, 7)<\/td>\n<td width=\"161\">Sadni kro\u017enik<\/td>\n<td width=\"321\">Goveja juha z zakuho (1A, 3, 9), EKO kuhana govedina, \u0161pina\u010dna omaka (1A, 7), pra\u017een krompir, \u010daj<\/td>\n<td width=\"176\">Pirin kruh (1AC), sadje<\/td>\n<\/tr>\n<tr>\n<td width=\"113\"><strong>Sreda<\/strong><\/td>\n<td width=\"264\">Doma\u010de mleko (7), BIO ri\u017eevi napihnjenci, r\u017eena \u017eemlja (1AB), sadje<\/td>\n<td width=\"161\">Sadno-zelenjavni kro\u017enik<\/td>\n<td width=\"321\">Lososova juha (4), \u0161pageti bolognese (1A, 3), riban sir (7), zelena solata s fi\u017eolom, doma\u010da limonada<\/td>\n<td width=\"176\">Krekerji (1A), \u010daj, sadje<\/td>\n<\/tr>\n<tr>\n<td width=\"113\"><strong>\u010cetrtek<\/strong><\/td>\n<td width=\"264\">Doma\u010d \u010dokoladni namaz (6, 7, 8B), \u010drni kruh (1A), sadje, \u010daj<\/td>\n<td width=\"161\">Sadni kro\u017enik<\/td>\n<td width=\"321\">Bu\u010dna kremna juha, pi\u0161\u010dan\u010dji zrezki v gobovi omaki, doma\u010da kruhova rezina (1A, 3, 7), kitajsko zelje v solati s fi\u017eolom, \u010daj<\/td>\n<td width=\"176\">Polnozrnata \u0161tru\u010dka (1A), mleko (7), sadje<\/td>\n<\/tr>\n<tr>\n<td width=\"113\"><strong>Petek<\/strong><\/td>\n<td width=\"264\">Pica \u0161tru\u010dka (1A, 7), rezine korenja, sadje, \u010daj<\/td>\n<td width=\"161\">Sadni kro\u017enik<\/td>\n<td width=\"321\">Ri\u010det z mesom (1D), pisani kruh (1A), LCA jogurt z okusom maline, brez dodanega sladkorja in sladil (7)<\/td>\n<td width=\"176\">Sadno-zelenjavni kefir (7), sadje<\/td>\n<\/tr>\n<\/tbody>\n<\/table>\n<p>Kuhinja si v primeru objektivnih razlogov pridru\u017euje pravico do spremembe jedilnikov.&nbsp; &nbsp; &nbsp; &nbsp; &nbsp; &nbsp; &nbsp; &nbsp; &nbsp; &nbsp; &nbsp; &nbsp; &nbsp; &nbsp; &nbsp; &nbsp; &nbsp; &nbsp; DOBER TEK&nbsp; &nbsp;<\/p>\n<p>&nbsp;<\/p>\n<p style=\"text-align: center\"><em><strong>JEDILNIK-vrtec <\/strong><strong>od 27. 4. do 1. 5. 2026<\/strong><\/em><\/p>\n<table width=\"1036\">\n<tbody>\n<tr>\n<td width=\"113\"><strong>DAN<\/strong><\/td>\n<td width=\"264\"><strong>ZAJTRK<\/strong><\/td>\n<td width=\"161\"><strong>DOPOLDANSKA MALICA<\/strong><\/td>\n<td width=\"321\"><strong>KOSILO<\/strong><\/td>\n<td width=\"176\"><strong>POPOLDANSKA MALICA<\/strong><\/td>\n<\/tr>\n<tr>\n<td width=\"113\"><strong>Ponedeljek<\/strong><\/td>\n<td colspan=\"4\" width=\"922\">\n<p style=\"text-align: center\">DAN UPORA PROTI OKUPATORJU<\/p>\n<\/td>\n<\/tr>\n<tr>\n<td width=\"113\"><strong>Torek<\/strong><\/td>\n<td width=\"264\">Doma\u010d ribji namaz (4, 7), redkvice, polnozrnat kruh (1A), kakav brez dodanega sladkorja z doma\u010dim mlekom (6, 7)<\/td>\n<td width=\"161\">Sadni kro\u017enik<\/td>\n<td width=\"321\">Brokolijeva kremna juha, njoki v smetanovi omaki (1A, 3, 7), zelena solata, \u010daj<\/td>\n<td width=\"176\">LCA jogurt z okusom borovnice, brez dodanega sladkorja in sladil (7), sadje<\/td>\n<\/tr>\n<tr>\n<td width=\"113\"><strong>Sreda<\/strong><\/td>\n<td width=\"264\">&nbsp;Ri\u017eolino na doma\u010dem mleku (7), suhe slive (12)&nbsp;<\/td>\n<td width=\"161\">Sadni kro\u017enik<\/td>\n<td width=\"321\">Zelenjavna kremna juha (9), makaronovo meso (1A, 3), riban sir (7), zeljnata solata s fi\u017eolom, doma\u010da limonada<\/td>\n<td width=\"176\">Ajdova \u017eemlja (1A), sadno-zelenjavni kro\u017enik<\/td>\n<\/tr>\n<tr>\n<td width=\"113\"><strong>\u010cetrtek<\/strong><\/td>\n<td width=\"264\">Polnozrnati kosmi\u010di z medom (1A), doma\u010de mleko (7), banana<\/td>\n<td width=\"161\">Sadno-zelenjavni kro\u017enik<\/td>\n<td width=\"321\">Mesno-zelenjavna enolon\u010dnica, koruzni kruh (1A), doma\u010d vanilijev puding s smetano (1A, 7), voda<\/td>\n<td width=\"176\">BIO pi\u0161koti s sadjem (1A, 3, 7), sadje, \u010daj<\/td>\n<\/tr>\n<tr>\n<td width=\"113\"><strong>Petek<\/strong><\/td>\n<td colspan=\"4\" width=\"922\">&nbsp;<\/p>\n<p style=\"text-align: center\">PRAZNIK DELA<\/p>\n<p>&nbsp;<\/td>\n<\/tr>\n<\/tbody>\n<\/table>\n<p>Kuhinja si v primeru objektivnih razlogov pridru\u017euje pravico do spremembe jedilnikov.&nbsp; &nbsp; &nbsp; &nbsp; &nbsp; &nbsp; &nbsp; &nbsp; &nbsp; &nbsp; &nbsp; &nbsp; &nbsp; &nbsp; &nbsp; &nbsp; &nbsp; &nbsp; DOBER TEK&nbsp;&nbsp;&nbsp;&nbsp;<\/p>\n<p>&nbsp;<\/p>\n<p style=\"text-align: center\"><strong>JEDILNIK-vrtec <\/strong><strong>od 4. 5. do 8. 5. 2026<\/strong><\/p>\n<table width=\"1036\">\n<tbody>\n<tr>\n<td width=\"113\"><strong>DAN<\/strong><\/td>\n<td width=\"264\"><strong>ZAJTRK<\/strong><\/td>\n<td width=\"161\"><strong>DOPOLDANSKA MALICA<\/strong><\/td>\n<td width=\"321\"><strong>KOSILO<\/strong><\/td>\n<td width=\"176\"><strong>POPOLDANSKA MALICA<\/strong><\/td>\n<\/tr>\n<tr>\n<td width=\"113\"><strong>Ponedeljek<\/strong><\/td>\n<td width=\"264\">Doma\u010d tunin namaz (4, 7), \u010drni kruh (1A), redkvice, sadje, \u010daj<\/td>\n<td width=\"161\">&nbsp;Sadni kro\u017enik&nbsp;<\/td>\n<td width=\"321\">Grahova kremna juha, sirovi tortelini v gobovi omaki (1A, 3, 7), me\u0161ana solata, voda<\/td>\n<td width=\"176\">Ri\u017eevi vaflji, sadje, \u010daj<\/td>\n<\/tr>\n<tr>\n<td width=\"113\"><strong>Torek<\/strong><\/td>\n<td width=\"264\">Koruzni kosmi\u010di brez dodanega sladkorja z doma\u010dim mlekom (7), sadje<\/td>\n<td width=\"161\">Sadno-zelenjavni kro\u017enik<\/td>\n<td width=\"321\">Pre\u017eganka (1A, 3), EKO goveji gola\u017e, polenta, me\u0161ana solata, \u010daj<\/td>\n<td width=\"176\">Zelenjavni kro\u017enik, ovsena \u017eemlja (1AE)<\/td>\n<\/tr>\n<tr>\n<td width=\"113\"><strong>Sreda<\/strong><\/td>\n<td width=\"264\">Salama pi\u0161\u010dan\u010dje prsi, koruzni kruh (1A), mini paradi\u017enik, \u010daj<\/td>\n<td width=\"161\">Sadni kro\u017enik<\/td>\n<td width=\"321\">Koruzna kremna juha, mleta pe\u010denka (1A, 3, 7), pire krompir (7), kuhana zelenjavna priloga, zelena solata z naribanim korenjem, voda<\/td>\n<td width=\"176\">Polnozrnati grisini (1A), sadje<\/td>\n<\/tr>\n<tr>\n<td width=\"113\"><strong>\u010cetrtek<\/strong><\/td>\n<td width=\"264\">Polbela \u017eemlja s semeni (1A), doma\u010de mleko (7), le\u0161niki (8B), sadje<\/td>\n<td width=\"161\">Sadni kro\u017enik<\/td>\n<td width=\"321\">\u0160pina\u010dna kremna juha, pi\u0161\u010dan\u010dji zrezek po \u00bbdunajsko\u00ab (1A, 3), d\u017euve\u010d rjavi ri\u017e, pesa v solati, \u010daj<\/td>\n<td width=\"176\">Doma\u010d jagodno-pi\u0161kotni smuti (1AE, 7), polnozrnat kruh (1A)<\/td>\n<\/tr>\n<tr>\n<td width=\"113\"><strong>Petek<\/strong><\/td>\n<td width=\"264\">Med, maslo (7), pirin kruh (1AC), sadje, doma\u010de mleko (7)<\/td>\n<td width=\"161\">&nbsp;Sadno-zelenjavni kro\u017enik&nbsp;<\/td>\n<td width=\"321\">Pa\u0161ta fi\u017eol (1A, 3), pisani kruh (1A), doma\u010de pudingovo pecivo (1A, 3, 7), 100 % sok z vodo (1:2)<\/td>\n<td width=\"176\">BIO polnozrnati keksi s pomaran\u010do (1A, 3, 7), mleko (7)<\/td>\n<\/tr>\n<\/tbody>\n<\/table>\n<p>Kuhinja si v primeru objektivnih razlogov pridru\u017euje pravico do spremembe jedilnikov.&nbsp; &nbsp; &nbsp; &nbsp; &nbsp; &nbsp; &nbsp; &nbsp; &nbsp; &nbsp; &nbsp; &nbsp; &nbsp; &nbsp; &nbsp; &nbsp; &nbsp; &nbsp; DOBER TEK&nbsp;&nbsp;&nbsp;&nbsp;<\/p>\n<table border=\"1\">\n<tbody>\n<tr>\n<td>SNOVI ALI PROIZVODI, KI POVZRO\u010cAJO ALERGIJE ALI PREOB\u010cUTLJIVOSTI:<\/td>\n<\/tr>\n<tr>\n<td>1. \u017dITA, KI VSEBUJEJO GLUTEN (A &#8211; P\u0160ENICA, B- R\u017d, C &#8211; PIRA, \u010c &#8211; KAMUT, D \u2013 JE\u010cMEN, E &#8211; OVES); 2. RAKI IN PROIZVODI IZ NJIH; 3. JAJCA IN PROIZVODI IZ NJIH; 4. RIBE IN PROIZVODI IZ NJIH; 5. ARA\u0160IDI (KIKIRIKI) IN PROIZVODI IZ NJIH; 6. ZRNI SOJE IN PROIZVODI; 7. MLEKO IN MLE\u010cNI PROIZVODI (KI VSEBUJEJO LAKTOZO); 8. ORE\u0160KI (A \u2013 MANDLJI, B \u2013 LE\u0160NIKI, C \u2013 OREHI, \u010c \u2013 INDIJSKI ORE\u0160\u010cKI, D \u2013 AMERI\u0160KI OREHI, E BRAZILSKI ORE\u0160\u010cKI, F \u2013 PISTACIJA, G \u2013 MAKEDAMIJA) ; 9. LISTNA ZELENA IN PROIZVODI IZ NJE; 10. GOR\u010cI\u010cNO SEME IN PROIZVODI IZ NJEGA; 11. SEZAMOVO SEME IN PROIZVODI IZ NJEGA; 12. \u017dVEPLOV DIOKSID IN SULFITI V KONCENTRACIJI VE\u010c KOT 10 MG\/KG ALI 10 MG\/L GLEDE NA SKUPNI SO2; 13. VOL\u010cJI BOB IN PROIZVODI IZ NJEGA; 14. MEHKU\u017dCI IN PROIZVODI IZ NJIH.<\/td>\n<\/tr>\n<\/tbody>\n<\/table>\n<p>&nbsp; &nbsp; &nbsp; &nbsp; &nbsp;&nbsp;<\/p>\n<p>V O\u0160 Mirna&nbsp;uporabljamo &#8220;MESO IZ SEVNICE&#8221;<\/p>\n<p>Kme\u010dke zadruge Sevnica<\/p>\n<div id=\"attachment_10259\" style=\"width: 213px\" class=\"wp-caption aligncenter\"><a href=\"http:\/\/osmirna.splet.arnes.si\/files\/2015\/08\/izbranakakovostSI-1.jpg\"><img loading=\"lazy\" decoding=\"async\" aria-describedby=\"caption-attachment-10259\" class=\"wp-image-10259 size-full\" src=\"https:\/\/osmirna.splet.arnes.si\/files\/2015\/08\/izbranakakovostSI-1.jpg\" alt=\"Izdelki, ki so pridelani in predelani v Sloveniji\" width=\"203\" height=\"203\" srcset=\"https:\/\/osmirna.splet.arnes.si\/files\/2015\/08\/izbranakakovostSI-1.jpg 203w, https:\/\/osmirna.splet.arnes.si\/files\/2015\/08\/izbranakakovostSI-1-150x150.jpg 150w, https:\/\/osmirna.splet.arnes.si\/files\/2015\/08\/izbranakakovostSI-1-160x160.jpg 160w, https:\/\/osmirna.splet.arnes.si\/files\/2015\/08\/izbranakakovostSI-1-320x320.jpg 320w\" sizes=\"auto, (max-width: 203px) 100vw, 203px\" \/><\/a><p id=\"caption-attachment-10259\" class=\"wp-caption-text\">Logotip \u00bbizbrana kakovost \u2013 Slovenija\u00ab<\/p><\/div>\n<p>VSA GOVEDINA V NJIHOVIH PRODAJALNAH JE VKLJU\u010cENA V NACIONALNO SHEMO<\/p>\n<p>&#8220;IZBRANA KAKOVOST SLOVENIJE&#8221;,&nbsp;KI POTRO\u0160NIKOM ZAGOTAVLJA,<\/p>\n<p>DA PRODAJAJO GOVEJE MESO \u017dIVALI, KI SO&nbsp;VZREJENE&nbsp;IN PREDELANE V SLOVENIJI.<\/p>\n<p>&nbsp; &nbsp; &nbsp; &nbsp; &nbsp;&nbsp;<\/p>\n<p>&nbsp;<\/p>\n<p>&nbsp;<\/p>\n<p style=\"text-align: center\">&nbsp;<\/p>\n<p style=\"text-align: center\">&nbsp;<\/p>\n","protected":false},"excerpt":{"rendered":"<p>JEDILNIK-vrtec od 20. 4. do 24. 4. 2026 DAN ZAJTRK DOPOLDANSKA MALICA KOSILO POPOLDANSKA MALICA Ponedeljek Pirin zdrob na doma\u010dem mleku (1AC, 7), ko\u0161\u010dek temne \u010dokolade, sadje Sadno-zelenjavni kro\u017enik Milijonska juha (1A, 3), skutni&#46;&#46;&#46;<\/p>\n","protected":false},"author":5692,"featured_media":0,"parent":0,"menu_order":0,"comment_status":"closed","ping_status":"closed","template":"","meta":{"ngg_post_thumbnail":0,"footnotes":""},"class_list":["post-304","page","type-page","status-publish","hentry"],"_links":{"self":[{"href":"https:\/\/osmirna.splet.arnes.si\/index.php?rest_route=\/wp\/v2\/pages\/304","targetHints":{"allow":["GET"]}}],"collection":[{"href":"https:\/\/osmirna.splet.arnes.si\/index.php?rest_route=\/wp\/v2\/pages"}],"about":[{"href":"https:\/\/osmirna.splet.arnes.si\/index.php?rest_route=\/wp\/v2\/types\/page"}],"author":[{"embeddable":true,"href":"https:\/\/osmirna.splet.arnes.si\/index.php?rest_route=\/wp\/v2\/users\/5692"}],"replies":[{"embeddable":true,"href":"https:\/\/osmirna.splet.arnes.si\/index.php?rest_route=%2Fwp%2Fv2%2Fcomments&post=304"}],"version-history":[{"count":15,"href":"https:\/\/osmirna.splet.arnes.si\/index.php?rest_route=\/wp\/v2\/pages\/304\/revisions"}],"predecessor-version":[{"id":35957,"href":"https:\/\/osmirna.splet.arnes.si\/index.php?rest_route=\/wp\/v2\/pages\/304\/revisions\/35957"}],"wp:attachment":[{"href":"https:\/\/osmirna.splet.arnes.si\/index.php?rest_route=%2Fwp%2Fv2%2Fmedia&parent=304"}],"curies":[{"name":"wp","href":"https:\/\/api.w.org\/{rel}","templated":true}]}}