{"id":316,"date":"2015-08-04T11:30:08","date_gmt":"2015-08-04T09:30:08","guid":{"rendered":"http:\/\/osmirna.splet.arnes.si\/?page_id=316"},"modified":"2025-02-19T22:23:01","modified_gmt":"2025-02-19T21:23:01","slug":"zdrava-sola","status":"publish","type":"page","link":"https:\/\/osmirna.splet.arnes.si\/?page_id=316","title":{"rendered":"Zdrava \u0161ola"},"content":{"rendered":"<div class=\"item-page\">\n<article class=\"art-post\">\n<div class=\"art-postcontent clearfix\">\n<div class=\"art-article\">\n<p style=\"text-align: center\"><img loading=\"lazy\" decoding=\"async\" class=\"alignnone size-full wp-image-18092\" src=\"https:\/\/osmirna.splet.arnes.si\/files\/2021\/10\/zdrava_sola.jpg\" alt=\"\" width=\"193\" height=\"209\" \/><\/p>\n<p><span style=\"color: #000000\">O\u0160 Mirna je v Evropsko mre\u017eo ZDRAVIH \u0160OL vklju\u010dena od&nbsp; leta 2012. Delo ZDRAVIH&nbsp; \u0160OL &nbsp;koordinira Nacionalni in\u0161titut za javno zdravje RS.<\/span><\/p>\n<p><span style=\"color: #000000\">V svojih aktivnostih za promocijo zdravja na \u0161oli sledimo 12. ciljem ZDRAVE \u0160OLE:<\/span><\/p>\n<ul>\n<li><span style=\"color: #000000\">Aktivno podpiramo pozitivno samopodobo vseh u\u010dencev s tem, da lahko vsak prispeva k \u017eivljenju v \u0161oli.<\/span><\/li>\n<li><span style=\"color: #000000\">Skrbimo za vsestranski razvoj dobrih medsebojnih odnosov med u\u010ditelji in u\u010denci, u\u010ditelji med seboj ter med u\u010denci.<\/span><\/li>\n<li><span style=\"color: #000000\">Trudimo se, da so socialni cilji \u0161ole jasni u\u010diteljem, u\u010dencem in star\u0161em.<\/span><\/li>\n<li><span style=\"color: #000000\">Vse u\u010dence spodbujamo k razli\u010dnim dejavnostim z raznovrstnimi pobudami.<\/span><\/li>\n<li><span style=\"color: #000000\">Izkori\u0161\u010damo vsako mo\u017enost izbolj\u0161anja \u0161olskega okolja.<\/span><\/li>\n<li><span style=\"color: #000000\">Skrbimo za razvoj dobrih povezav med \u0161olo, domom in skupnostjo.<\/span><\/li>\n<li><span style=\"color: #000000\">Skrbimo za razvoj dobrih povezav med osnovno in srednjo \u0161olo.<\/span><\/li>\n<li><span style=\"color: #000000\">Aktivno podpiramo zdravje in blaginjo svojih u\u010diteljev.<\/span><\/li>\n<li><span style=\"color: #000000\">Upo\u0161tevamo dejstvo, da so u\u010ditelji in \u0161olsko osebje zgled za zdravo obna\u0161anje.<\/span><\/li>\n<li><span style=\"color: #000000\">Upo\u0161tevamo komplementarno vlogo, ki jo ima \u0161olska prehrana v u\u010dnem na\u010drtu zdrave prehrane.<\/span><\/li>\n<li><span style=\"color: #000000\">Sodelujemo s specializiranimi slu\u017ebami skupnosti, ki nam svetujejo in pomagajo pri u\u010dnem na\u010drtu zdravstvene vzgoje.<\/span><\/li>\n<li><span style=\"color: #000000\">Vzpostavili smo poglobljen odnos s \u0161olsko zdravstveno slu\u017ebo.<\/span><\/li>\n<\/ul>\n<p><span style=\"color: #000000\">V okviru projekta se trudimo spodbujati zdrav na\u010din \u017eivljenja, upo\u0161tevati strpnost in druga\u010dnost; izvajamo preventivne programe, razli\u010dne oblike sodelovanja s star\u0161i, lokalno skupnostjo; skrbimo za zdravo in kakovostno prehrano, ozave\u0161\u010damo o zdravem na\u010dinu pre\u017eivljanja prostega \u010dasa. Posebno skrb posve\u010damo kvalitetnim medsebojnim odnosom in nenasilni komunikaciji.<\/span><\/p>\n<\/div>\n<\/div>\n<\/article>\n<\/div>\n","protected":false},"excerpt":{"rendered":"<p>O\u0160 Mirna je v Evropsko mre\u017eo ZDRAVIH \u0160OL vklju\u010dena od&nbsp; leta 2012. Delo ZDRAVIH&nbsp; \u0160OL &nbsp;koordinira Nacionalni in\u0161titut za javno zdravje RS. V svojih aktivnostih za promocijo zdravja na \u0161oli sledimo 12. ciljem ZDRAVE&#46;&#46;&#46;<\/p>\n","protected":false},"author":5692,"featured_media":0,"parent":0,"menu_order":0,"comment_status":"closed","ping_status":"closed","template":"","meta":{"ngg_post_thumbnail":0,"footnotes":""},"class_list":["post-316","page","type-page","status-publish","hentry"],"_links":{"self":[{"href":"https:\/\/osmirna.splet.arnes.si\/index.php?rest_route=\/wp\/v2\/pages\/316","targetHints":{"allow":["GET"]}}],"collection":[{"href":"https:\/\/osmirna.splet.arnes.si\/index.php?rest_route=\/wp\/v2\/pages"}],"about":[{"href":"https:\/\/osmirna.splet.arnes.si\/index.php?rest_route=\/wp\/v2\/types\/page"}],"author":[{"embeddable":true,"href":"https:\/\/osmirna.splet.arnes.si\/index.php?rest_route=\/wp\/v2\/users\/5692"}],"replies":[{"embeddable":true,"href":"https:\/\/osmirna.splet.arnes.si\/index.php?rest_route=%2Fwp%2Fv2%2Fcomments&post=316"}],"version-history":[{"count":15,"href":"https:\/\/osmirna.splet.arnes.si\/index.php?rest_route=\/wp\/v2\/pages\/316\/revisions"}],"predecessor-version":[{"id":31844,"href":"https:\/\/osmirna.splet.arnes.si\/index.php?rest_route=\/wp\/v2\/pages\/316\/revisions\/31844"}],"wp:attachment":[{"href":"https:\/\/osmirna.splet.arnes.si\/index.php?rest_route=%2Fwp%2Fv2%2Fmedia&parent=316"}],"curies":[{"name":"wp","href":"https:\/\/api.w.org\/{rel}","templated":true}]}}