{"id":3258,"date":"2015-09-16T18:31:50","date_gmt":"2015-09-16T16:31:50","guid":{"rendered":"http:\/\/osmirna.splet.arnes.si\/?page_id=3258"},"modified":"2016-09-06T20:33:38","modified_gmt":"2016-09-06T18:33:38","slug":"praznujmo-evropski-dan-jezikov-z-besedami","status":"publish","type":"page","link":"https:\/\/osmirna.splet.arnes.si\/?page_id=3258","title":{"rendered":"Praznujmo Evropski dan jezikov z besedami"},"content":{"rendered":"<p>Deveto\u0161olci bodo odkrivali razli\u010dne evropske jezike s pomo\u010djo projekta, v katerem bodo sodelovali z vrstniki iz Francije, Romunije, Hrva\u0161ke, Gr\u010dije, Latvije, Poljske, Norve\u0161ke, \u010ce\u0161ke, Slova\u0161ke, Litve in Italije.<\/p>\n<p>U\u010denci bodo izbrali deset besed, ki jih bodo svojim vrstnikom predstavili v pisani in zvo\u010dni podobi.<\/p>\n<p><a href=\"https:\/\/twinspace.etwinning.net\/9664\/home\">https:\/\/twinspace.etwinning.net\/9664\/home<\/a><\/p>\n<p>https:\/\/www.youtube.com\/watch?v=aCsjdqNmiVk<\/p>\n","protected":false},"excerpt":{"rendered":"<p>Deveto\u0161olci bodo odkrivali razli\u010dne evropske jezike s pomo\u010djo projekta, v katerem bodo sodelovali z vrstniki iz Francije, Romunije, Hrva\u0161ke, Gr\u010dije, Latvije, Poljske, Norve\u0161ke, \u010ce\u0161ke, Slova\u0161ke, Litve in Italije. U\u010denci bodo izbrali deset besed, ki&#46;&#46;&#46;<\/p>\n","protected":false},"author":5692,"featured_media":0,"parent":0,"menu_order":0,"comment_status":"closed","ping_status":"closed","template":"","meta":{"ngg_post_thumbnail":0,"footnotes":""},"class_list":["post-3258","page","type-page","status-publish","hentry"],"_links":{"self":[{"href":"https:\/\/osmirna.splet.arnes.si\/index.php?rest_route=\/wp\/v2\/pages\/3258","targetHints":{"allow":["GET"]}}],"collection":[{"href":"https:\/\/osmirna.splet.arnes.si\/index.php?rest_route=\/wp\/v2\/pages"}],"about":[{"href":"https:\/\/osmirna.splet.arnes.si\/index.php?rest_route=\/wp\/v2\/types\/page"}],"author":[{"embeddable":true,"href":"https:\/\/osmirna.splet.arnes.si\/index.php?rest_route=\/wp\/v2\/users\/5692"}],"replies":[{"embeddable":true,"href":"https:\/\/osmirna.splet.arnes.si\/index.php?rest_route=%2Fwp%2Fv2%2Fcomments&post=3258"}],"version-history":[{"count":2,"href":"https:\/\/osmirna.splet.arnes.si\/index.php?rest_route=\/wp\/v2\/pages\/3258\/revisions"}],"predecessor-version":[{"id":3260,"href":"https:\/\/osmirna.splet.arnes.si\/index.php?rest_route=\/wp\/v2\/pages\/3258\/revisions\/3260"}],"wp:attachment":[{"href":"https:\/\/osmirna.splet.arnes.si\/index.php?rest_route=%2Fwp%2Fv2%2Fmedia&parent=3258"}],"curies":[{"name":"wp","href":"https:\/\/api.w.org\/{rel}","templated":true}]}}