{"id":3325,"date":"2016-05-14T19:51:18","date_gmt":"2016-05-14T17:51:18","guid":{"rendered":"http:\/\/osmirna.splet.arnes.si\/?page_id=3325"},"modified":"2016-09-14T19:54:22","modified_gmt":"2016-09-14T17:54:22","slug":"dogajanje-pri-nemscini","status":"publish","type":"page","link":"https:\/\/osmirna.splet.arnes.si\/?page_id=3325","title":{"rendered":"Dogajanje pri nem\u0161\u010dini"},"content":{"rendered":"<p>Pri pouku nem\u0161\u010dine se u\u010denci radi igrajo razli\u010dne igre za utrjevanje besedi\u0161\u010da in urjenje komunikativnih spretnosti. Najbolj priljubljene so igre, ki temeljijo na gibanju (Obstsalat, Laufdiktat, Wettermasage). Zelo radi imajo tudi\u00a0 igre v krogu in namizne igre (Quartett, Nanu, Memory, Domino). \u017dogica je nepogre\u0161ljiv rekvizit pri vsaki uri pouka, saj preko nje, podobno kot pri lutki, hitreje in la\u017eje ste\u010de komunikacija v\u00a0 tujem jeziku.<\/p>\n<p>Simona Ko\u0161\u010dak<\/p>\n<p><a href=\"http:\/\/osmirna.splet.arnes.si\/files\/2016\/09\/nem1.jpg\"><img loading=\"lazy\" decoding=\"async\" class=\"aligncenter wp-image-3326 size-large\" src=\"http:\/\/osmirna.splet.arnes.si\/files\/2016\/09\/nem1-1024x683.jpg\" alt=\"nem1\" width=\"720\" height=\"480\" srcset=\"https:\/\/osmirna.splet.arnes.si\/files\/2016\/09\/nem1-1024x683.jpg 1024w, https:\/\/osmirna.splet.arnes.si\/files\/2016\/09\/nem1-300x200.jpg 300w, https:\/\/osmirna.splet.arnes.si\/files\/2016\/09\/nem1.jpg 1387w\" sizes=\"auto, (max-width: 720px) 100vw, 720px\" \/><\/a> <a href=\"http:\/\/osmirna.splet.arnes.si\/files\/2016\/09\/nem2.jpg\"><img loading=\"lazy\" decoding=\"async\" class=\"aligncenter size-large wp-image-3327\" src=\"http:\/\/osmirna.splet.arnes.si\/files\/2016\/09\/nem2-1024x683.jpg\" alt=\"nem2\" width=\"720\" height=\"480\" srcset=\"https:\/\/osmirna.splet.arnes.si\/files\/2016\/09\/nem2-1024x683.jpg 1024w, https:\/\/osmirna.splet.arnes.si\/files\/2016\/09\/nem2-300x200.jpg 300w, https:\/\/osmirna.splet.arnes.si\/files\/2016\/09\/nem2.jpg 1387w\" sizes=\"auto, (max-width: 720px) 100vw, 720px\" \/><\/a> <a href=\"http:\/\/osmirna.splet.arnes.si\/files\/2016\/09\/nem3.jpg\"><img loading=\"lazy\" decoding=\"async\" class=\"aligncenter size-large wp-image-3328\" src=\"http:\/\/osmirna.splet.arnes.si\/files\/2016\/09\/nem3-1024x683.jpg\" alt=\"nem3\" width=\"720\" height=\"480\" srcset=\"https:\/\/osmirna.splet.arnes.si\/files\/2016\/09\/nem3-1024x683.jpg 1024w, https:\/\/osmirna.splet.arnes.si\/files\/2016\/09\/nem3-300x200.jpg 300w, https:\/\/osmirna.splet.arnes.si\/files\/2016\/09\/nem3.jpg 1387w\" sizes=\"auto, (max-width: 720px) 100vw, 720px\" \/><\/a><\/p>\n","protected":false},"excerpt":{"rendered":"<p>Pri pouku nem\u0161\u010dine se u\u010denci radi igrajo razli\u010dne igre za utrjevanje besedi\u0161\u010da in urjenje komunikativnih spretnosti. Najbolj priljubljene so igre, ki temeljijo na gibanju (Obstsalat, Laufdiktat, Wettermasage). Zelo radi imajo tudi\u00a0 igre v krogu&#46;&#46;&#46;<\/p>\n","protected":false},"author":5692,"featured_media":0,"parent":0,"menu_order":0,"comment_status":"closed","ping_status":"closed","template":"","meta":{"ngg_post_thumbnail":0,"footnotes":""},"class_list":["post-3325","page","type-page","status-publish","hentry"],"_links":{"self":[{"href":"https:\/\/osmirna.splet.arnes.si\/index.php?rest_route=\/wp\/v2\/pages\/3325","targetHints":{"allow":["GET"]}}],"collection":[{"href":"https:\/\/osmirna.splet.arnes.si\/index.php?rest_route=\/wp\/v2\/pages"}],"about":[{"href":"https:\/\/osmirna.splet.arnes.si\/index.php?rest_route=\/wp\/v2\/types\/page"}],"author":[{"embeddable":true,"href":"https:\/\/osmirna.splet.arnes.si\/index.php?rest_route=\/wp\/v2\/users\/5692"}],"replies":[{"embeddable":true,"href":"https:\/\/osmirna.splet.arnes.si\/index.php?rest_route=%2Fwp%2Fv2%2Fcomments&post=3325"}],"version-history":[{"count":1,"href":"https:\/\/osmirna.splet.arnes.si\/index.php?rest_route=\/wp\/v2\/pages\/3325\/revisions"}],"predecessor-version":[{"id":3329,"href":"https:\/\/osmirna.splet.arnes.si\/index.php?rest_route=\/wp\/v2\/pages\/3325\/revisions\/3329"}],"wp:attachment":[{"href":"https:\/\/osmirna.splet.arnes.si\/index.php?rest_route=%2Fwp%2Fv2%2Fmedia&parent=3325"}],"curies":[{"name":"wp","href":"https:\/\/api.w.org\/{rel}","templated":true}]}}