{"id":3414,"date":"2016-10-06T07:32:58","date_gmt":"2016-10-06T05:32:58","guid":{"rendered":"http:\/\/osmirna.splet.arnes.si\/?page_id=3414"},"modified":"2025-02-19T22:34:26","modified_gmt":"2025-02-19T21:34:26","slug":"shema-solskega-sadja","status":"publish","type":"page","link":"https:\/\/osmirna.splet.arnes.si\/?page_id=3414","title":{"rendered":"Shema \u0161olskega sadja"},"content":{"rendered":"<p><span style=\"color: #000000\">Na\u0161a \u0161ola je vklju\u010dena v izvajanje sheme \u0161olskega sadja. To je promocijski ukrep, skupne kmetijske politike EU. Namen ne spodbuditi ve\u010djo porabo sadja in zelenjave in s tem omejiti nara\u0161\u010danje prekomerne telesne te\u017ee in debelosti pri otrocih. Debelost pove\u010duje tveganje za nastanek \u0161tevilnih bolezni sodobnega \u010dasa (bolezni srca in o\u017eilja, sladkorna bolezen, rak\u2026).<\/span><\/p>\n<p><span style=\"color: #000000\">V ta namen je EU dr\u017eavam \u010dlanicam namenila dolo\u010deno finan\u010dno pomo\u010d za brezpla\u010dno razdeljevanje sve\u017eega sadja in zelenjave u\u010dencem.<\/span><\/p>\n<div id=\"attachment_3420\" style=\"width: 1194px\" class=\"wp-caption aligncenter\"><a href=\"http:\/\/osmirna.splet.arnes.si\/files\/2016\/10\/Shema.jpg\"><img loading=\"lazy\" decoding=\"async\" aria-describedby=\"caption-attachment-3420\" class=\"wp-image-3420 size-full\" src=\"https:\/\/osmirna.splet.arnes.si\/files\/2016\/10\/Shema.jpg\" alt=\"Logotip projekta\" width=\"1184\" height=\"171\" srcset=\"https:\/\/osmirna.splet.arnes.si\/files\/2016\/10\/Shema.jpg 1184w, https:\/\/osmirna.splet.arnes.si\/files\/2016\/10\/Shema-300x43.jpg 300w, https:\/\/osmirna.splet.arnes.si\/files\/2016\/10\/Shema-1024x148.jpg 1024w\" sizes=\"auto, (max-width: 1184px) 100vw, 1184px\" \/><\/a><p id=\"caption-attachment-3420\" class=\"wp-caption-text\"><span style=\"color: #000000\">Logotip Shema \u0161olskega sadja in zelenjave<\/span><\/p><\/div>\n<p>Projekt bomo na \u0161oli izvajali od meseca septembra do junija. Ob\u010dasno bomo u\u010dencem poleg redne \u0161olske prehrane ponudili sezonsko sadje in zelenjavo. Sodelovali bomo z lokalnimi proizvajalci sadja in zelenjave in izvedli ve\u010d izobra\u017eevalnih in promocijskih dejavnosti, ki bodo potekale skozi vse \u0161olsko leto.<\/p>\n<p><span style=\"color: #000000\">Povezava na uradno spletno stran<\/span>:<span style=\"color: #0000ff\"> <a style=\"color: #0000ff\" href=\"http:\/\/www.shemasolskegasadja.si\/\">http:\/\/www.shemasolskegasadja.si\/<\/a><\/span><\/p>\n<p style=\"text-align: right\">&nbsp;<\/p>\n<p style=\"text-align: left\">&nbsp;<\/p>\n","protected":false},"excerpt":{"rendered":"<p>Na\u0161a \u0161ola je vklju\u010dena v izvajanje sheme \u0161olskega sadja. To je promocijski ukrep, skupne kmetijske politike EU. Namen ne spodbuditi ve\u010djo porabo sadja in zelenjave in s tem omejiti nara\u0161\u010danje prekomerne telesne te\u017ee in&#46;&#46;&#46;<\/p>\n","protected":false},"author":5692,"featured_media":0,"parent":0,"menu_order":0,"comment_status":"closed","ping_status":"closed","template":"","meta":{"ngg_post_thumbnail":0,"footnotes":""},"class_list":["post-3414","page","type-page","status-publish","hentry"],"_links":{"self":[{"href":"https:\/\/osmirna.splet.arnes.si\/index.php?rest_route=\/wp\/v2\/pages\/3414","targetHints":{"allow":["GET"]}}],"collection":[{"href":"https:\/\/osmirna.splet.arnes.si\/index.php?rest_route=\/wp\/v2\/pages"}],"about":[{"href":"https:\/\/osmirna.splet.arnes.si\/index.php?rest_route=\/wp\/v2\/types\/page"}],"author":[{"embeddable":true,"href":"https:\/\/osmirna.splet.arnes.si\/index.php?rest_route=\/wp\/v2\/users\/5692"}],"replies":[{"embeddable":true,"href":"https:\/\/osmirna.splet.arnes.si\/index.php?rest_route=%2Fwp%2Fv2%2Fcomments&post=3414"}],"version-history":[{"count":6,"href":"https:\/\/osmirna.splet.arnes.si\/index.php?rest_route=\/wp\/v2\/pages\/3414\/revisions"}],"predecessor-version":[{"id":31850,"href":"https:\/\/osmirna.splet.arnes.si\/index.php?rest_route=\/wp\/v2\/pages\/3414\/revisions\/31850"}],"wp:attachment":[{"href":"https:\/\/osmirna.splet.arnes.si\/index.php?rest_route=%2Fwp%2Fv2%2Fmedia&parent=3414"}],"curies":[{"name":"wp","href":"https:\/\/api.w.org\/{rel}","templated":true}]}}