{"id":419,"date":"2015-08-06T08:38:48","date_gmt":"2015-08-06T06:38:48","guid":{"rendered":"http:\/\/osmirna.splet.arnes.si\/?page_id=419"},"modified":"2022-05-05T09:09:59","modified_gmt":"2022-05-05T07:09:59","slug":"vve-deteljica","status":"publish","type":"page","link":"https:\/\/osmirna.splet.arnes.si\/?page_id=419","title":{"rendered":"VVE Deteljica"},"content":{"rendered":"<p style=\"text-align: center\">ngg_shortcode_0_placeholder<br \/>\nRavnateljica: <strong>Anica Marin\u010di\u010d<br \/>\n<\/strong>Vodja enote: <strong>Mateja Lu\u017ear<br \/>\n<\/strong><strong>TELEFONSKE \u0160TEVILKE<br \/>\n<\/strong>Vrtec nadstropje: <strong>07 34 35 164<br \/>\n<\/strong>Vrtec pritli\u010dje: <strong>07 34 35 177<\/strong><\/p>\n","protected":false},"excerpt":{"rendered":"<p>Ravnateljica: Anica Marin\u010di\u010d Vodja enote: Mateja Lu\u017ear TELEFONSKE \u0160TEVILKE Vrtec nadstropje: 07 34 35 164 Vrtec pritli\u010dje: 07 34 35 177<\/p>\n","protected":false},"author":5692,"featured_media":0,"parent":0,"menu_order":0,"comment_status":"closed","ping_status":"closed","template":"","meta":{"ngg_post_thumbnail":0,"footnotes":""},"class_list":["post-419","page","type-page","status-publish","hentry"],"_links":{"self":[{"href":"https:\/\/osmirna.splet.arnes.si\/index.php?rest_route=\/wp\/v2\/pages\/419","targetHints":{"allow":["GET"]}}],"collection":[{"href":"https:\/\/osmirna.splet.arnes.si\/index.php?rest_route=\/wp\/v2\/pages"}],"about":[{"href":"https:\/\/osmirna.splet.arnes.si\/index.php?rest_route=\/wp\/v2\/types\/page"}],"author":[{"embeddable":true,"href":"https:\/\/osmirna.splet.arnes.si\/index.php?rest_route=\/wp\/v2\/users\/5692"}],"replies":[{"embeddable":true,"href":"https:\/\/osmirna.splet.arnes.si\/index.php?rest_route=%2Fwp%2Fv2%2Fcomments&post=419"}],"version-history":[{"count":15,"href":"https:\/\/osmirna.splet.arnes.si\/index.php?rest_route=\/wp\/v2\/pages\/419\/revisions"}],"predecessor-version":[{"id":19000,"href":"https:\/\/osmirna.splet.arnes.si\/index.php?rest_route=\/wp\/v2\/pages\/419\/revisions\/19000"}],"wp:attachment":[{"href":"https:\/\/osmirna.splet.arnes.si\/index.php?rest_route=%2Fwp%2Fv2%2Fmedia&parent=419"}],"curies":[{"name":"wp","href":"https:\/\/api.w.org\/{rel}","templated":true}]}}