{"id":4717,"date":"2017-05-26T07:50:23","date_gmt":"2017-05-26T05:50:23","guid":{"rendered":"http:\/\/osmirna.splet.arnes.si\/?page_id=4717"},"modified":"2025-09-02T21:41:48","modified_gmt":"2025-09-02T19:41:48","slug":"solski-vrt","status":"publish","type":"page","link":"https:\/\/osmirna.splet.arnes.si\/?page_id=4717","title":{"rendered":"\u0160olski vrt"},"content":{"rendered":"<div id=\"attachment_8991\" style=\"width: 139px\" class=\"wp-caption aligncenter\"><a href=\"http:\/\/osmirna.splet.arnes.si\/files\/2017\/05\/shemasadja.png\"><img loading=\"lazy\" decoding=\"async\" aria-describedby=\"caption-attachment-8991\" class=\"wp-image-8991 size-full\" src=\"https:\/\/osmirna.splet.arnes.si\/files\/2017\/05\/shemasadja.png\" alt=\"Logotip projekta\" width=\"129\" height=\"77\" \/><\/a><p id=\"caption-attachment-8991\" class=\"wp-caption-text\"><span style=\"color: #000000\">Logotip Shema \u0161olskega sadja in zelenjave<\/span><\/p><\/div>\n<p><span style=\"color: #000000\">Z aprilom 2017 je Osnovna \u0161ola Mirna vklju\u010dena v<b>&nbsp;PROJEKT<\/b>&nbsp;<b>\u0160OLSKI VRT<\/b>&nbsp;&nbsp;iz EU Sheme \u0161olskega sadja in zelenjave, pod okriljem Ministrstva za kmetijstvo, gozdarstvo in prehrano.<\/span><\/p>\n<p class=\"yiv9475595299MsoNormal\"><span style=\"color: #000000\">\u0160olski vrt je sestavljen iz treh visokih gred in zeli\u0161\u010dnih korit. Lahko se pohvalimo z mlado jablano, \u010de\u0161njo in nasadom jagodi\u010devja: josto, sibirsko borovnico in aronijo ter mini kivijem. Na \u0161olskem vrtu stojita tudi kompostnik, zbiralnik za vodo in zaboj za vrtno orodje.<\/span><\/p>\n<p class=\"yiv9475595299MsoNormal\"><span style=\"color: #000000\">\u0160olski vrt je namenjen predvsem u\u010dencem prve triade, u\u010dencem oddelkov \u0161ole s prilagojenim programom in oddelkom vrtca Deteljica. \u0160olski vrt prispeva k vzgojno-izobra\u017eevalnemu procesu, saj ponuja precej mo\u017enosti za&nbsp;&nbsp;izkustveno u\u010denje sobivanja z naravo. Mentorice iz razli\u010dnih delov zavoda Osnovne \u0161ole Mirna te\u017eimo k povezovanju u\u010dencev preko dela in vsebin na \u0161olskem vrtu.&nbsp;<\/span><\/p>\n","protected":false},"excerpt":{"rendered":"<p>Z aprilom 2017 je Osnovna \u0161ola Mirna vklju\u010dena v&nbsp;PROJEKT&nbsp;\u0160OLSKI VRT&nbsp;&nbsp;iz EU Sheme \u0161olskega sadja in zelenjave, pod okriljem Ministrstva za kmetijstvo, gozdarstvo in prehrano. \u0160olski vrt je sestavljen iz treh visokih gred in zeli\u0161\u010dnih&#46;&#46;&#46;<\/p>\n","protected":false},"author":5692,"featured_media":0,"parent":0,"menu_order":0,"comment_status":"closed","ping_status":"closed","template":"","meta":{"ngg_post_thumbnail":0,"footnotes":""},"class_list":["post-4717","page","type-page","status-publish","hentry"],"_links":{"self":[{"href":"https:\/\/osmirna.splet.arnes.si\/index.php?rest_route=\/wp\/v2\/pages\/4717","targetHints":{"allow":["GET"]}}],"collection":[{"href":"https:\/\/osmirna.splet.arnes.si\/index.php?rest_route=\/wp\/v2\/pages"}],"about":[{"href":"https:\/\/osmirna.splet.arnes.si\/index.php?rest_route=\/wp\/v2\/types\/page"}],"author":[{"embeddable":true,"href":"https:\/\/osmirna.splet.arnes.si\/index.php?rest_route=\/wp\/v2\/users\/5692"}],"replies":[{"embeddable":true,"href":"https:\/\/osmirna.splet.arnes.si\/index.php?rest_route=%2Fwp%2Fv2%2Fcomments&post=4717"}],"version-history":[{"count":14,"href":"https:\/\/osmirna.splet.arnes.si\/index.php?rest_route=\/wp\/v2\/pages\/4717\/revisions"}],"predecessor-version":[{"id":33720,"href":"https:\/\/osmirna.splet.arnes.si\/index.php?rest_route=\/wp\/v2\/pages\/4717\/revisions\/33720"}],"wp:attachment":[{"href":"https:\/\/osmirna.splet.arnes.si\/index.php?rest_route=%2Fwp%2Fv2%2Fmedia&parent=4717"}],"curies":[{"name":"wp","href":"https:\/\/api.w.org\/{rel}","templated":true}]}}