{"id":5805,"date":"2017-10-12T10:04:50","date_gmt":"2017-10-12T08:04:50","guid":{"rendered":"http:\/\/osmirna.splet.arnes.si\/?page_id=5805"},"modified":"2025-02-16T07:41:18","modified_gmt":"2025-02-16T06:41:18","slug":"sio-2020","status":"publish","type":"page","link":"https:\/\/osmirna.splet.arnes.si\/?page_id=5805","title":{"rendered":"SIO 2020"},"content":{"rendered":"<p style=\"text-align: center\">Osnovna \u0161ola Mirna je vklju\u010dena v projekt SIO2020.<\/p>\n<p><a href=\"https:\/\/www.arnes.si\/sio-2020\/\">https:\/\/www.arnes.si\/sio-2020\/<\/a><\/p>\n<p>Cilj same operacije je izbolj\u0161anje kompetenc in dose\u017ekov mladih ter ve\u010dja usposobljenost izobra\u017eevalcev prek ve\u010dje uporabe sodobne IKT pri pou\u010devanju in u\u010denju. Vzgojno-izobra\u017eevalnim zavodom se sofinancira izgradnja brez\u017ei\u010dnih omre\u017eij in nakup IKT opreme, razvoj e-storitev in e-vsebin.<\/p>\n<p><a href=\"http:\/\/osmirna.splet.arnes.si\/files\/2017\/10\/logotip_EKP-2014-2020_SIO-2020.png\">Spletna stran sklada: &nbsp;<\/a><a href=\"http:\/\/www.eu-skladi.si\/\" target=\"_blank\" rel=\"noopener noreferrer\">www.eu-skladi.si<\/a><\/p>\n<p>Nalo\u017ebo sofinancirata Republika Slovenija in Evropska unija iz Evropskega sklada za regionalni razvoj.<br \/>\nVe\u010d podrobnosti o Programu nadaljnje vzpostavitve IKT infrastrukture v vzgoji in izobra\u017eevanju najdete na spletni strani&nbsp;<a href=\"http:\/\/www.arnes.si\/sio-2020\" target=\"_blank\" rel=\"noopener noreferrer\">Programa<\/a>. Dodatne informacije lahko dobite na e-po\u0161tnem naslovu&nbsp;<a href=\"m&#97;&#105;&#x6c;&#x74;&#x6f;:&#115;&#105;&#x6f;&#x2d;&#x32;02&#48;&#x40;&#x61;&#x72;ne&#115;&#46;&#x73;&#x69;\" rel=\"noreferrer\">s&#105;&#111;&#x2d;&#x32;0&#50;&#48;&#x40;&#x61;&#x72;n&#101;&#115;&#x2e;&#x73;i<\/a>&nbsp;in na telefonski \u0161tevilki (01) 479 88 55.<\/p>\n<p>&nbsp;<\/p>\n<div id=\"attachment_6625\" style=\"width: 1034px\" class=\"wp-caption aligncenter\"><a href=\"http:\/\/osmirna.splet.arnes.si\/files\/2017\/10\/logotip_EKP-2014-2020_SIO-2020.png\"><img loading=\"lazy\" decoding=\"async\" aria-describedby=\"caption-attachment-6625\" class=\"wp-image-6625 size-large\" src=\"https:\/\/osmirna.splet.arnes.si\/files\/2017\/10\/logotip_EKP-2014-2020_SIO-2020-1024x104.png\" alt=\"\" width=\"1024\" height=\"104\" srcset=\"https:\/\/osmirna.splet.arnes.si\/files\/2017\/10\/logotip_EKP-2014-2020_SIO-2020-1024x104.png 1024w, https:\/\/osmirna.splet.arnes.si\/files\/2017\/10\/logotip_EKP-2014-2020_SIO-2020-300x30.png 300w, https:\/\/osmirna.splet.arnes.si\/files\/2017\/10\/logotip_EKP-2014-2020_SIO-2020-768x78.png 768w, https:\/\/osmirna.splet.arnes.si\/files\/2017\/10\/logotip_EKP-2014-2020_SIO-2020.png 1355w\" sizes=\"auto, (max-width: 1024px) 100vw, 1024px\" \/><\/a><p id=\"caption-attachment-6625\" class=\"wp-caption-text\">Logotipi: SIO2020, arnes, RS Ministrstvo za izobra\u017eevanje in EU evropski sklad za regionalni razvoj<\/p><\/div>\n","protected":false},"excerpt":{"rendered":"<p>Osnovna \u0161ola Mirna je vklju\u010dena v projekt SIO2020. https:\/\/www.arnes.si\/sio-2020\/ Cilj same operacije je izbolj\u0161anje kompetenc in dose\u017ekov mladih ter ve\u010dja usposobljenost izobra\u017eevalcev prek ve\u010dje uporabe sodobne IKT pri pou\u010devanju in u\u010denju. Vzgojno-izobra\u017eevalnim zavodom se&#46;&#46;&#46;<\/p>\n","protected":false},"author":5692,"featured_media":0,"parent":0,"menu_order":0,"comment_status":"closed","ping_status":"closed","template":"","meta":{"ngg_post_thumbnail":0,"footnotes":""},"class_list":["post-5805","page","type-page","status-publish","hentry"],"_links":{"self":[{"href":"https:\/\/osmirna.splet.arnes.si\/index.php?rest_route=\/wp\/v2\/pages\/5805","targetHints":{"allow":["GET"]}}],"collection":[{"href":"https:\/\/osmirna.splet.arnes.si\/index.php?rest_route=\/wp\/v2\/pages"}],"about":[{"href":"https:\/\/osmirna.splet.arnes.si\/index.php?rest_route=\/wp\/v2\/types\/page"}],"author":[{"embeddable":true,"href":"https:\/\/osmirna.splet.arnes.si\/index.php?rest_route=\/wp\/v2\/users\/5692"}],"replies":[{"embeddable":true,"href":"https:\/\/osmirna.splet.arnes.si\/index.php?rest_route=%2Fwp%2Fv2%2Fcomments&post=5805"}],"version-history":[{"count":5,"href":"https:\/\/osmirna.splet.arnes.si\/index.php?rest_route=\/wp\/v2\/pages\/5805\/revisions"}],"predecessor-version":[{"id":31720,"href":"https:\/\/osmirna.splet.arnes.si\/index.php?rest_route=\/wp\/v2\/pages\/5805\/revisions\/31720"}],"wp:attachment":[{"href":"https:\/\/osmirna.splet.arnes.si\/index.php?rest_route=%2Fwp%2Fv2%2Fmedia&parent=5805"}],"curies":[{"name":"wp","href":"https:\/\/api.w.org\/{rel}","templated":true}]}}