{"id":60,"date":"2015-07-22T21:24:29","date_gmt":"2015-07-22T19:24:29","guid":{"rendered":"http:\/\/osmirna.splet.arnes.si\/?page_id=60"},"modified":"2025-02-19T20:19:28","modified_gmt":"2025-02-19T19:19:28","slug":"o-soli","status":"publish","type":"page","link":"https:\/\/osmirna.splet.arnes.si\/?page_id=60","title":{"rendered":"Osnovni podatki"},"content":{"rendered":"<div id=\"attachment_5\" style=\"width: 156px\" class=\"wp-caption alignleft\"><a href=\"https:\/\/osmirna.splet.arnes.si\/files\/2015\/07\/Logo.jpg\"><img loading=\"lazy\" decoding=\"async\" aria-describedby=\"caption-attachment-5\" class=\"wp-image-5\" src=\"https:\/\/osmirna.splet.arnes.si\/files\/2015\/07\/Logo.jpg\" alt=\"O\u0160 Mirna - logotip\" width=\"146\" height=\"83\" srcset=\"https:\/\/osmirna.splet.arnes.si\/files\/2015\/07\/Logo.jpg 314w, https:\/\/osmirna.splet.arnes.si\/files\/2015\/07\/Logo-300x170.jpg 300w\" sizes=\"auto, (max-width: 146px) 100vw, 146px\" \/><\/a><p id=\"caption-attachment-5\" class=\"wp-caption-text\"><span style=\"color: #000000\">Logotip O\u0160 Mirna<\/span><\/p><\/div>\n<p>&nbsp;<\/p>\n<p>&nbsp;<\/p>\n<p>&nbsp;<\/p>\n<p style=\"text-align: left\"><strong><br \/>\n<span style=\"color: #000000\">Osnovna \u0161ola Mirna<\/span><\/strong><br \/>\n<span style=\"color: #000000\"><strong>Cesta na Fu\u017eine 1<\/strong><\/span><br \/>\n<span style=\"color: #000000\"><strong>8233 Mirna<br \/>\n<\/strong><\/span><\/p>\n<p>&nbsp;<\/p>\n<table>\n<tbody>\n<tr>\n<td><span style=\"color: #000000\"><strong>Ravnateljica:<\/strong><\/span><\/td>\n<td><span style=\"color: #000000\">Anica Marin\u010di\u010d<\/span><\/td>\n<\/tr>\n<tr>\n<td><span style=\"color: #000000\"><strong>Poslovna sekretarka: <\/strong><\/span><\/td>\n<td><span style=\"color: #000000\">Vesna Sev\u0161ek<\/span><\/td>\n<\/tr>\n<tr>\n<td><span style=\"color: #000000\"><strong>Ra\u010dunovodkinja:<\/strong><\/span><\/td>\n<td><span style=\"color: #000000\">Alenka Kozolc<\/span><\/td>\n<\/tr>\n<tr>\n<td><span style=\"color: #000000\"><strong>E-<\/strong><strong>po\u0161ta<\/strong>:<\/span><\/td>\n<td><span style=\"color: #000000\"><a style=\"color: #000000\" href=\"&#x6d;&#97;i&#x6c;&#116;o&#x3a;&#111;-&#x6d;&#105;r&#x6e;&#97;&#46;&#x6e;&#x6d;&#64;&#x67;&#x75;&#101;&#x73;&#x74;&#46;&#x61;&#x72;&#110;e&#x73;&#46;s&#x69;\">&#x69;&#110;f&#x6f;&#x40;&#111;s&#x2d;&#109;i&#x72;&#x6e;&#97;&#46;&#x73;&#105;<\/a><\/span><\/td>\n<\/tr>\n<tr>\n<td><span style=\"color: #000000\"><strong>Telefon<\/strong>:<\/span><\/td>\n<td><span style=\"color: #000000\">07 34 35 160<\/span><\/td>\n<\/tr>\n<tr>\n<td><span style=\"color: #000000\"><strong>Fax<\/strong>:<\/span><\/td>\n<td><span style=\"color: #000000\">07 34 35 170<\/span><\/td>\n<\/tr>\n<tr>\n<td><span style=\"color: #000000\"><strong>Mati\u010dna \u0161tevilka<\/strong><\/span><\/td>\n<td><span style=\"color: #000000\">5090083000<\/span><\/td>\n<\/tr>\n<tr>\n<td><span style=\"color: #000000\"><strong>Podra\u010dun pri UJP Novo mesto \u0161t.:<\/strong><\/span><\/td>\n<td><span style=\"color: #000000\">011006000040084<\/span><\/td>\n<\/tr>\n<tr>\n<td><span style=\"color: #000000\"><strong>Dav\u010dna \u0161tevilka<\/strong>:<\/span><\/td>\n<td><span style=\"color: #000000\">SI 49417398<\/span><\/td>\n<\/tr>\n<\/tbody>\n<\/table>\n<h1><span style=\"color: #000000\">Enote<\/span><\/h1>\n<h2><span style=\"color: #000000\"><strong>O\u0160PP<\/strong><\/span><\/h2>\n<p><span style=\"color: #000000\">Pedago\u0161ka vodja O\u0160PP: Katarina \u0160inkovec<\/span><br \/>\n<span style=\"color: #000000\">Telefon: 07 34 35 174<\/span><\/p>\n<h2><span style=\"color: #000000\"><strong>Vrtec Deteljica<\/strong><\/span><\/h2>\n<p><span style=\"color: #000000\">Pedago\u0161ka vodja vrtca \u2013 pomo\u010dnica ravnateljice za vrtec: Mateja Lu\u017ear<\/span><br \/>\n<span style=\"color: #000000\">Telefon: 07 34 35 164<\/span><br \/>\n<span style=\"color: #000000\">E-po\u0161ta: <a style=\"color: #000000\" href=\"&#x6d;&#97;i&#x6c;&#116;o&#x3a;&#118;r&#x74;&#101;c&#x40;&#111;s&#x2d;&#109;i&#x72;&#110;a&#x2e;&#115;i\">&#118;&#x72;&#x74;e&#99;&#x40;o&#115;&#x2d;&#x6d;i&#114;&#x6e;a&#46;&#x73;&#x69;<\/a><\/span><\/p>\n<p>&nbsp;<\/p>\n","protected":false},"excerpt":{"rendered":"<p>&nbsp; &nbsp; &nbsp; Osnovna \u0161ola Mirna Cesta na Fu\u017eine 1 8233 Mirna &nbsp; Ravnateljica: Anica Marin\u010di\u010d Poslovna sekretarka: Vesna Sev\u0161ek Ra\u010dunovodkinja: Alenka Kozolc E-po\u0161ta: &#x69;n&#x66;o&#x40;&#111;&#x73;&#45;m&#x69;r&#x6e;&#97;&#x2e;&#115;&#x69; Telefon: 07 34 35 160 Fax: 07 34 35&#46;&#46;&#46;<\/p>\n","protected":false},"author":5692,"featured_media":0,"parent":0,"menu_order":0,"comment_status":"open","ping_status":"open","template":"","meta":{"ngg_post_thumbnail":0,"footnotes":""},"class_list":["post-60","page","type-page","status-publish","hentry"],"_links":{"self":[{"href":"https:\/\/osmirna.splet.arnes.si\/index.php?rest_route=\/wp\/v2\/pages\/60","targetHints":{"allow":["GET"]}}],"collection":[{"href":"https:\/\/osmirna.splet.arnes.si\/index.php?rest_route=\/wp\/v2\/pages"}],"about":[{"href":"https:\/\/osmirna.splet.arnes.si\/index.php?rest_route=\/wp\/v2\/types\/page"}],"author":[{"embeddable":true,"href":"https:\/\/osmirna.splet.arnes.si\/index.php?rest_route=\/wp\/v2\/users\/5692"}],"replies":[{"embeddable":true,"href":"https:\/\/osmirna.splet.arnes.si\/index.php?rest_route=%2Fwp%2Fv2%2Fcomments&post=60"}],"version-history":[{"count":15,"href":"https:\/\/osmirna.splet.arnes.si\/index.php?rest_route=\/wp\/v2\/pages\/60\/revisions"}],"predecessor-version":[{"id":31777,"href":"https:\/\/osmirna.splet.arnes.si\/index.php?rest_route=\/wp\/v2\/pages\/60\/revisions\/31777"}],"wp:attachment":[{"href":"https:\/\/osmirna.splet.arnes.si\/index.php?rest_route=%2Fwp%2Fv2%2Fmedia&parent=60"}],"curies":[{"name":"wp","href":"https:\/\/api.w.org\/{rel}","templated":true}]}}