{"id":85,"date":"2015-07-31T09:03:54","date_gmt":"2015-07-31T07:03:54","guid":{"rendered":"http:\/\/osmirna.splet.arnes.si\/?page_id=85"},"modified":"2025-02-19T20:48:21","modified_gmt":"2025-02-19T19:48:21","slug":"solska-skupnost","status":"publish","type":"page","link":"https:\/\/osmirna.splet.arnes.si\/?page_id=85","title":{"rendered":"\u0160olska skupnost"},"content":{"rendered":"<p><span style=\"color: #000000\"><strong>PROGRAM DELA \u0160OLSKE SKUPNOSTI&nbsp;<\/strong><\/span><\/p>\n<p><span style=\"color: #000000\">Pomen in naloge \u0161olske skupnosti:<\/span><\/p>\n<p><span style=\"color: #000000\">&#8211; soustvarjanje pozitivne klime na \u0161oli in skrb za dobre odnose;<\/span><\/p>\n<p><span style=\"color: #000000\">&#8211; soustvarjanje kulturnega utripa na \u0161oli;<\/span><\/p>\n<p><span style=\"color: #000000\">&#8211; dajanje pobud za razli\u010dne akcije in aktivnosti (dobrodelnost, ekologija \u2026).<\/span><\/p>\n<p><span style=\"color: #000000\">Sre\u010devali se bomo po potrebi, najmanj trikrat v \u0161olskem letu.<\/span><\/p>\n<p><span style=\"color: #000000\">V tem \u0161olskem letu bomo:<\/span><\/p>\n<p><span style=\"color: #000000\">&#8211; pripravili sprejem prvo\u0161olcev v \u0161olsko skupnost;<\/span><\/p>\n<p><span style=\"color: #000000\">&#8211; v mesecu septembru sodelovali na dobrodelnem teku;<\/span><\/p>\n<p><span style=\"color: #000000\">&#8211; pripravili popestritev za Teden otroka;<\/span><\/p>\n<p><span style=\"color: #000000\">&#8211; pripravili filmski ve\u010der za u\u010dence od 6. do 9. razreda;<\/span><\/p>\n<p><span style=\"color: #000000\">&#8211; v decembru izvedli bo\u017ei\u010dno-novoletno po\u0161to;<\/span><\/p>\n<p><span style=\"color: #000000\">&#8211; sodelovali na Miklav\u017eevem sejmu;<\/span><\/p>\n<p><span style=\"color: #000000\">&#8211; izvedli dve zbiralni akciji Papir za papir (v mesecu oktobru in mesecu maju),<\/span><\/p>\n<p><span style=\"color: #000000\">&#8211; sodelovali pri dobrodelnih zbiralnih akcijah (sodelovanje pri akciji Karitasa Pokloni zvezek);<\/span><\/p>\n<p><span style=\"color: #000000\">&#8211; izvedli aktivnosti v okviru \u0161olskega otro\u0161kega parlamenta.<\/span><\/p>\n<p><span style=\"color: #000000\">&nbsp;&nbsp;&nbsp;&nbsp;&nbsp;&nbsp;&nbsp;&nbsp;&nbsp;&nbsp;&nbsp;&nbsp;&nbsp;&nbsp;&nbsp;&nbsp; &nbsp;&nbsp;&nbsp;&nbsp;&nbsp;&nbsp;&nbsp;&nbsp;&nbsp;&nbsp;&nbsp;&nbsp;&nbsp;&nbsp;&nbsp;&nbsp;&nbsp;&nbsp;&nbsp;&nbsp;&nbsp;&nbsp;&nbsp;&nbsp;&nbsp;&nbsp;&nbsp;&nbsp;&nbsp;&nbsp;&nbsp;&nbsp;&nbsp;&nbsp;&nbsp;&nbsp;&nbsp;&nbsp;&nbsp;&nbsp;&nbsp;&nbsp;&nbsp;&nbsp;&nbsp;&nbsp;&nbsp;&nbsp;&nbsp;&nbsp;&nbsp;&nbsp;&nbsp;&nbsp;&nbsp;&nbsp;&nbsp;&nbsp;&nbsp;&nbsp;&nbsp;&nbsp;&nbsp;&nbsp;&nbsp;&nbsp;<\/span><\/p>\n<p><span style=\"color: #000000\">&nbsp; &nbsp; &nbsp; &nbsp; &nbsp; &nbsp; &nbsp; &nbsp; &nbsp; &nbsp; &nbsp; &nbsp; &nbsp; &nbsp; &nbsp; &nbsp; &nbsp; &nbsp; &nbsp; &nbsp; &nbsp; &nbsp; &nbsp; &nbsp; &nbsp; &nbsp; &nbsp; &nbsp; &nbsp; &nbsp; &nbsp; &nbsp; &nbsp; &nbsp; &nbsp; &nbsp; &nbsp; &nbsp; &nbsp; &nbsp; &nbsp; &nbsp; &nbsp; &nbsp; &nbsp; &nbsp; &nbsp; &nbsp; Mentorica \u0161olske skupnosti<\/span><\/p>\n<p><span style=\"color: #000000\">&nbsp; &nbsp; &nbsp; &nbsp; &nbsp; &nbsp; &nbsp; &nbsp; &nbsp; &nbsp; &nbsp; &nbsp; &nbsp; &nbsp; &nbsp; &nbsp; &nbsp; &nbsp; &nbsp; &nbsp; &nbsp; &nbsp; &nbsp; &nbsp; &nbsp; &nbsp; &nbsp; &nbsp; &nbsp; &nbsp; &nbsp; &nbsp; &nbsp; &nbsp; &nbsp; &nbsp; &nbsp; &nbsp; &nbsp; &nbsp; &nbsp; &nbsp; &nbsp; &nbsp; &nbsp; &nbsp; &nbsp; &nbsp; &nbsp; &nbsp; &nbsp; &nbsp; &nbsp; &nbsp;Petra Vidmar<\/span>&nbsp; &nbsp; &nbsp; &nbsp; &nbsp; &nbsp;&nbsp;<\/p>\n<p style=\"text-align: right\">&nbsp;<\/p>\n<p><span style=\"color: #0000ff\"><a style=\"color: #0000ff\" href=\"https:\/\/osmirna.splet.arnes.si\/files\/2023\/02\/Zapisnik-solskega-otroskega-parlamenta-2023.pdf\">Zapisnik \u0161olskega otro\u0161kega parlamenta 2023<\/a><\/span><\/p>\n<p><span style=\"color: #0000ff\"><a style=\"color: #0000ff\" href=\"https:\/\/osmirna.splet.arnes.si\/files\/2022\/10\/Zapisnik-1.-sestanka-solske-skupnosti-2022-23.pdf\">Zapisnik 1. sestanka \u0161olske skupnosti 2022-23<\/a><\/span><\/p>\n<p><span style=\"color: #0000ff\"><a style=\"color: #0000ff\" href=\"https:\/\/osmirna.splet.arnes.si\/files\/2022\/02\/Solski-otroski-parlament-2022.pdf\">\u0160olski otro\u0161ki parlament 2022<\/a><\/span><\/p>\n<p><span style=\"color: #0000ff\"><a style=\"color: #0000ff\" href=\"https:\/\/osmirna.splet.arnes.si\/files\/2021\/12\/Bo\u017ei\u010dno-novoletna-po\u0161ta-2021.pdf\">Bo\u017ei\u010dno &#8211; novoletna po\u0161ta 2021<\/a><\/span><\/p>\n<p><span style=\"color: #0000ff\"><a style=\"color: #0000ff\" href=\"http:\/\/osmirna.splet.arnes.si\/files\/2015\/07\/Otro\u0161ki-parlamet-2020.pdf\">Otro\u0161ki parlamet 2020<\/a><\/span><\/p>\n<p><span style=\"color: #0000ff\"><a style=\"color: #0000ff\" href=\"http:\/\/osmirna.splet.arnes.si\/files\/2015\/07\/BO\u017dI\u010cNO-NOVOLETNA-PO\u0160TA.pdf\">BO\u017dI\u010cNO-NOVOLETNA PO\u0160TA<\/a><\/span><\/p>\n<p><span style=\"color: #0000ff\"><a style=\"color: #0000ff\" href=\"http:\/\/osmirna.splet.arnes.si\/files\/2015\/07\/Otro\u0161ki-parlament-2018-19.pdf\">Otro\u0161ki parlament 2018-19<\/a><\/span><\/p>\n<p><span style=\"color: #0000ff\"><a style=\"color: #0000ff\" href=\"http:\/\/osmirna.splet.arnes.si\/files\/2015\/07\/\u0160OLSKI-OTRO\u0160KI-PARLAMENT-2017_18.pdf\">\u0160OLSKI OTRO\u0160KI PARLAMENT 2017_18<\/a><\/span><\/p>\n<p style=\"text-align: left\" align=\"center\"><span style=\"color: #0000ff\"><a style=\"color: #0000ff\" href=\"http:\/\/osmirna.splet.arnes.si\/files\/2015\/09\/Otro\u0161ki-parlament-2016-2-1.pdf\">Otro\u0161ki parlament 2016<\/a><\/span><\/p>\n","protected":false},"excerpt":{"rendered":"<p>PROGRAM DELA \u0160OLSKE SKUPNOSTI&nbsp; Pomen in naloge \u0161olske skupnosti: &#8211; soustvarjanje pozitivne klime na \u0161oli in skrb za dobre odnose; &#8211; soustvarjanje kulturnega utripa na \u0161oli; &#8211; dajanje pobud za razli\u010dne akcije in aktivnosti&#46;&#46;&#46;<\/p>\n","protected":false},"author":5692,"featured_media":0,"parent":0,"menu_order":0,"comment_status":"open","ping_status":"open","template":"","meta":{"ngg_post_thumbnail":0,"footnotes":""},"class_list":["post-85","page","type-page","status-publish","hentry"],"_links":{"self":[{"href":"https:\/\/osmirna.splet.arnes.si\/index.php?rest_route=\/wp\/v2\/pages\/85","targetHints":{"allow":["GET"]}}],"collection":[{"href":"https:\/\/osmirna.splet.arnes.si\/index.php?rest_route=\/wp\/v2\/pages"}],"about":[{"href":"https:\/\/osmirna.splet.arnes.si\/index.php?rest_route=\/wp\/v2\/types\/page"}],"author":[{"embeddable":true,"href":"https:\/\/osmirna.splet.arnes.si\/index.php?rest_route=\/wp\/v2\/users\/5692"}],"replies":[{"embeddable":true,"href":"https:\/\/osmirna.splet.arnes.si\/index.php?rest_route=%2Fwp%2Fv2%2Fcomments&post=85"}],"version-history":[{"count":15,"href":"https:\/\/osmirna.splet.arnes.si\/index.php?rest_route=\/wp\/v2\/pages\/85\/revisions"}],"predecessor-version":[{"id":31796,"href":"https:\/\/osmirna.splet.arnes.si\/index.php?rest_route=\/wp\/v2\/pages\/85\/revisions\/31796"}],"wp:attachment":[{"href":"https:\/\/osmirna.splet.arnes.si\/index.php?rest_route=%2Fwp%2Fv2%2Fmedia&parent=85"}],"curies":[{"name":"wp","href":"https:\/\/api.w.org\/{rel}","templated":true}]}}