{"id":8891,"date":"2018-10-08T07:55:43","date_gmt":"2018-10-08T05:55:43","guid":{"rendered":"http:\/\/osmirna.splet.arnes.si\/?page_id=8891"},"modified":"2025-03-02T18:11:36","modified_gmt":"2025-03-02T17:11:36","slug":"vrtec-projekt","status":"publish","type":"page","link":"https:\/\/osmirna.splet.arnes.si\/?page_id=8891","title":{"rendered":"Vrtec &#8211; Gozdni vrtec"},"content":{"rendered":"<p style=\"text-align: center\"><span style=\"color: #000000\"><strong>Mre\u017ea gozdnih vrtcev in \u0161ol \u2013 povezovanje otrok z naravo<\/strong><\/span><\/p>\n<div id=\"attachment_26742\" style=\"width: 432px\" class=\"wp-caption aligncenter\"><a href=\"https:\/\/osmirna.splet.arnes.si\/files\/2024\/02\/GozdniVrtec24.png\"><img loading=\"lazy\" decoding=\"async\" aria-describedby=\"caption-attachment-26742\" class=\"wp-image-26742\" src=\"https:\/\/osmirna.splet.arnes.si\/files\/2024\/02\/GozdniVrtec24.png\" alt=\"Logotip gozdni vrtec\" width=\"422\" height=\"112\" srcset=\"https:\/\/osmirna.splet.arnes.si\/files\/2024\/02\/GozdniVrtec24.png 928w, https:\/\/osmirna.splet.arnes.si\/files\/2024\/02\/GozdniVrtec24-300x80.png 300w, https:\/\/osmirna.splet.arnes.si\/files\/2024\/02\/GozdniVrtec24-768x204.png 768w\" sizes=\"auto, (max-width: 422px) 100vw, 422px\" \/><\/a><p id=\"caption-attachment-26742\" class=\"wp-caption-text\"><span style=\"color: #000000\">Logotip &#8211; Mre\u017ea gozdnih vrtcev in \u0161ol<\/span><\/p><\/div>\n<p><span style=\"color: #000000\">Slovenijo pokriva kar <strong>60 % gozda<\/strong>, kar predstavlja izjemno naravno bogastvo in zdravo \u017eivljenjsko okolje. Poleg \u0161tevilnih ekolo\u0161kih in dru\u017ebenih funkcij postaja gozd v zadnjih letih tudi <strong>pomemben u\u010dni prostor<\/strong> za vrtce in \u0161ole. Izobra\u017eevalne ustanove, ki redno izvajajo vzgojno-izobra\u017eevalni proces v naravi, opa\u017eajo bolj\u0161i <strong>napredek pri u\u010denju, celostni razvoj otrok<\/strong> ter ve\u010djo <strong>motivacijo in ustvarjalnost pedago\u0161kih delavcev<\/strong>.<\/span><\/p>\n<p><span style=\"color: #000000\">Od leta <strong>2012<\/strong> se slovenski vrtci in \u0161ole, ki v svoje programe vklju\u010dujejo <strong>gozdno pedagogiko<\/strong>, povezujejo v <strong>Mre\u017eo gozdnih vrtcev in \u0161ol Slovenije<\/strong>, ki jo vodi <strong>In\u0161titut za gozdno pedagogiko<\/strong>. Danes je v mre\u017eo vklju\u010denih \u017ee <strong>120 vzgojno-izobra\u017eevalnih ustanov<\/strong> iz Slovenije in zamejstva, s \u010dimer postaja Slovenija primer <strong>dobre prakse v \u0161ir\u0161em evropskem prostoru<\/strong>.<\/span><\/p>\n<p><span style=\"color: #000000\">V <strong>vrt\u010devskem letu 2024\/2025<\/strong> so v projekt vklju\u010dene <strong>skupini obeh starostnih obdobij<\/strong>, ki skozi igro in raziskovanje <strong>spoznavajo naravo, razvijajo spo\u0161tljiv odnos do okolja ter do\u017eivljajo gozd z vsemi \u010dutili<\/strong>. Otroci obiskujejo gozd v vseh letnih \u010dasih ali si njegove elemente prinesejo v igralnico, raziskujejo travnik ter razvijajo inovativnost in kreativnost. Skupaj s star\u0161i urejajo <strong>gozdni koti\u010dek<\/strong>, dejavnosti pa so smiselno povezane s <strong>kurikularnimi vsebinami<\/strong>.<\/span><\/p>\n<p><span style=\"color: #000000\"><strong>Cilji Mre\u017ee gozdnih vrtcev in \u0161ol:<\/strong><\/span><\/p>\n<p><span style=\"color: #000000\">\ud83c\udf3f Razvoj koncepta <strong>gozdne pedagogike<\/strong> in pedago\u0161kega dela v gozdu.<\/span><br \/>\n<span style=\"color: #000000\">\ud83c\udf3f Vzpostavitev <strong>standardov pou\u010devanja v naravnih okoljih<\/strong>.<\/span><br \/>\n<span style=\"color: #000000\">\ud83c\udf3f Spodbujanje <strong>ustvarjalnosti, radovednosti in inovativnosti<\/strong> v u\u010dnem procesu.<\/span><br \/>\n<span style=\"color: #000000\">\ud83c\udf3f Prenos <strong>znanja in izku\u0161enj<\/strong> med vrtci, \u0161olami, dru\u017einami in \u0161ir\u0161o skupnostjo.<\/span><br \/>\n<span style=\"color: #000000\">\ud83c\udf3f Spodbujanje sprememb v <strong>vzgojno-izobra\u017eevalnem sistemu<\/strong>.<\/span><\/p>\n<p><span style=\"color: #000000\">Z vklju\u010devanjem narave v izobra\u017eevalni proces otroci pridobivajo neprecenljive izku\u0161nje, razvijajo spo\u0161tljiv odnos do okolja in krepijo svojo <strong>radovednost ter ustvarjalnost<\/strong>. Gozd kot u\u010dilnica ponuja neomejene mo\u017enosti za razvoj in u\u010denje \u2013 <strong>za dana\u0161nje otroke in prihodnje generacije<\/strong>.<\/span><\/p>\n<p>&nbsp;<\/p>\n<p>&nbsp;<\/p>\n","protected":false},"excerpt":{"rendered":"<p>Mre\u017ea gozdnih vrtcev in \u0161ol \u2013 povezovanje otrok z naravo Slovenijo pokriva kar 60 % gozda, kar predstavlja izjemno naravno bogastvo in zdravo \u017eivljenjsko okolje. Poleg \u0161tevilnih ekolo\u0161kih in dru\u017ebenih funkcij postaja gozd v&#46;&#46;&#46;<\/p>\n","protected":false},"author":5692,"featured_media":0,"parent":0,"menu_order":0,"comment_status":"closed","ping_status":"closed","template":"","meta":{"ngg_post_thumbnail":0,"footnotes":""},"class_list":["post-8891","page","type-page","status-publish","hentry"],"_links":{"self":[{"href":"https:\/\/osmirna.splet.arnes.si\/index.php?rest_route=\/wp\/v2\/pages\/8891","targetHints":{"allow":["GET"]}}],"collection":[{"href":"https:\/\/osmirna.splet.arnes.si\/index.php?rest_route=\/wp\/v2\/pages"}],"about":[{"href":"https:\/\/osmirna.splet.arnes.si\/index.php?rest_route=\/wp\/v2\/types\/page"}],"author":[{"embeddable":true,"href":"https:\/\/osmirna.splet.arnes.si\/index.php?rest_route=\/wp\/v2\/users\/5692"}],"replies":[{"embeddable":true,"href":"https:\/\/osmirna.splet.arnes.si\/index.php?rest_route=%2Fwp%2Fv2%2Fcomments&post=8891"}],"version-history":[{"count":12,"href":"https:\/\/osmirna.splet.arnes.si\/index.php?rest_route=\/wp\/v2\/pages\/8891\/revisions"}],"predecessor-version":[{"id":31985,"href":"https:\/\/osmirna.splet.arnes.si\/index.php?rest_route=\/wp\/v2\/pages\/8891\/revisions\/31985"}],"wp:attachment":[{"href":"https:\/\/osmirna.splet.arnes.si\/index.php?rest_route=%2Fwp%2Fv2%2Fmedia&parent=8891"}],"curies":[{"name":"wp","href":"https:\/\/api.w.org\/{rel}","templated":true}]}}